{"id":4418,"date":"2020-12-26T11:18:36","date_gmt":"2020-12-26T08:18:36","guid":{"rendered":"https:\/\/filmeks.com.tr\/?page_id=4418"},"modified":"2021-01-18T00:13:12","modified_gmt":"2021-01-17T21:13:12","slug":"rella-gida","status":"publish","type":"page","link":"https:\/\/filmeks.com.tr\/en\/projelerimiz\/tanitim-filmi\/kurumsal-tanitim-filmi\/rella-gida\/","title":{"rendered":"Rella G\u0131da"},"content":{"rendered":"<div data-elementor-type=\"wp-page\" data-elementor-id=\"4418\" class=\"elementor elementor-4418\">\n\t\t\t\t\t\t<section class=\"elementor-section elementor-top-section elementor-element elementor-element-252bc0ef elementor-section-stretched elementor-section-full_width elementor-section-height-default elementor-section-height-default\" data-id=\"252bc0ef\" data-element_type=\"section\" data-e-type=\"section\" data-settings=\"{&quot;stretch_section&quot;:&quot;section-stretched&quot;}\">\n\t\t\t\t\t\t<div class=\"elementor-container elementor-column-gap-default\">\n\t\t\t\t\t<div class=\"elementor-column elementor-col-100 elementor-top-column elementor-element elementor-element-7cc7fca1\" data-id=\"7cc7fca1\" data-element_type=\"column\" data-e-type=\"column\">\n\t\t\t<div class=\"elementor-widget-wrap elementor-element-populated\">\n\t\t\t\t\t\t<div class=\"elementor-element elementor-element-3059546 elementor-widget elementor-widget-video\" data-id=\"3059546\" data-element_type=\"widget\" data-e-type=\"widget\" data-settings=\"{&quot;youtube_url&quot;:&quot;https:\\\/\\\/www.youtube.com\\\/watch?v=QrPFyeSpxxQ&quot;,&quot;show_image_overlay&quot;:&quot;yes&quot;,&quot;image_overlay&quot;:{&quot;url&quot;:&quot;http:\\\/\\\/o4a.75a.myftpupload.com\\\/wp-content\\\/uploads\\\/2020\\\/12\\\/rella-gida.jpg&quot;,&quot;id&quot;:4421,&quot;size&quot;:&quot;&quot;},&quot;lightbox&quot;:&quot;yes&quot;,&quot;video_type&quot;:&quot;youtube&quot;,&quot;controls&quot;:&quot;yes&quot;}\" data-widget_type=\"video.default\">\n\t\t\t\t\t\t\t<div class=\"elementor-wrapper elementor-open-lightbox\">\n\t\t\t\t\t\t\t<div class=\"elementor-custom-embed-image-overlay\" data-elementor-open-lightbox=\"yes\" data-elementor-lightbox=\"{&quot;type&quot;:&quot;video&quot;,&quot;videoType&quot;:&quot;youtube&quot;,&quot;url&quot;:&quot;https:\\\/\\\/www.youtube.com\\\/embed\\\/QrPFyeSpxxQ?feature=oembed&amp;start&amp;end&amp;wmode=opaque&amp;loop=0&amp;controls=1&amp;mute=0&amp;rel=0&amp;cc_load_policy=0&quot;,&quot;autoplay&quot;:&quot;&quot;,&quot;modalOptions&quot;:{&quot;id&quot;:&quot;elementor-lightbox-3059546&quot;,&quot;entranceAnimation&quot;:&quot;&quot;,&quot;entranceAnimation_tablet&quot;:&quot;&quot;,&quot;entranceAnimation_mobile&quot;:&quot;&quot;,&quot;videoAspectRatio&quot;:&quot;169&quot;}}\" data-e-action-hash=\"#elementor-action%3Aaction%3Dlightbox%26settings%3DeyJ0eXBlIjoidmlkZW8iLCJ2aWRlb1R5cGUiOiJ5b3V0dWJlIiwidXJsIjoiaHR0cHM6XC9cL3d3dy55b3V0dWJlLmNvbVwvZW1iZWRcL1FyUEZ5ZVNweHhRP2ZlYXR1cmU9b2VtYmVkJnN0YXJ0JmVuZCZ3bW9kZT1vcGFxdWUmbG9vcD0wJmNvbnRyb2xzPTEmbXV0ZT0wJnJlbD0wJmNjX2xvYWRfcG9saWN5PTAiLCJhdXRvcGxheSI6IiIsIm1vZGFsT3B0aW9ucyI6eyJpZCI6ImVsZW1lbnRvci1saWdodGJveC0zMDU5NTQ2IiwiZW50cmFuY2VBbmltYXRpb24iOiIiLCJlbnRyYW5jZUFuaW1hdGlvbl90YWJsZXQiOiIiLCJlbnRyYW5jZUFuaW1hdGlvbl9tb2JpbGUiOiIiLCJ2aWRlb0FzcGVjdFJhdGlvIjoiMTY5In19\">\n\t\t\t\t\t\t\t\t\t\t\t<img fetchpriority=\"high\" decoding=\"async\" width=\"1160\" height=\"454\" src=\"https:\/\/filmeks.com.tr\/wp-content\/uploads\/2020\/12\/rella-gida.jpg\" class=\"attachment-full size-full wp-image-4421\" alt=\"\" srcset=\"https:\/\/filmeks.com.tr\/wp-content\/uploads\/2020\/12\/rella-gida.jpg 1160w, https:\/\/filmeks.com.tr\/wp-content\/uploads\/2020\/12\/rella-gida-300x117.jpg 300w, https:\/\/filmeks.com.tr\/wp-content\/uploads\/2020\/12\/rella-gida-1024x401.jpg 1024w, https:\/\/filmeks.com.tr\/wp-content\/uploads\/2020\/12\/rella-gida-768x301.jpg 768w, https:\/\/filmeks.com.tr\/wp-content\/uploads\/2020\/12\/rella-gida-16x6.jpg 16w\" sizes=\"(max-width: 1160px) 100vw, 1160px\" \/>\t\t\t\t\t\t\t\t\t\t\t\t\t\t\t\t<div class=\"elementor-custom-embed-play\" role=\"button\" aria-label=\"Videoyu Oynat\" tabindex=\"0\">\n\t\t\t\t\t\t\t<svg aria-hidden=\"true\" class=\"e-font-icon-svg e-eicon-play\" viewbox=\"0 0 1000 1000\" xmlns=\"http:\/\/www.w3.org\/2000\/svg\"><path d=\"M838 162C746 71 633 25 500 25 371 25 258 71 163 162 71 254 25 367 25 500 25 633 71 746 163 837 254 929 367 979 500 979 633 979 746 933 838 837 929 746 975 633 975 500 975 367 929 254 838 162M808 192C892 279 933 379 933 500 933 621 892 725 808 808 725 892 621 938 500 938 379 938 279 896 196 808 113 725 67 621 67 500 67 379 108 279 196 192 279 108 383 62 500 62 621 62 721 108 808 192M438 392V642L642 517 438 392Z\"><\/path><\/svg>\t\t\t\t\t\t<\/div>\n\t\t\t\t\t\t\t\t\t<\/div>\n\t\t\t\t\t<\/div>\n\t\t\t\t\t\t<\/div>\n\t\t\t\t\t<\/div>\n\t\t<\/div>\n\t\t\t\t\t<\/div>\n\t\t<\/section>\n\t\t\t\t<section class=\"elementor-section elementor-top-section elementor-element elementor-element-65a7a2da elementor-section-boxed elementor-section-height-default elementor-section-height-default\" data-id=\"65a7a2da\" data-element_type=\"section\" data-e-type=\"section\">\n\t\t\t\t\t\t<div class=\"elementor-container elementor-column-gap-default\">\n\t\t\t\t\t<div class=\"elementor-column elementor-col-50 elementor-top-column elementor-element elementor-element-6e5d4561\" data-id=\"6e5d4561\" data-element_type=\"column\" data-e-type=\"column\">\n\t\t\t<div class=\"elementor-widget-wrap elementor-element-populated\">\n\t\t\t\t\t\t<section class=\"elementor-section elementor-inner-section elementor-element elementor-element-7babf902 elementor-section-boxed elementor-section-height-default elementor-section-height-default\" data-id=\"7babf902\" data-element_type=\"section\" data-e-type=\"section\">\n\t\t\t\t\t\t<div class=\"elementor-container elementor-column-gap-default\">\n\t\t\t\t\t<div class=\"elementor-column elementor-col-50 elementor-inner-column elementor-element elementor-element-2b2db20d\" data-id=\"2b2db20d\" data-element_type=\"column\" data-e-type=\"column\">\n\t\t\t<div class=\"elementor-widget-wrap elementor-element-populated\">\n\t\t\t\t\t\t<div class=\"elementor-element elementor-element-16a83401 elementor-view-default elementor-widget elementor-widget-icon\" data-id=\"16a83401\" data-element_type=\"widget\" data-e-type=\"widget\" data-widget_type=\"icon.default\">\n\t\t\t\t\t\t\t<div class=\"elementor-icon-wrapper\">\n\t\t\t<div class=\"elementor-icon\">\n\t\t\t<svg aria-hidden=\"true\" class=\"e-font-icon-svg e-fas-square-full\" viewbox=\"0 0 512 512\" xmlns=\"http:\/\/www.w3.org\/2000\/svg\"><path d=\"M512 512H0V0h512v512z\"><\/path><\/svg>\t\t\t<\/div>\n\t\t<\/div>\n\t\t\t\t\t\t<\/div>\n\t\t\t\t\t<\/div>\n\t\t<\/div>\n\t\t\t\t<div class=\"elementor-column elementor-col-50 elementor-inner-column elementor-element elementor-element-f9088fe\" data-id=\"f9088fe\" data-element_type=\"column\" data-e-type=\"column\">\n\t\t\t<div class=\"elementor-widget-wrap elementor-element-populated\">\n\t\t\t\t\t\t<div class=\"elementor-element elementor-element-38cf3b89 elementor-widget elementor-widget-text-editor\" data-id=\"38cf3b89\" data-element_type=\"widget\" data-e-type=\"widget\" data-widget_type=\"text-editor.default\">\n\t\t\t\t\t\t\t\t\t<h6>Rella G\u0131da Kurumsal Tan\u0131t\u0131m Filmi \u0130\u00e7in Neler Yapt\u0131k?<\/h6>\t\t\t\t\t\t\t\t<\/div>\n\t\t\t\t\t<\/div>\n\t\t<\/div>\n\t\t\t\t\t<\/div>\n\t\t<\/section>\n\t\t\t\t\t<\/div>\n\t\t<\/div>\n\t\t\t\t<div class=\"elementor-column elementor-col-50 elementor-top-column elementor-element elementor-element-5ca477e1\" data-id=\"5ca477e1\" data-element_type=\"column\" data-e-type=\"column\">\n\t\t\t<div class=\"elementor-widget-wrap elementor-element-populated\">\n\t\t\t\t\t\t<div class=\"elementor-element elementor-element-2a093dae elementor-widget elementor-widget-text-editor\" data-id=\"2a093dae\" data-element_type=\"widget\" data-e-type=\"widget\" data-widget_type=\"text-editor.default\">\n\t\t\t\t\t\t\t\t\t<p>T\u00fcrkiye\u2019nin mozarella devi Rella G\u0131da\u2019n\u0131n tan\u0131t\u0131m filmi projesini toplam 3 ilde ger\u00e7ekle\u015ftirdik.<\/p>\t\t\t\t\t\t\t\t<\/div>\n\t\t\t\t<div class=\"elementor-element elementor-element-4523d82c elementor-widget elementor-widget-text-editor\" data-id=\"4523d82c\" data-element_type=\"widget\" data-e-type=\"widget\" data-widget_type=\"text-editor.default\">\n\t\t\t\t\t\t\t\t\t<p>Kaliteli \u00fcretimin ilerleyi\u015fini ba\u015ftan sona filme ald\u0131k. Gerekli t\u00fcm ekip ve ekipmanlarla \u00e7\u0131kt\u0131\u011f\u0131m\u0131z tan\u0131t\u0131m filmi s\u00fcrecimizi toplam 6 g\u00fcnde ba\u015far\u0131 ile tamamlad\u0131k. \u0130ngilizce ve T\u00fcrk\u00e7e olarak yay\u0131nlad\u0131\u011f\u0131m\u0131z tan\u0131t\u0131m filmi projemiz sosyal medyada \u00e7ok ses getirdi.<\/p>\t\t\t\t\t\t\t\t<\/div>\n\t\t\t\t\t<\/div>\n\t\t<\/div>\n\t\t\t\t\t<\/div>\n\t\t<\/section>\n\t\t\t\t<section class=\"elementor-section elementor-top-section elementor-element elementor-element-3dd13052 elementor-section-boxed elementor-section-height-default elementor-section-height-default\" data-id=\"3dd13052\" data-element_type=\"section\" data-e-type=\"section\">\n\t\t\t\t\t\t<div class=\"elementor-container elementor-column-gap-default\">\n\t\t\t\t\t<div class=\"elementor-column elementor-col-50 elementor-top-column elementor-element elementor-element-657df686\" data-id=\"657df686\" data-element_type=\"column\" data-e-type=\"column\">\n\t\t\t<div class=\"elementor-widget-wrap elementor-element-populated\">\n\t\t\t\t\t\t<section class=\"elementor-section elementor-inner-section elementor-element elementor-element-7a2bd79c elementor-section-boxed elementor-section-height-default elementor-section-height-default\" data-id=\"7a2bd79c\" data-element_type=\"section\" data-e-type=\"section\">\n\t\t\t\t\t\t<div class=\"elementor-container elementor-column-gap-default\">\n\t\t\t\t\t<div class=\"elementor-column elementor-col-50 elementor-inner-column elementor-element elementor-element-479f48e8\" data-id=\"479f48e8\" data-element_type=\"column\" data-e-type=\"column\">\n\t\t\t<div class=\"elementor-widget-wrap elementor-element-populated\">\n\t\t\t\t\t\t<div class=\"elementor-element elementor-element-6ab327c3 elementor-view-default elementor-widget elementor-widget-icon\" data-id=\"6ab327c3\" data-element_type=\"widget\" data-e-type=\"widget\" data-widget_type=\"icon.default\">\n\t\t\t\t\t\t\t<div class=\"elementor-icon-wrapper\">\n\t\t\t<div class=\"elementor-icon\">\n\t\t\t<svg aria-hidden=\"true\" class=\"e-font-icon-svg e-fas-square-full\" viewbox=\"0 0 512 512\" xmlns=\"http:\/\/www.w3.org\/2000\/svg\"><path d=\"M512 512H0V0h512v512z\"><\/path><\/svg>\t\t\t<\/div>\n\t\t<\/div>\n\t\t\t\t\t\t<\/div>\n\t\t\t\t\t<\/div>\n\t\t<\/div>\n\t\t\t\t<div class=\"elementor-column elementor-col-50 elementor-inner-column elementor-element elementor-element-112a0d13\" data-id=\"112a0d13\" data-element_type=\"column\" data-e-type=\"column\">\n\t\t\t<div class=\"elementor-widget-wrap elementor-element-populated\">\n\t\t\t\t\t\t<div class=\"elementor-element elementor-element-46056e11 elementor-widget elementor-widget-text-editor\" data-id=\"46056e11\" data-element_type=\"widget\" data-e-type=\"widget\" data-widget_type=\"text-editor.default\">\n\t\t\t\t\t\t\t\t\t<h6>Rella G\u0131da Kurumsal Tan\u0131t\u0131m Filmi Ekibi<\/h6>\t\t\t\t\t\t\t\t<\/div>\n\t\t\t\t\t<\/div>\n\t\t<\/div>\n\t\t\t\t\t<\/div>\n\t\t<\/section>\n\t\t\t\t\t<\/div>\n\t\t<\/div>\n\t\t\t\t<div class=\"elementor-column elementor-col-50 elementor-top-column elementor-element elementor-element-2db28453\" data-id=\"2db28453\" data-element_type=\"column\" data-e-type=\"column\">\n\t\t\t<div class=\"elementor-widget-wrap elementor-element-populated\">\n\t\t\t\t\t\t<div class=\"elementor-element elementor-element-61a39fd5 elementor-widget elementor-widget-text-editor\" data-id=\"61a39fd5\" data-element_type=\"widget\" data-e-type=\"widget\" data-widget_type=\"text-editor.default\">\n\t\t\t\t\t\t\t\t\t<p style=\"text-align: left;\"><strong>Ajans<\/strong>: GriCreative<br \/><strong>Prod\u00fcksiyon<\/strong>: Filmeks<br \/><strong>Y\u00f6netmen<\/strong>: Cihan Emre Zengin<\/p>\t\t\t\t\t\t\t\t<\/div>\n\t\t\t\t\t<\/div>\n\t\t<\/div>\n\t\t\t\t\t<\/div>\n\t\t<\/section>\n\t\t\t\t<section class=\"elementor-section elementor-inner-section elementor-element elementor-element-9ed007c elementor-section-boxed elementor-section-height-default elementor-section-height-default\" data-id=\"9ed007c\" data-element_type=\"section\" data-e-type=\"section\">\n\t\t\t\t\t\t<div class=\"elementor-container elementor-column-gap-default\">\n\t\t\t\t\t<div class=\"elementor-column elementor-col-50 elementor-inner-column elementor-element elementor-element-1517f656\" data-id=\"1517f656\" data-element_type=\"column\" data-e-type=\"column\">\n\t\t\t<div class=\"elementor-widget-wrap elementor-element-populated\">\n\t\t\t\t\t\t<div class=\"elementor-element elementor-element-34616f30 elementor-align-center elementor-button-success elementor-widget elementor-widget-button\" data-id=\"34616f30\" data-element_type=\"widget\" data-e-type=\"widget\" data-widget_type=\"button.default\">\n\t\t\t\t\t\t\t\t\t\t<a class=\"elementor-button elementor-button-link elementor-size-xs elementor-animation-push\" href=\"http:\/\/filmeks.com.tr\/en\/projelerimiz\/tanitim-filmi\/kurumsal-tanitim-filmi\/binsat-renault\/\">\n\t\t\t\t\t\t<span class=\"elementor-button-content-wrapper\">\n\t\t\t\t\t\t<span class=\"elementor-button-icon\">\n\t\t\t\t<svg aria-hidden=\"true\" class=\"e-font-icon-svg e-far-arrow-alt-circle-right\" viewbox=\"0 0 512 512\" xmlns=\"http:\/\/www.w3.org\/2000\/svg\"><path d=\"M504 256C504 119 393 8 256 8S8 119 8 256s111 248 248 248 248-111 248-248zm-448 0c0-110.5 89.5-200 200-200s200 89.5 200 200-89.5 200-200 200S56 366.5 56 256zm72 20v-40c0-6.6 5.4-12 12-12h116v-67c0-10.7 12.9-16 20.5-8.5l99 99c4.7 4.7 4.7 12.3 0 17l-99 99c-7.6 7.6-20.5 2.2-20.5-8.5v-67H140c-6.6 0-12-5.4-12-12z\"><\/path><\/svg>\t\t\t<\/span>\n\t\t\t\t\t\t\t\t\t<span class=\"elementor-button-text\">Sonraki Projeye G\u00f6z At\u0131n<\/span>\n\t\t\t\t\t<\/span>\n\t\t\t\t\t<\/a>\n\t\t\t\t\t\t\t\t<\/div>\n\t\t\t\t\t<\/div>\n\t\t<\/div>\n\t\t\t\t<div class=\"elementor-column elementor-col-50 elementor-inner-column elementor-element elementor-element-1b80c75f\" data-id=\"1b80c75f\" data-element_type=\"column\" data-e-type=\"column\">\n\t\t\t<div class=\"elementor-widget-wrap elementor-element-populated\">\n\t\t\t\t\t\t<div class=\"elementor-element elementor-element-2e8dbc1c elementor-align-center elementor-button-info elementor-widget elementor-widget-button\" data-id=\"2e8dbc1c\" data-element_type=\"widget\" data-e-type=\"widget\" data-widget_type=\"button.default\">\n\t\t\t\t\t\t\t\t\t\t<a class=\"elementor-button elementor-button-link elementor-size-xs elementor-animation-push\" href=\"http:\/\/filmeks.com.tr\/en\/iletisim\/\">\n\t\t\t\t\t\t<span class=\"elementor-button-content-wrapper\">\n\t\t\t\t\t\t<span class=\"elementor-button-icon\">\n\t\t\t\t<svg aria-hidden=\"true\" class=\"e-font-icon-svg e-fas-envelope-open-text\" viewbox=\"0 0 512 512\" xmlns=\"http:\/\/www.w3.org\/2000\/svg\"><path d=\"M176 216h160c8.84 0 16-7.16 16-16v-16c0-8.84-7.16-16-16-16H176c-8.84 0-16 7.16-16 16v16c0 8.84 7.16 16 16 16zm-16 80c0 8.84 7.16 16 16 16h160c8.84 0 16-7.16 16-16v-16c0-8.84-7.16-16-16-16H176c-8.84 0-16 7.16-16 16v16zm96 121.13c-16.42 0-32.84-5.06-46.86-15.19L0 250.86V464c0 26.51 21.49 48 48 48h416c26.51 0 48-21.49 48-48V250.86L302.86 401.94c-14.02 10.12-30.44 15.19-46.86 15.19zm237.61-254.18c-8.85-6.94-17.24-13.47-29.61-22.81V96c0-26.51-21.49-48-48-48h-77.55c-3.04-2.2-5.87-4.26-9.04-6.56C312.6 29.17 279.2-.35 256 0c-23.2-.35-56.59 29.17-73.41 41.44-3.17 2.3-6 4.36-9.04 6.56H96c-26.51 0-48 21.49-48 48v44.14c-12.37 9.33-20.76 15.87-29.61 22.81A47.995 47.995 0 0 0 0 200.72v10.65l96 69.35V96h320v184.72l96-69.35v-10.65c0-14.74-6.78-28.67-18.39-37.77z\"><\/path><\/svg>\t\t\t<\/span>\n\t\t\t\t\t\t\t\t\t<span class=\"elementor-button-text\">Bizimle \u0130leti\u015fime Ge\u00e7in<\/span>\n\t\t\t\t\t<\/span>\n\t\t\t\t\t<\/a>\n\t\t\t\t\t\t\t\t<\/div>\n\t\t\t\t\t<\/div>\n\t\t<\/div>\n\t\t\t\t\t<\/div>\n\t\t<\/section>\n\t\t\t\t<\/div>","protected":false},"excerpt":{"rendered":"<p>Rella G\u0131da Kurumsal Tan\u0131t\u0131m Filmi \u0130\u00e7in Neler Yapt\u0131k? T\u00fcrkiye\u2019nin mozarella devi Rella G\u0131da\u2019n\u0131n tan\u0131t\u0131m filmi projesini toplam 3 ilde ger\u00e7ekle\u015ftirdik. Kaliteli \u00fcretimin ilerleyi\u015fini ba\u015ftan sona filme ald\u0131k. Gerekli t\u00fcm ekip ve ekipmanlarla \u00e7\u0131kt\u0131\u011f\u0131m\u0131z tan\u0131t\u0131m filmi s\u00fcrecimizi toplam 6 g\u00fcnde ba\u015far\u0131 ile tamamlad\u0131k. \u0130ngilizce ve T\u00fcrk\u00e7e olarak yay\u0131nlad\u0131\u011f\u0131m\u0131z tan\u0131t\u0131m filmi projemiz sosyal medyada \u00e7ok ses getirdi. [&hellip;]<\/p>\n","protected":false},"author":1,"featured_media":0,"parent":4721,"menu_order":4,"comment_status":"closed","ping_status":"closed","template":"","meta":{"footnotes":""},"class_list":["post-4418","page","type-page","status-publish","hentry"],"yoast_head":"<!-- This site is optimized with the Yoast SEO plugin v27.4 - https:\/\/yoast.com\/product\/yoast-seo-wordpress\/ -->\n<title>Rella G\u0131da - Filmeks<\/title>\n<meta name=\"robots\" content=\"index, follow, max-snippet:-1, max-image-preview:large, max-video-preview:-1\" \/>\n<link rel=\"canonical\" href=\"https:\/\/filmeks.com.tr\/en\/projelerimiz\/tanitim-filmi\/kurumsal-tanitim-filmi\/rella-gida\/\" \/>\n<meta property=\"og:locale\" content=\"en_GB\" \/>\n<meta property=\"og:type\" content=\"article\" \/>\n<meta property=\"og:title\" content=\"Rella G\u0131da - Filmeks\" \/>\n<meta property=\"og:description\" content=\"Rella G\u0131da Kurumsal Tan\u0131t\u0131m Filmi \u0130\u00e7in Neler Yapt\u0131k? T\u00fcrkiye\u2019nin mozarella devi Rella G\u0131da\u2019n\u0131n tan\u0131t\u0131m filmi projesini toplam 3 ilde ger\u00e7ekle\u015ftirdik. Kaliteli \u00fcretimin ilerleyi\u015fini ba\u015ftan sona filme ald\u0131k. Gerekli t\u00fcm ekip ve ekipmanlarla \u00e7\u0131kt\u0131\u011f\u0131m\u0131z tan\u0131t\u0131m filmi s\u00fcrecimizi toplam 6 g\u00fcnde ba\u015far\u0131 ile tamamlad\u0131k. \u0130ngilizce ve T\u00fcrk\u00e7e olarak yay\u0131nlad\u0131\u011f\u0131m\u0131z tan\u0131t\u0131m filmi projemiz sosyal medyada \u00e7ok ses getirdi. [&hellip;]\" \/>\n<meta property=\"og:url\" content=\"https:\/\/filmeks.com.tr\/en\/projelerimiz\/tanitim-filmi\/kurumsal-tanitim-filmi\/rella-gida\/\" \/>\n<meta property=\"og:site_name\" content=\"Filmeks\" \/>\n<meta property=\"article:modified_time\" content=\"2021-01-17T21:13:12+00:00\" \/>\n<meta name=\"twitter:card\" content=\"summary_large_image\" \/>\n<meta name=\"twitter:label1\" content=\"Estimated reading time\" \/>\n\t<meta name=\"twitter:data1\" content=\"1 minute\" \/>\n<script type=\"application\/ld+json\" class=\"yoast-schema-graph\">{\"@context\":\"https:\\\/\\\/schema.org\",\"@graph\":[{\"@type\":\"WebPage\",\"@id\":\"https:\\\/\\\/filmeks.com.tr\\\/projelerimiz\\\/tanitim-filmi\\\/kurumsal-tanitim-filmi\\\/rella-gida\\\/\",\"url\":\"https:\\\/\\\/filmeks.com.tr\\\/projelerimiz\\\/tanitim-filmi\\\/kurumsal-tanitim-filmi\\\/rella-gida\\\/\",\"name\":\"Rella G\u0131da - Filmeks\",\"isPartOf\":{\"@id\":\"https:\\\/\\\/filmeks.com.tr\\\/#website\"},\"datePublished\":\"2020-12-26T08:18:36+00:00\",\"dateModified\":\"2021-01-17T21:13:12+00:00\",\"breadcrumb\":{\"@id\":\"https:\\\/\\\/filmeks.com.tr\\\/projelerimiz\\\/tanitim-filmi\\\/kurumsal-tanitim-filmi\\\/rella-gida\\\/#breadcrumb\"},\"inLanguage\":\"en-GB\",\"potentialAction\":[{\"@type\":\"ReadAction\",\"target\":[\"https:\\\/\\\/filmeks.com.tr\\\/projelerimiz\\\/tanitim-filmi\\\/kurumsal-tanitim-filmi\\\/rella-gida\\\/\"]}]},{\"@type\":\"BreadcrumbList\",\"@id\":\"https:\\\/\\\/filmeks.com.tr\\\/projelerimiz\\\/tanitim-filmi\\\/kurumsal-tanitim-filmi\\\/rella-gida\\\/#breadcrumb\",\"itemListElement\":[{\"@type\":\"ListItem\",\"position\":1,\"name\":\"Home\",\"item\":\"https:\\\/\\\/filmeks.com.tr\\\/\"},{\"@type\":\"ListItem\",\"position\":2,\"name\":\"Projelerimiz\",\"item\":\"https:\\\/\\\/filmeks.com.tr\\\/projelerimiz\\\/\"},{\"@type\":\"ListItem\",\"position\":3,\"name\":\"Tan\u0131t\u0131m Filmi\",\"item\":\"https:\\\/\\\/filmeks.com.tr\\\/projelerimiz\\\/tanitim-filmi\\\/\"},{\"@type\":\"ListItem\",\"position\":4,\"name\":\"Kurumsal Tan\u0131t\u0131m Filmi\",\"item\":\"https:\\\/\\\/filmeks.com.tr\\\/projelerimiz\\\/tanitim-filmi\\\/kurumsal-tanitim-filmi\\\/\"},{\"@type\":\"ListItem\",\"position\":5,\"name\":\"Rella G\u0131da\"}]},{\"@type\":\"WebSite\",\"@id\":\"https:\\\/\\\/filmeks.com.tr\\\/#website\",\"url\":\"https:\\\/\\\/filmeks.com.tr\\\/\",\"name\":\"Filmeks\",\"description\":\"Kurumsal Tan\u0131t\u0131m Filmi\",\"publisher\":{\"@id\":\"https:\\\/\\\/filmeks.com.tr\\\/#organization\"},\"potentialAction\":[{\"@type\":\"SearchAction\",\"target\":{\"@type\":\"EntryPoint\",\"urlTemplate\":\"https:\\\/\\\/filmeks.com.tr\\\/?s={search_term_string}\"},\"query-input\":{\"@type\":\"PropertyValueSpecification\",\"valueRequired\":true,\"valueName\":\"search_term_string\"}}],\"inLanguage\":\"en-GB\"},{\"@type\":\"Organization\",\"@id\":\"https:\\\/\\\/filmeks.com.tr\\\/#organization\",\"name\":\"Filmeks\",\"url\":\"https:\\\/\\\/filmeks.com.tr\\\/\",\"logo\":{\"@type\":\"ImageObject\",\"inLanguage\":\"en-GB\",\"@id\":\"https:\\\/\\\/filmeks.com.tr\\\/#\\\/schema\\\/logo\\\/image\\\/\",\"url\":\"https:\\\/\\\/filmeks.com.tr\\\/wp-content\\\/uploads\\\/2020\\\/12\\\/cropped-cropped-filmeks-logo-tall-min.png\",\"contentUrl\":\"https:\\\/\\\/filmeks.com.tr\\\/wp-content\\\/uploads\\\/2020\\\/12\\\/cropped-cropped-filmeks-logo-tall-min.png\",\"width\":250,\"height\":99,\"caption\":\"Filmeks\"},\"image\":{\"@id\":\"https:\\\/\\\/filmeks.com.tr\\\/#\\\/schema\\\/logo\\\/image\\\/\"}}]}<\/script>\n<!-- \/ Yoast SEO plugin. -->","yoast_head_json":{"title":"Rella G\u0131da - Filmeks","robots":{"index":"index","follow":"follow","max-snippet":"max-snippet:-1","max-image-preview":"max-image-preview:large","max-video-preview":"max-video-preview:-1"},"canonical":"https:\/\/filmeks.com.tr\/en\/projelerimiz\/tanitim-filmi\/kurumsal-tanitim-filmi\/rella-gida\/","og_locale":"en_GB","og_type":"article","og_title":"Rella G\u0131da - Filmeks","og_description":"Rella G\u0131da Kurumsal Tan\u0131t\u0131m Filmi \u0130\u00e7in Neler Yapt\u0131k? T\u00fcrkiye\u2019nin mozarella devi Rella G\u0131da\u2019n\u0131n tan\u0131t\u0131m filmi projesini toplam 3 ilde ger\u00e7ekle\u015ftirdik. Kaliteli \u00fcretimin ilerleyi\u015fini ba\u015ftan sona filme ald\u0131k. Gerekli t\u00fcm ekip ve ekipmanlarla \u00e7\u0131kt\u0131\u011f\u0131m\u0131z tan\u0131t\u0131m filmi s\u00fcrecimizi toplam 6 g\u00fcnde ba\u015far\u0131 ile tamamlad\u0131k. \u0130ngilizce ve T\u00fcrk\u00e7e olarak yay\u0131nlad\u0131\u011f\u0131m\u0131z tan\u0131t\u0131m filmi projemiz sosyal medyada \u00e7ok ses getirdi. [&hellip;]","og_url":"https:\/\/filmeks.com.tr\/en\/projelerimiz\/tanitim-filmi\/kurumsal-tanitim-filmi\/rella-gida\/","og_site_name":"Filmeks","article_modified_time":"2021-01-17T21:13:12+00:00","twitter_card":"summary_large_image","twitter_misc":{"Estimated reading time":"1 minute"},"schema":{"@context":"https:\/\/schema.org","@graph":[{"@type":"WebPage","@id":"https:\/\/filmeks.com.tr\/projelerimiz\/tanitim-filmi\/kurumsal-tanitim-filmi\/rella-gida\/","url":"https:\/\/filmeks.com.tr\/projelerimiz\/tanitim-filmi\/kurumsal-tanitim-filmi\/rella-gida\/","name":"Rella G\u0131da - Filmeks","isPartOf":{"@id":"https:\/\/filmeks.com.tr\/#website"},"datePublished":"2020-12-26T08:18:36+00:00","dateModified":"2021-01-17T21:13:12+00:00","breadcrumb":{"@id":"https:\/\/filmeks.com.tr\/projelerimiz\/tanitim-filmi\/kurumsal-tanitim-filmi\/rella-gida\/#breadcrumb"},"inLanguage":"en-GB","potentialAction":[{"@type":"ReadAction","target":["https:\/\/filmeks.com.tr\/projelerimiz\/tanitim-filmi\/kurumsal-tanitim-filmi\/rella-gida\/"]}]},{"@type":"BreadcrumbList","@id":"https:\/\/filmeks.com.tr\/projelerimiz\/tanitim-filmi\/kurumsal-tanitim-filmi\/rella-gida\/#breadcrumb","itemListElement":[{"@type":"ListItem","position":1,"name":"Home","item":"https:\/\/filmeks.com.tr\/"},{"@type":"ListItem","position":2,"name":"Projelerimiz","item":"https:\/\/filmeks.com.tr\/projelerimiz\/"},{"@type":"ListItem","position":3,"name":"Tan\u0131t\u0131m Filmi","item":"https:\/\/filmeks.com.tr\/projelerimiz\/tanitim-filmi\/"},{"@type":"ListItem","position":4,"name":"Kurumsal Tan\u0131t\u0131m Filmi","item":"https:\/\/filmeks.com.tr\/projelerimiz\/tanitim-filmi\/kurumsal-tanitim-filmi\/"},{"@type":"ListItem","position":5,"name":"Rella G\u0131da"}]},{"@type":"WebSite","@id":"https:\/\/filmeks.com.tr\/#website","url":"https:\/\/filmeks.com.tr\/","name":"Filmeks","description":"Kurumsal Tan\u0131t\u0131m Filmi","publisher":{"@id":"https:\/\/filmeks.com.tr\/#organization"},"potentialAction":[{"@type":"SearchAction","target":{"@type":"EntryPoint","urlTemplate":"https:\/\/filmeks.com.tr\/?s={search_term_string}"},"query-input":{"@type":"PropertyValueSpecification","valueRequired":true,"valueName":"search_term_string"}}],"inLanguage":"en-GB"},{"@type":"Organization","@id":"https:\/\/filmeks.com.tr\/#organization","name":"Filmeks","url":"https:\/\/filmeks.com.tr\/","logo":{"@type":"ImageObject","inLanguage":"en-GB","@id":"https:\/\/filmeks.com.tr\/#\/schema\/logo\/image\/","url":"https:\/\/filmeks.com.tr\/wp-content\/uploads\/2020\/12\/cropped-cropped-filmeks-logo-tall-min.png","contentUrl":"https:\/\/filmeks.com.tr\/wp-content\/uploads\/2020\/12\/cropped-cropped-filmeks-logo-tall-min.png","width":250,"height":99,"caption":"Filmeks"},"image":{"@id":"https:\/\/filmeks.com.tr\/#\/schema\/logo\/image\/"}}]}},"_links":{"self":[{"href":"https:\/\/filmeks.com.tr\/en\/wp-json\/wp\/v2\/pages\/4418","targetHints":{"allow":["GET"]}}],"collection":[{"href":"https:\/\/filmeks.com.tr\/en\/wp-json\/wp\/v2\/pages"}],"about":[{"href":"https:\/\/filmeks.com.tr\/en\/wp-json\/wp\/v2\/types\/page"}],"author":[{"embeddable":true,"href":"https:\/\/filmeks.com.tr\/en\/wp-json\/wp\/v2\/users\/1"}],"replies":[{"embeddable":true,"href":"https:\/\/filmeks.com.tr\/en\/wp-json\/wp\/v2\/comments?post=4418"}],"version-history":[{"count":13,"href":"https:\/\/filmeks.com.tr\/en\/wp-json\/wp\/v2\/pages\/4418\/revisions"}],"predecessor-version":[{"id":5967,"href":"https:\/\/filmeks.com.tr\/en\/wp-json\/wp\/v2\/pages\/4418\/revisions\/5967"}],"up":[{"embeddable":true,"href":"https:\/\/filmeks.com.tr\/en\/wp-json\/wp\/v2\/pages\/4721"}],"wp:attachment":[{"href":"https:\/\/filmeks.com.tr\/en\/wp-json\/wp\/v2\/media?parent=4418"}],"curies":[{"name":"wp","href":"https:\/\/api.w.org\/{rel}","templated":true}]}}