{"id":5194,"date":"2021-01-02T19:33:58","date_gmt":"2021-01-02T16:33:58","guid":{"rendered":"https:\/\/filmeks.com.tr\/?page_id=5194"},"modified":"2021-01-25T08:25:32","modified_gmt":"2021-01-25T05:25:32","slug":"etiler-fest","status":"publish","type":"page","link":"https:\/\/filmeks.com.tr\/en\/projelerimiz\/etkinlik-filmi\/etiler-fest\/","title":{"rendered":"Etiler Fest"},"content":{"rendered":"<div data-elementor-type=\"wp-page\" data-elementor-id=\"5194\" class=\"elementor elementor-5194\">\n\t\t\t\t\t\t<section class=\"elementor-section elementor-top-section elementor-element elementor-element-6c8c51c0 elementor-section-stretched elementor-section-full_width elementor-section-height-default elementor-section-height-default\" data-id=\"6c8c51c0\" data-element_type=\"section\" data-e-type=\"section\" data-settings=\"{&quot;stretch_section&quot;:&quot;section-stretched&quot;}\">\n\t\t\t\t\t\t<div class=\"elementor-container elementor-column-gap-default\">\n\t\t\t\t\t<div class=\"elementor-column elementor-col-100 elementor-top-column elementor-element elementor-element-9ce1178\" data-id=\"9ce1178\" data-element_type=\"column\" data-e-type=\"column\">\n\t\t\t<div class=\"elementor-widget-wrap elementor-element-populated\">\n\t\t\t\t\t\t<div class=\"elementor-element elementor-element-de0c72d elementor-widget elementor-widget-video\" data-id=\"de0c72d\" data-element_type=\"widget\" data-e-type=\"widget\" data-settings=\"{&quot;youtube_url&quot;:&quot;https:\\\/\\\/www.youtube.com\\\/watch?v=iw6U4v1AUCc&quot;,&quot;show_image_overlay&quot;:&quot;yes&quot;,&quot;image_overlay&quot;:{&quot;url&quot;:&quot;http:\\\/\\\/o4a.75a.myftpupload.com\\\/wp-content\\\/uploads\\\/2021\\\/01\\\/etiler.jpg&quot;,&quot;id&quot;:5197,&quot;size&quot;:&quot;&quot;},&quot;lightbox&quot;:&quot;yes&quot;,&quot;video_type&quot;:&quot;youtube&quot;,&quot;controls&quot;:&quot;yes&quot;}\" data-widget_type=\"video.default\">\n\t\t\t\t\t\t\t<div class=\"elementor-wrapper elementor-open-lightbox\">\n\t\t\t\t\t\t\t<div class=\"elementor-custom-embed-image-overlay\" data-elementor-open-lightbox=\"yes\" data-elementor-lightbox=\"{&quot;type&quot;:&quot;video&quot;,&quot;videoType&quot;:&quot;youtube&quot;,&quot;url&quot;:&quot;https:\\\/\\\/www.youtube.com\\\/embed\\\/iw6U4v1AUCc?feature=oembed&amp;start&amp;end&amp;wmode=opaque&amp;loop=0&amp;controls=1&amp;mute=0&amp;rel=0&amp;cc_load_policy=0&quot;,&quot;autoplay&quot;:&quot;&quot;,&quot;modalOptions&quot;:{&quot;id&quot;:&quot;elementor-lightbox-de0c72d&quot;,&quot;entranceAnimation&quot;:&quot;&quot;,&quot;entranceAnimation_tablet&quot;:&quot;&quot;,&quot;entranceAnimation_mobile&quot;:&quot;&quot;,&quot;videoAspectRatio&quot;:&quot;169&quot;}}\" data-e-action-hash=\"#elementor-action%3Aaction%3Dlightbox%26settings%3DeyJ0eXBlIjoidmlkZW8iLCJ2aWRlb1R5cGUiOiJ5b3V0dWJlIiwidXJsIjoiaHR0cHM6XC9cL3d3dy55b3V0dWJlLmNvbVwvZW1iZWRcL2l3NlU0djFBVUNjP2ZlYXR1cmU9b2VtYmVkJnN0YXJ0JmVuZCZ3bW9kZT1vcGFxdWUmbG9vcD0wJmNvbnRyb2xzPTEmbXV0ZT0wJnJlbD0wJmNjX2xvYWRfcG9saWN5PTAiLCJhdXRvcGxheSI6IiIsIm1vZGFsT3B0aW9ucyI6eyJpZCI6ImVsZW1lbnRvci1saWdodGJveC1kZTBjNzJkIiwiZW50cmFuY2VBbmltYXRpb24iOiIiLCJlbnRyYW5jZUFuaW1hdGlvbl90YWJsZXQiOiIiLCJlbnRyYW5jZUFuaW1hdGlvbl9tb2JpbGUiOiIiLCJ2aWRlb0FzcGVjdFJhdGlvIjoiMTY5In19\">\n\t\t\t\t\t\t\t\t\t\t\t<img fetchpriority=\"high\" decoding=\"async\" width=\"1162\" height=\"454\" src=\"https:\/\/filmeks.com.tr\/wp-content\/uploads\/2021\/01\/etiler.jpg\" class=\"attachment-full size-full wp-image-5197\" alt=\"\" srcset=\"https:\/\/filmeks.com.tr\/wp-content\/uploads\/2021\/01\/etiler.jpg 1162w, https:\/\/filmeks.com.tr\/wp-content\/uploads\/2021\/01\/etiler-300x117.jpg 300w, https:\/\/filmeks.com.tr\/wp-content\/uploads\/2021\/01\/etiler-1024x400.jpg 1024w, https:\/\/filmeks.com.tr\/wp-content\/uploads\/2021\/01\/etiler-768x300.jpg 768w, https:\/\/filmeks.com.tr\/wp-content\/uploads\/2021\/01\/etiler-16x6.jpg 16w\" sizes=\"(max-width: 1162px) 100vw, 1162px\" \/>\t\t\t\t\t\t\t\t\t\t\t\t\t\t\t\t<div class=\"elementor-custom-embed-play\" role=\"button\" aria-label=\"Videoyu oynat\" tabindex=\"0\">\n\t\t\t\t\t\t\t<svg aria-hidden=\"true\" class=\"e-font-icon-svg e-eicon-play\" viewbox=\"0 0 1000 1000\" xmlns=\"http:\/\/www.w3.org\/2000\/svg\"><path d=\"M838 162C746 71 633 25 500 25 371 25 258 71 163 162 71 254 25 367 25 500 25 633 71 746 163 837 254 929 367 979 500 979 633 979 746 933 838 837 929 746 975 633 975 500 975 367 929 254 838 162M808 192C892 279 933 379 933 500 933 621 892 725 808 808 725 892 621 938 500 938 379 938 279 896 196 808 113 725 67 621 67 500 67 379 108 279 196 192 279 108 383 62 500 62 621 62 721 108 808 192M438 392V642L642 517 438 392Z\"><\/path><\/svg>\t\t\t\t\t\t<\/div>\n\t\t\t\t\t\t\t\t\t<\/div>\n\t\t\t\t\t<\/div>\n\t\t\t\t\t\t<\/div>\n\t\t\t\t\t<\/div>\n\t\t<\/div>\n\t\t\t\t\t<\/div>\n\t\t<\/section>\n\t\t\t\t<section class=\"elementor-section elementor-top-section elementor-element elementor-element-5a81749f elementor-section-boxed elementor-section-height-default elementor-section-height-default\" data-id=\"5a81749f\" data-element_type=\"section\" data-e-type=\"section\">\n\t\t\t\t\t\t<div class=\"elementor-container elementor-column-gap-default\">\n\t\t\t\t\t<div class=\"elementor-column elementor-col-50 elementor-top-column elementor-element elementor-element-44bd0a98\" data-id=\"44bd0a98\" data-element_type=\"column\" data-e-type=\"column\">\n\t\t\t<div class=\"elementor-widget-wrap elementor-element-populated\">\n\t\t\t\t\t\t<section class=\"elementor-section elementor-inner-section elementor-element elementor-element-7fa02a72 elementor-section-boxed elementor-section-height-default elementor-section-height-default\" data-id=\"7fa02a72\" data-element_type=\"section\" data-e-type=\"section\">\n\t\t\t\t\t\t<div class=\"elementor-container elementor-column-gap-default\">\n\t\t\t\t\t<div class=\"elementor-column elementor-col-50 elementor-inner-column elementor-element elementor-element-705aa716\" data-id=\"705aa716\" data-element_type=\"column\" data-e-type=\"column\">\n\t\t\t<div class=\"elementor-widget-wrap elementor-element-populated\">\n\t\t\t\t\t\t<div class=\"elementor-element elementor-element-185974e0 elementor-view-default elementor-widget elementor-widget-icon\" data-id=\"185974e0\" data-element_type=\"widget\" data-e-type=\"widget\" data-widget_type=\"icon.default\">\n\t\t\t\t\t\t\t<div class=\"elementor-icon-wrapper\">\n\t\t\t<div class=\"elementor-icon\">\n\t\t\t<svg aria-hidden=\"true\" class=\"e-font-icon-svg e-fas-square-full\" viewbox=\"0 0 512 512\" xmlns=\"http:\/\/www.w3.org\/2000\/svg\"><path d=\"M512 512H0V0h512v512z\"><\/path><\/svg>\t\t\t<\/div>\n\t\t<\/div>\n\t\t\t\t\t\t<\/div>\n\t\t\t\t\t<\/div>\n\t\t<\/div>\n\t\t\t\t<div class=\"elementor-column elementor-col-50 elementor-inner-column elementor-element elementor-element-dee9a96\" data-id=\"dee9a96\" data-element_type=\"column\" data-e-type=\"column\">\n\t\t\t<div class=\"elementor-widget-wrap elementor-element-populated\">\n\t\t\t\t\t\t<div class=\"elementor-element elementor-element-3286e93b elementor-widget elementor-widget-text-editor\" data-id=\"3286e93b\" data-element_type=\"widget\" data-e-type=\"widget\" data-widget_type=\"text-editor.default\">\n\t\t\t\t\t\t\t\t\t<h6>Etiler Fest 2019 Etkinlik Filmi \u0130\u00e7in Neler Yapt\u0131k?<\/h6>\t\t\t\t\t\t\t\t<\/div>\n\t\t\t\t\t<\/div>\n\t\t<\/div>\n\t\t\t\t\t<\/div>\n\t\t<\/section>\n\t\t\t\t\t<\/div>\n\t\t<\/div>\n\t\t\t\t<div class=\"elementor-column elementor-col-50 elementor-top-column elementor-element elementor-element-1bbb9bf0\" data-id=\"1bbb9bf0\" data-element_type=\"column\" data-e-type=\"column\">\n\t\t\t<div class=\"elementor-widget-wrap elementor-element-populated\">\n\t\t\t\t\t\t<div class=\"elementor-element elementor-element-35bbcf16 elementor-widget elementor-widget-text-editor\" data-id=\"35bbcf16\" data-element_type=\"widget\" data-e-type=\"widget\" data-widget_type=\"text-editor.default\">\n\t\t\t\t\t\t\t\t\t<p>\u00c7eli\u011fin hayat buldu\u011fu bir tesis mottosuyla ba\u015flad\u0131k tan\u0131t\u0131m filmi projemizin senaryosunu ve metinlerini yazmaya, g\u00fczel bir \u00e7ekim planlamas\u0131n\u0131n ard\u0131ndan t\u00fcm ekip ve ekipmanlarla Gebze\u2019de 4 g\u00fcn s\u00fcren bir \u00e7ekim ger\u00e7ekle\u015ftirdik.<\/p>\t\t\t\t\t\t\t\t<\/div>\n\t\t\t\t<div class=\"elementor-element elementor-element-730ed037 elementor-widget elementor-widget-text-editor\" data-id=\"730ed037\" data-element_type=\"widget\" data-e-type=\"widget\" data-widget_type=\"text-editor.default\">\n\t\t\t\t\t\t\t\t\t<p>S\u00f6nmezler Metal\u2019in kendi tesislerinde metal \u00fcretimini t\u00fcm detaylar\u0131yla kurumsal tan\u0131t\u0131m filmi projemize aktard\u0131k. T\u00fcrk\u00e7e ve \u0130ngilizce profesyonel seslendirme ile filmimizin duygular\u0131n\u0131 daha \u00e7ok ortaya \u00e7\u0131kard\u0131k. Tan\u0131t\u0131m filmi projemizin ak\u0131c\u0131l\u0131\u011f\u0131n\u0131 bozmayacak bilgi ba\u015fl\u0131klar\u0131 ekleyerek S\u00f6nmezler Metal l tan\u0131t\u0131m filmimizi sosyal medya platformlar\u0131 ile t\u00fcm d\u00fcnya ile payla\u015ft\u0131k.<\/p>\t\t\t\t\t\t\t\t<\/div>\n\t\t\t\t\t<\/div>\n\t\t<\/div>\n\t\t\t\t\t<\/div>\n\t\t<\/section>\n\t\t\t\t<section class=\"elementor-section elementor-top-section elementor-element elementor-element-46dfb967 elementor-section-boxed elementor-section-height-default elementor-section-height-default\" data-id=\"46dfb967\" data-element_type=\"section\" data-e-type=\"section\">\n\t\t\t\t\t\t<div class=\"elementor-container elementor-column-gap-default\">\n\t\t\t\t\t<div class=\"elementor-column elementor-col-50 elementor-top-column elementor-element elementor-element-545376d\" data-id=\"545376d\" data-element_type=\"column\" data-e-type=\"column\">\n\t\t\t<div class=\"elementor-widget-wrap elementor-element-populated\">\n\t\t\t\t\t\t<section class=\"elementor-section elementor-inner-section elementor-element elementor-element-28414928 elementor-section-boxed elementor-section-height-default elementor-section-height-default\" data-id=\"28414928\" data-element_type=\"section\" data-e-type=\"section\">\n\t\t\t\t\t\t<div class=\"elementor-container elementor-column-gap-default\">\n\t\t\t\t\t<div class=\"elementor-column elementor-col-50 elementor-inner-column elementor-element elementor-element-30dcd165\" data-id=\"30dcd165\" data-element_type=\"column\" data-e-type=\"column\">\n\t\t\t<div class=\"elementor-widget-wrap elementor-element-populated\">\n\t\t\t\t\t\t<div class=\"elementor-element elementor-element-2bd47829 elementor-view-default elementor-widget elementor-widget-icon\" data-id=\"2bd47829\" data-element_type=\"widget\" data-e-type=\"widget\" data-widget_type=\"icon.default\">\n\t\t\t\t\t\t\t<div class=\"elementor-icon-wrapper\">\n\t\t\t<div class=\"elementor-icon\">\n\t\t\t<svg aria-hidden=\"true\" class=\"e-font-icon-svg e-fas-square-full\" viewbox=\"0 0 512 512\" xmlns=\"http:\/\/www.w3.org\/2000\/svg\"><path d=\"M512 512H0V0h512v512z\"><\/path><\/svg>\t\t\t<\/div>\n\t\t<\/div>\n\t\t\t\t\t\t<\/div>\n\t\t\t\t\t<\/div>\n\t\t<\/div>\n\t\t\t\t<div class=\"elementor-column elementor-col-50 elementor-inner-column elementor-element elementor-element-2f5436d6\" data-id=\"2f5436d6\" data-element_type=\"column\" data-e-type=\"column\">\n\t\t\t<div class=\"elementor-widget-wrap elementor-element-populated\">\n\t\t\t\t\t\t<div class=\"elementor-element elementor-element-68884ed6 elementor-widget elementor-widget-text-editor\" data-id=\"68884ed6\" data-element_type=\"widget\" data-e-type=\"widget\" data-widget_type=\"text-editor.default\">\n\t\t\t\t\t\t\t\t\t<h6>Etiler Fest 2019 Etkinlik Filmi Ekibi<\/h6>\t\t\t\t\t\t\t\t<\/div>\n\t\t\t\t\t<\/div>\n\t\t<\/div>\n\t\t\t\t\t<\/div>\n\t\t<\/section>\n\t\t\t\t\t<\/div>\n\t\t<\/div>\n\t\t\t\t<div class=\"elementor-column elementor-col-50 elementor-top-column elementor-element elementor-element-6c54addd\" data-id=\"6c54addd\" data-element_type=\"column\" data-e-type=\"column\">\n\t\t\t<div class=\"elementor-widget-wrap elementor-element-populated\">\n\t\t\t\t\t\t<div class=\"elementor-element elementor-element-1e38b11 elementor-widget elementor-widget-text-editor\" data-id=\"1e38b11\" data-element_type=\"widget\" data-e-type=\"widget\" data-widget_type=\"text-editor.default\">\n\t\t\t\t\t\t\t\t\t<p style=\"text-align: left;\"><strong>AJANS:<\/strong> Geyik \u0130\u015fler<br \/><strong>PROD\u00dcKS\u0130YON:<\/strong> Filmeks<br \/><strong>Y\u00f6netmen:<\/strong> Cihan Emre Zengin<br \/><strong>Metin yazar\u0131:<\/strong> Osman Sel\u00e7uk Dursun<br \/><strong>DOP:<\/strong> \u0130lker Recep\u00a0 D\u00f6\u015fer<br \/><strong>Kameraman:<\/strong> Furkan B\u00fcl\u00fcn<\/p>\t\t\t\t\t\t\t\t<\/div>\n\t\t\t\t\t<\/div>\n\t\t<\/div>\n\t\t\t\t\t<\/div>\n\t\t<\/section>\n\t\t\t\t<section class=\"elementor-section elementor-inner-section elementor-element elementor-element-7eff9d38 elementor-section-boxed elementor-section-height-default elementor-section-height-default\" data-id=\"7eff9d38\" data-element_type=\"section\" data-e-type=\"section\">\n\t\t\t\t\t\t<div class=\"elementor-container elementor-column-gap-default\">\n\t\t\t\t\t<div class=\"elementor-column elementor-col-50 elementor-inner-column elementor-element elementor-element-77b0befb\" data-id=\"77b0befb\" data-element_type=\"column\" data-e-type=\"column\">\n\t\t\t<div class=\"elementor-widget-wrap elementor-element-populated\">\n\t\t\t\t\t\t<div class=\"elementor-element elementor-element-502203d6 elementor-align-center elementor-button-success elementor-widget elementor-widget-button\" data-id=\"502203d6\" data-element_type=\"widget\" data-e-type=\"widget\" data-widget_type=\"button.default\">\n\t\t\t\t\t\t\t\t\t\t<a class=\"elementor-button elementor-button-link elementor-size-xs elementor-animation-push\" href=\"http:\/\/filmeks.com.tr\/en\/projelerimiz\/etkinlik-filmi\/konser\/\">\n\t\t\t\t\t\t<span class=\"elementor-button-content-wrapper\">\n\t\t\t\t\t\t<span class=\"elementor-button-icon\">\n\t\t\t\t<svg aria-hidden=\"true\" class=\"e-font-icon-svg e-far-arrow-alt-circle-right\" viewbox=\"0 0 512 512\" xmlns=\"http:\/\/www.w3.org\/2000\/svg\"><path d=\"M504 256C504 119 393 8 256 8S8 119 8 256s111 248 248 248 248-111 248-248zm-448 0c0-110.5 89.5-200 200-200s200 89.5 200 200-89.5 200-200 200S56 366.5 56 256zm72 20v-40c0-6.6 5.4-12 12-12h116v-67c0-10.7 12.9-16 20.5-8.5l99 99c4.7 4.7 4.7 12.3 0 17l-99 99c-7.6 7.6-20.5 2.2-20.5-8.5v-67H140c-6.6 0-12-5.4-12-12z\"><\/path><\/svg>\t\t\t<\/span>\n\t\t\t\t\t\t\t\t\t<span class=\"elementor-button-text\">Sonraki Projeye G\u00f6z At\u0131n<\/span>\n\t\t\t\t\t<\/span>\n\t\t\t\t\t<\/a>\n\t\t\t\t\t\t\t\t<\/div>\n\t\t\t\t\t<\/div>\n\t\t<\/div>\n\t\t\t\t<div class=\"elementor-column elementor-col-50 elementor-inner-column elementor-element elementor-element-3948f783\" data-id=\"3948f783\" data-element_type=\"column\" data-e-type=\"column\">\n\t\t\t<div class=\"elementor-widget-wrap elementor-element-populated\">\n\t\t\t\t\t\t<div class=\"elementor-element elementor-element-733d04b2 elementor-align-center elementor-button-info elementor-widget elementor-widget-button\" data-id=\"733d04b2\" data-element_type=\"widget\" data-e-type=\"widget\" data-widget_type=\"button.default\">\n\t\t\t\t\t\t\t\t\t\t<a class=\"elementor-button elementor-button-link elementor-size-xs elementor-animation-push\" href=\"http:\/\/filmeks.com.tr\/en\/iletisim\/\">\n\t\t\t\t\t\t<span class=\"elementor-button-content-wrapper\">\n\t\t\t\t\t\t<span class=\"elementor-button-icon\">\n\t\t\t\t<svg aria-hidden=\"true\" class=\"e-font-icon-svg e-fas-envelope-open-text\" viewbox=\"0 0 512 512\" xmlns=\"http:\/\/www.w3.org\/2000\/svg\"><path d=\"M176 216h160c8.84 0 16-7.16 16-16v-16c0-8.84-7.16-16-16-16H176c-8.84 0-16 7.16-16 16v16c0 8.84 7.16 16 16 16zm-16 80c0 8.84 7.16 16 16 16h160c8.84 0 16-7.16 16-16v-16c0-8.84-7.16-16-16-16H176c-8.84 0-16 7.16-16 16v16zm96 121.13c-16.42 0-32.84-5.06-46.86-15.19L0 250.86V464c0 26.51 21.49 48 48 48h416c26.51 0 48-21.49 48-48V250.86L302.86 401.94c-14.02 10.12-30.44 15.19-46.86 15.19zm237.61-254.18c-8.85-6.94-17.24-13.47-29.61-22.81V96c0-26.51-21.49-48-48-48h-77.55c-3.04-2.2-5.87-4.26-9.04-6.56C312.6 29.17 279.2-.35 256 0c-23.2-.35-56.59 29.17-73.41 41.44-3.17 2.3-6 4.36-9.04 6.56H96c-26.51 0-48 21.49-48 48v44.14c-12.37 9.33-20.76 15.87-29.61 22.81A47.995 47.995 0 0 0 0 200.72v10.65l96 69.35V96h320v184.72l96-69.35v-10.65c0-14.74-6.78-28.67-18.39-37.77z\"><\/path><\/svg>\t\t\t<\/span>\n\t\t\t\t\t\t\t\t\t<span class=\"elementor-button-text\">Bizimle \u0130leti\u015fime Ge\u00e7in<\/span>\n\t\t\t\t\t<\/span>\n\t\t\t\t\t<\/a>\n\t\t\t\t\t\t\t\t<\/div>\n\t\t\t\t\t<\/div>\n\t\t<\/div>\n\t\t\t\t\t<\/div>\n\t\t<\/section>\n\t\t\t\t<\/div>","protected":false},"excerpt":{"rendered":"<p>Etiler Fest 2019 Etkinlik Filmi \u0130\u00e7in Neler Yapt\u0131k? \u00c7eli\u011fin hayat buldu\u011fu bir tesis mottosuyla ba\u015flad\u0131k tan\u0131t\u0131m filmi projemizin senaryosunu ve metinlerini yazmaya, g\u00fczel bir \u00e7ekim planlamas\u0131n\u0131n ard\u0131ndan t\u00fcm ekip ve ekipmanlarla Gebze\u2019de 4 g\u00fcn s\u00fcren bir \u00e7ekim ger\u00e7ekle\u015ftirdik. S\u00f6nmezler Metal\u2019in kendi tesislerinde metal \u00fcretimini t\u00fcm detaylar\u0131yla kurumsal tan\u0131t\u0131m filmi projemize aktard\u0131k. T\u00fcrk\u00e7e ve \u0130ngilizce profesyonel [&hellip;]<\/p>\n","protected":false},"author":1,"featured_media":0,"parent":5322,"menu_order":3,"comment_status":"closed","ping_status":"closed","template":"","meta":{"footnotes":""},"class_list":["post-5194","page","type-page","status-publish","hentry"],"yoast_head":"<!-- This site is optimized with the Yoast SEO plugin v27.5 - https:\/\/yoast.com\/product\/yoast-seo-wordpress\/ -->\n<title>Etiler Fest - Filmeks<\/title>\n<meta name=\"robots\" content=\"index, follow, max-snippet:-1, max-image-preview:large, max-video-preview:-1\" \/>\n<link rel=\"canonical\" href=\"https:\/\/filmeks.com.tr\/en\/projelerimiz\/etkinlik-filmi\/etiler-fest\/\" \/>\n<meta property=\"og:locale\" content=\"en_GB\" \/>\n<meta property=\"og:type\" content=\"article\" \/>\n<meta property=\"og:title\" content=\"Etiler Fest - Filmeks\" \/>\n<meta property=\"og:description\" content=\"Etiler Fest 2019 Etkinlik Filmi \u0130\u00e7in Neler Yapt\u0131k? \u00c7eli\u011fin hayat buldu\u011fu bir tesis mottosuyla ba\u015flad\u0131k tan\u0131t\u0131m filmi projemizin senaryosunu ve metinlerini yazmaya, g\u00fczel bir \u00e7ekim planlamas\u0131n\u0131n ard\u0131ndan t\u00fcm ekip ve ekipmanlarla Gebze\u2019de 4 g\u00fcn s\u00fcren bir \u00e7ekim ger\u00e7ekle\u015ftirdik. S\u00f6nmezler Metal\u2019in kendi tesislerinde metal \u00fcretimini t\u00fcm detaylar\u0131yla kurumsal tan\u0131t\u0131m filmi projemize aktard\u0131k. T\u00fcrk\u00e7e ve \u0130ngilizce profesyonel [&hellip;]\" \/>\n<meta property=\"og:url\" content=\"https:\/\/filmeks.com.tr\/en\/projelerimiz\/etkinlik-filmi\/etiler-fest\/\" \/>\n<meta property=\"og:site_name\" content=\"Filmeks\" \/>\n<meta property=\"article:modified_time\" content=\"2021-01-25T05:25:32+00:00\" \/>\n<meta name=\"twitter:card\" content=\"summary_large_image\" \/>\n<meta name=\"twitter:label1\" content=\"Estimated reading time\" \/>\n\t<meta name=\"twitter:data1\" content=\"1 minute\" \/>\n<script type=\"application\/ld+json\" class=\"yoast-schema-graph\">{\"@context\":\"https:\\\/\\\/schema.org\",\"@graph\":[{\"@type\":\"WebPage\",\"@id\":\"https:\\\/\\\/filmeks.com.tr\\\/projelerimiz\\\/etkinlik-filmi\\\/etiler-fest\\\/\",\"url\":\"https:\\\/\\\/filmeks.com.tr\\\/projelerimiz\\\/etkinlik-filmi\\\/etiler-fest\\\/\",\"name\":\"Etiler Fest - Filmeks\",\"isPartOf\":{\"@id\":\"https:\\\/\\\/filmeks.com.tr\\\/#website\"},\"datePublished\":\"2021-01-02T16:33:58+00:00\",\"dateModified\":\"2021-01-25T05:25:32+00:00\",\"breadcrumb\":{\"@id\":\"https:\\\/\\\/filmeks.com.tr\\\/projelerimiz\\\/etkinlik-filmi\\\/etiler-fest\\\/#breadcrumb\"},\"inLanguage\":\"en-GB\",\"potentialAction\":[{\"@type\":\"ReadAction\",\"target\":[\"https:\\\/\\\/filmeks.com.tr\\\/projelerimiz\\\/etkinlik-filmi\\\/etiler-fest\\\/\"]}]},{\"@type\":\"BreadcrumbList\",\"@id\":\"https:\\\/\\\/filmeks.com.tr\\\/projelerimiz\\\/etkinlik-filmi\\\/etiler-fest\\\/#breadcrumb\",\"itemListElement\":[{\"@type\":\"ListItem\",\"position\":1,\"name\":\"Home\",\"item\":\"https:\\\/\\\/filmeks.com.tr\\\/\"},{\"@type\":\"ListItem\",\"position\":2,\"name\":\"Projelerimiz\",\"item\":\"https:\\\/\\\/filmeks.com.tr\\\/projelerimiz\\\/\"},{\"@type\":\"ListItem\",\"position\":3,\"name\":\"Etkinlik Filmi\",\"item\":\"https:\\\/\\\/filmeks.com.tr\\\/projelerimiz\\\/etkinlik-filmi\\\/\"},{\"@type\":\"ListItem\",\"position\":4,\"name\":\"Etiler Fest\"}]},{\"@type\":\"WebSite\",\"@id\":\"https:\\\/\\\/filmeks.com.tr\\\/#website\",\"url\":\"https:\\\/\\\/filmeks.com.tr\\\/\",\"name\":\"Filmeks\",\"description\":\"Kurumsal Tan\u0131t\u0131m Filmi\",\"publisher\":{\"@id\":\"https:\\\/\\\/filmeks.com.tr\\\/#organization\"},\"potentialAction\":[{\"@type\":\"SearchAction\",\"target\":{\"@type\":\"EntryPoint\",\"urlTemplate\":\"https:\\\/\\\/filmeks.com.tr\\\/?s={search_term_string}\"},\"query-input\":{\"@type\":\"PropertyValueSpecification\",\"valueRequired\":true,\"valueName\":\"search_term_string\"}}],\"inLanguage\":\"en-GB\"},{\"@type\":\"Organization\",\"@id\":\"https:\\\/\\\/filmeks.com.tr\\\/#organization\",\"name\":\"Filmeks\",\"url\":\"https:\\\/\\\/filmeks.com.tr\\\/\",\"logo\":{\"@type\":\"ImageObject\",\"inLanguage\":\"en-GB\",\"@id\":\"https:\\\/\\\/filmeks.com.tr\\\/#\\\/schema\\\/logo\\\/image\\\/\",\"url\":\"https:\\\/\\\/filmeks.com.tr\\\/wp-content\\\/uploads\\\/2020\\\/12\\\/cropped-cropped-filmeks-logo-tall-min.png\",\"contentUrl\":\"https:\\\/\\\/filmeks.com.tr\\\/wp-content\\\/uploads\\\/2020\\\/12\\\/cropped-cropped-filmeks-logo-tall-min.png\",\"width\":250,\"height\":99,\"caption\":\"Filmeks\"},\"image\":{\"@id\":\"https:\\\/\\\/filmeks.com.tr\\\/#\\\/schema\\\/logo\\\/image\\\/\"}}]}<\/script>\n<!-- \/ Yoast SEO plugin. -->","yoast_head_json":{"title":"Etiler Fest - Filmeks","robots":{"index":"index","follow":"follow","max-snippet":"max-snippet:-1","max-image-preview":"max-image-preview:large","max-video-preview":"max-video-preview:-1"},"canonical":"https:\/\/filmeks.com.tr\/en\/projelerimiz\/etkinlik-filmi\/etiler-fest\/","og_locale":"en_GB","og_type":"article","og_title":"Etiler Fest - Filmeks","og_description":"Etiler Fest 2019 Etkinlik Filmi \u0130\u00e7in Neler Yapt\u0131k? \u00c7eli\u011fin hayat buldu\u011fu bir tesis mottosuyla ba\u015flad\u0131k tan\u0131t\u0131m filmi projemizin senaryosunu ve metinlerini yazmaya, g\u00fczel bir \u00e7ekim planlamas\u0131n\u0131n ard\u0131ndan t\u00fcm ekip ve ekipmanlarla Gebze\u2019de 4 g\u00fcn s\u00fcren bir \u00e7ekim ger\u00e7ekle\u015ftirdik. S\u00f6nmezler Metal\u2019in kendi tesislerinde metal \u00fcretimini t\u00fcm detaylar\u0131yla kurumsal tan\u0131t\u0131m filmi projemize aktard\u0131k. T\u00fcrk\u00e7e ve \u0130ngilizce profesyonel [&hellip;]","og_url":"https:\/\/filmeks.com.tr\/en\/projelerimiz\/etkinlik-filmi\/etiler-fest\/","og_site_name":"Filmeks","article_modified_time":"2021-01-25T05:25:32+00:00","twitter_card":"summary_large_image","twitter_misc":{"Estimated reading time":"1 minute"},"schema":{"@context":"https:\/\/schema.org","@graph":[{"@type":"WebPage","@id":"https:\/\/filmeks.com.tr\/projelerimiz\/etkinlik-filmi\/etiler-fest\/","url":"https:\/\/filmeks.com.tr\/projelerimiz\/etkinlik-filmi\/etiler-fest\/","name":"Etiler Fest - Filmeks","isPartOf":{"@id":"https:\/\/filmeks.com.tr\/#website"},"datePublished":"2021-01-02T16:33:58+00:00","dateModified":"2021-01-25T05:25:32+00:00","breadcrumb":{"@id":"https:\/\/filmeks.com.tr\/projelerimiz\/etkinlik-filmi\/etiler-fest\/#breadcrumb"},"inLanguage":"en-GB","potentialAction":[{"@type":"ReadAction","target":["https:\/\/filmeks.com.tr\/projelerimiz\/etkinlik-filmi\/etiler-fest\/"]}]},{"@type":"BreadcrumbList","@id":"https:\/\/filmeks.com.tr\/projelerimiz\/etkinlik-filmi\/etiler-fest\/#breadcrumb","itemListElement":[{"@type":"ListItem","position":1,"name":"Home","item":"https:\/\/filmeks.com.tr\/"},{"@type":"ListItem","position":2,"name":"Projelerimiz","item":"https:\/\/filmeks.com.tr\/projelerimiz\/"},{"@type":"ListItem","position":3,"name":"Etkinlik Filmi","item":"https:\/\/filmeks.com.tr\/projelerimiz\/etkinlik-filmi\/"},{"@type":"ListItem","position":4,"name":"Etiler Fest"}]},{"@type":"WebSite","@id":"https:\/\/filmeks.com.tr\/#website","url":"https:\/\/filmeks.com.tr\/","name":"Filmeks","description":"Kurumsal Tan\u0131t\u0131m Filmi","publisher":{"@id":"https:\/\/filmeks.com.tr\/#organization"},"potentialAction":[{"@type":"SearchAction","target":{"@type":"EntryPoint","urlTemplate":"https:\/\/filmeks.com.tr\/?s={search_term_string}"},"query-input":{"@type":"PropertyValueSpecification","valueRequired":true,"valueName":"search_term_string"}}],"inLanguage":"en-GB"},{"@type":"Organization","@id":"https:\/\/filmeks.com.tr\/#organization","name":"Filmeks","url":"https:\/\/filmeks.com.tr\/","logo":{"@type":"ImageObject","inLanguage":"en-GB","@id":"https:\/\/filmeks.com.tr\/#\/schema\/logo\/image\/","url":"https:\/\/filmeks.com.tr\/wp-content\/uploads\/2020\/12\/cropped-cropped-filmeks-logo-tall-min.png","contentUrl":"https:\/\/filmeks.com.tr\/wp-content\/uploads\/2020\/12\/cropped-cropped-filmeks-logo-tall-min.png","width":250,"height":99,"caption":"Filmeks"},"image":{"@id":"https:\/\/filmeks.com.tr\/#\/schema\/logo\/image\/"}}]}},"_links":{"self":[{"href":"https:\/\/filmeks.com.tr\/en\/wp-json\/wp\/v2\/pages\/5194","targetHints":{"allow":["GET"]}}],"collection":[{"href":"https:\/\/filmeks.com.tr\/en\/wp-json\/wp\/v2\/pages"}],"about":[{"href":"https:\/\/filmeks.com.tr\/en\/wp-json\/wp\/v2\/types\/page"}],"author":[{"embeddable":true,"href":"https:\/\/filmeks.com.tr\/en\/wp-json\/wp\/v2\/users\/1"}],"replies":[{"embeddable":true,"href":"https:\/\/filmeks.com.tr\/en\/wp-json\/wp\/v2\/comments?post=5194"}],"version-history":[{"count":14,"href":"https:\/\/filmeks.com.tr\/en\/wp-json\/wp\/v2\/pages\/5194\/revisions"}],"predecessor-version":[{"id":6109,"href":"https:\/\/filmeks.com.tr\/en\/wp-json\/wp\/v2\/pages\/5194\/revisions\/6109"}],"up":[{"embeddable":true,"href":"https:\/\/filmeks.com.tr\/en\/wp-json\/wp\/v2\/pages\/5322"}],"wp:attachment":[{"href":"https:\/\/filmeks.com.tr\/en\/wp-json\/wp\/v2\/media?parent=5194"}],"curies":[{"name":"wp","href":"https:\/\/api.w.org\/{rel}","templated":true}]}}