{"id":5358,"date":"2021-01-03T17:16:46","date_gmt":"2021-01-03T14:16:46","guid":{"rendered":"https:\/\/filmeks.com.tr\/?page_id=5358"},"modified":"2025-02-10T16:20:35","modified_gmt":"2025-02-10T13:20:35","slug":"studyomuz","status":"publish","type":"page","link":"https:\/\/filmeks.com.tr\/en\/studyomuz\/","title":{"rendered":"St\u00fcdyomuz"},"content":{"rendered":"<div data-elementor-type=\"wp-page\" data-elementor-id=\"5358\" class=\"elementor elementor-5358\">\n\t\t\t\t\t\t<section class=\"elementor-section elementor-top-section elementor-element elementor-element-a1fc005 elementor-section-boxed elementor-section-height-default elementor-section-height-default\" data-id=\"a1fc005\" data-element_type=\"section\" data-e-type=\"section\">\n\t\t\t\t\t\t<div class=\"elementor-container elementor-column-gap-default\">\n\t\t\t\t\t<div class=\"elementor-column elementor-col-50 elementor-top-column elementor-element elementor-element-9d3e80b\" data-id=\"9d3e80b\" data-element_type=\"column\" data-e-type=\"column\">\n\t\t\t<div class=\"elementor-widget-wrap elementor-element-populated\">\n\t\t\t\t\t\t<div class=\"elementor-element elementor-element-d3b3410 elementor-widget elementor-widget-image\" data-id=\"d3b3410\" data-element_type=\"widget\" data-e-type=\"widget\" data-widget_type=\"image.default\">\n\t\t\t\t\t\t\t\t\t\t\t\t\t\t\t<img fetchpriority=\"high\" decoding=\"async\" width=\"470\" height=\"602\" src=\"https:\/\/filmeks.com.tr\/wp-content\/uploads\/2020\/12\/filmeks-studyo.jpg\" class=\"attachment-full size-full wp-image-4357\" alt=\"\" srcset=\"https:\/\/filmeks.com.tr\/wp-content\/uploads\/2020\/12\/filmeks-studyo.jpg 470w, https:\/\/filmeks.com.tr\/wp-content\/uploads\/2020\/12\/filmeks-studyo-234x300.jpg 234w, https:\/\/filmeks.com.tr\/wp-content\/uploads\/2020\/12\/filmeks-studyo-9x12.jpg 9w\" sizes=\"(max-width: 470px) 100vw, 470px\" \/>\t\t\t\t\t\t\t\t\t\t\t\t\t\t\t<\/div>\n\t\t\t\t\t<\/div>\n\t\t<\/div>\n\t\t\t\t<div class=\"elementor-column elementor-col-50 elementor-top-column elementor-element elementor-element-ccee45e\" data-id=\"ccee45e\" data-element_type=\"column\" data-e-type=\"column\">\n\t\t\t<div class=\"elementor-widget-wrap elementor-element-populated\">\n\t\t\t\t\t\t<div class=\"elementor-element elementor-element-fffe3d2 elementor-widget elementor-widget-text-editor\" data-id=\"fffe3d2\" data-element_type=\"widget\" data-e-type=\"widget\" data-widget_type=\"text-editor.default\">\n\t\t\t\t\t\t\t\t\t<p><strong>Ba\u015far\u0131l\u0131 prod\u00fcksiyonlar\u0131m\u0131z\u0131, moda \u00e7ekimlerimizi, tan\u0131t\u0131m filmlerimizi ve foto\u011fraf \u00e7ekimlerimizi tam donan\u0131ml\u0131 st\u00fcdyomuzda ger\u00e7ekle\u015ftiriyoruz.<\/strong><\/p>\t\t\t\t\t\t\t\t<\/div>\n\t\t\t\t<div class=\"elementor-element elementor-element-19e50dc elementor-widget elementor-widget-text-editor\" data-id=\"19e50dc\" data-element_type=\"widget\" data-e-type=\"widget\" data-widget_type=\"text-editor.default\">\n\t\t\t\t\t\t\t\t\t<p>\u0130stanbul Anadolu yakas\u0131ndaki 160m2&#8217;lik iki katl\u0131 st\u00fcdyomuz haz\u0131rlad\u0131\u011f\u0131m\u0131z film ve foto\u011fraf prod\u00fcksiyonlar\u0131m\u0131z i\u00e7in geni\u015f olanak sa\u011fl\u0131yor.<br \/><br \/>Projeler i\u00e7in ihtiya\u00e7 olan t\u00fcm teknik ekip ve ekipmana sahip 1 adet &#8216;green box&#8217;, 1 adet sonsuz beyaz fon ve bir adet de de\u011fi\u015ftirilebilir fon format alan\u0131m\u0131z ve bir adet seslendirme st\u00fcdyomuz bulunmaktad\u0131r.<br \/><br \/>Film ve foto\u011fraf projeleriniz i\u00e7in ki\u015fiselle\u015ftirilebilir tasar\u0131mlar ile t\u00fcm prod\u00fcksiyonlar\u0131 keyifle s\u00fcrd\u00fcrmekteyiz.<br \/><br \/>Projeleriniz i\u00e7in sizleri st\u00fcdyomuza bekliyoruz.<\/p>\t\t\t\t\t\t\t\t<\/div>\n\t\t\t\t\t<\/div>\n\t\t<\/div>\n\t\t\t\t\t<\/div>\n\t\t<\/section>\n\t\t\t\t<section class=\"elementor-section elementor-top-section elementor-element elementor-element-9ffb9f8 elementor-section-boxed elementor-section-height-default elementor-section-height-default\" data-id=\"9ffb9f8\" data-element_type=\"section\" data-e-type=\"section\">\n\t\t\t\t\t\t<div class=\"elementor-container elementor-column-gap-default\">\n\t\t\t\t\t<div class=\"elementor-column elementor-col-100 elementor-top-column elementor-element elementor-element-8024e3a\" data-id=\"8024e3a\" data-element_type=\"column\" data-e-type=\"column\">\n\t\t\t<div class=\"elementor-widget-wrap elementor-element-populated\">\n\t\t\t\t\t\t<div class=\"elementor-element elementor-element-40331cb elementor-widget elementor-widget-text-editor\" data-id=\"40331cb\" data-element_type=\"widget\" data-e-type=\"widget\" data-widget_type=\"text-editor.default\">\n\t\t\t\t\t\t\t\t\t<h3>St\u00fcdyomuzu daha yak\u0131ndan inceleyelim&#8230;<\/h3>\t\t\t\t\t\t\t\t<\/div>\n\t\t\t\t\t<\/div>\n\t\t<\/div>\n\t\t\t\t\t<\/div>\n\t\t<\/section>\n\t\t\t\t<section class=\"elementor-section elementor-top-section elementor-element elementor-element-5a91dd2 elementor-section-boxed elementor-section-height-default elementor-section-height-default\" data-id=\"5a91dd2\" data-element_type=\"section\" data-e-type=\"section\">\n\t\t\t\t\t\t<div class=\"elementor-container elementor-column-gap-default\">\n\t\t\t\t\t<div class=\"elementor-column elementor-col-100 elementor-top-column elementor-element elementor-element-a9e1961\" data-id=\"a9e1961\" data-element_type=\"column\" data-e-type=\"column\">\n\t\t\t<div class=\"elementor-widget-wrap\">\n\t\t\t\t\t\t\t<\/div>\n\t\t<\/div>\n\t\t\t\t\t<\/div>\n\t\t<\/section>\n\t\t\t\t<\/div>","protected":false},"excerpt":{"rendered":"<p>Ba\u015far\u0131l\u0131 prod\u00fcksiyonlar\u0131m\u0131z\u0131, moda \u00e7ekimlerimizi, tan\u0131t\u0131m filmlerimizi ve foto\u011fraf \u00e7ekimlerimizi tam donan\u0131ml\u0131 st\u00fcdyomuzda ger\u00e7ekle\u015ftiriyoruz. \u0130stanbul Anadolu yakas\u0131ndaki 160m2&#8217;lik iki katl\u0131 st\u00fcdyomuz haz\u0131rlad\u0131\u011f\u0131m\u0131z film ve foto\u011fraf prod\u00fcksiyonlar\u0131m\u0131z i\u00e7in geni\u015f olanak sa\u011fl\u0131yor. Projeler i\u00e7in ihtiya\u00e7 olan t\u00fcm teknik ekip ve ekipmana sahip 1 adet &#8216;green box&#8217;, 1 adet sonsuz beyaz fon ve bir adet de de\u011fi\u015ftirilebilir fon format [&hellip;]<\/p>\n","protected":false},"author":1,"featured_media":0,"parent":0,"menu_order":0,"comment_status":"closed","ping_status":"closed","template":"","meta":{"footnotes":""},"class_list":["post-5358","page","type-page","status-publish","hentry"],"yoast_head":"<!-- This site is optimized with the Yoast SEO plugin v27.4 - https:\/\/yoast.com\/product\/yoast-seo-wordpress\/ -->\n<title>St\u00fcdyomuz - Filmeks<\/title>\n<meta name=\"robots\" content=\"index, follow, max-snippet:-1, max-image-preview:large, max-video-preview:-1\" \/>\n<link rel=\"canonical\" href=\"https:\/\/filmeks.com.tr\/en\/studyomuz\/\" \/>\n<meta property=\"og:locale\" content=\"en_GB\" \/>\n<meta property=\"og:type\" content=\"article\" \/>\n<meta property=\"og:title\" content=\"St\u00fcdyomuz - Filmeks\" \/>\n<meta property=\"og:description\" content=\"Ba\u015far\u0131l\u0131 prod\u00fcksiyonlar\u0131m\u0131z\u0131, moda \u00e7ekimlerimizi, tan\u0131t\u0131m filmlerimizi ve foto\u011fraf \u00e7ekimlerimizi tam donan\u0131ml\u0131 st\u00fcdyomuzda ger\u00e7ekle\u015ftiriyoruz. \u0130stanbul Anadolu yakas\u0131ndaki 160m2&#8217;lik iki katl\u0131 st\u00fcdyomuz haz\u0131rlad\u0131\u011f\u0131m\u0131z film ve foto\u011fraf prod\u00fcksiyonlar\u0131m\u0131z i\u00e7in geni\u015f olanak sa\u011fl\u0131yor. Projeler i\u00e7in ihtiya\u00e7 olan t\u00fcm teknik ekip ve ekipmana sahip 1 adet &#8216;green box&#8217;, 1 adet sonsuz beyaz fon ve bir adet de de\u011fi\u015ftirilebilir fon format [&hellip;]\" \/>\n<meta property=\"og:url\" content=\"https:\/\/filmeks.com.tr\/en\/studyomuz\/\" \/>\n<meta property=\"og:site_name\" content=\"Filmeks\" \/>\n<meta property=\"article:modified_time\" content=\"2025-02-10T13:20:35+00:00\" \/>\n<meta property=\"og:image\" content=\"http:\/\/filmeks.com.tr\/wp-content\/uploads\/2020\/12\/filmeks-studyo.jpg\" \/>\n<meta name=\"twitter:card\" content=\"summary_large_image\" \/>\n<meta name=\"twitter:label1\" content=\"Estimated reading time\" \/>\n\t<meta name=\"twitter:data1\" content=\"1 minute\" \/>\n<script type=\"application\/ld+json\" class=\"yoast-schema-graph\">{\"@context\":\"https:\\\/\\\/schema.org\",\"@graph\":[{\"@type\":\"WebPage\",\"@id\":\"https:\\\/\\\/filmeks.com.tr\\\/studyomuz\\\/\",\"url\":\"https:\\\/\\\/filmeks.com.tr\\\/studyomuz\\\/\",\"name\":\"St\u00fcdyomuz - Filmeks\",\"isPartOf\":{\"@id\":\"https:\\\/\\\/filmeks.com.tr\\\/#website\"},\"primaryImageOfPage\":{\"@id\":\"https:\\\/\\\/filmeks.com.tr\\\/studyomuz\\\/#primaryimage\"},\"image\":{\"@id\":\"https:\\\/\\\/filmeks.com.tr\\\/studyomuz\\\/#primaryimage\"},\"thumbnailUrl\":\"http:\\\/\\\/filmeks.com.tr\\\/wp-content\\\/uploads\\\/2020\\\/12\\\/filmeks-studyo.jpg\",\"datePublished\":\"2021-01-03T14:16:46+00:00\",\"dateModified\":\"2025-02-10T13:20:35+00:00\",\"breadcrumb\":{\"@id\":\"https:\\\/\\\/filmeks.com.tr\\\/studyomuz\\\/#breadcrumb\"},\"inLanguage\":\"en-GB\",\"potentialAction\":[{\"@type\":\"ReadAction\",\"target\":[\"https:\\\/\\\/filmeks.com.tr\\\/studyomuz\\\/\"]}]},{\"@type\":\"ImageObject\",\"inLanguage\":\"en-GB\",\"@id\":\"https:\\\/\\\/filmeks.com.tr\\\/studyomuz\\\/#primaryimage\",\"url\":\"http:\\\/\\\/filmeks.com.tr\\\/wp-content\\\/uploads\\\/2020\\\/12\\\/filmeks-studyo.jpg\",\"contentUrl\":\"http:\\\/\\\/filmeks.com.tr\\\/wp-content\\\/uploads\\\/2020\\\/12\\\/filmeks-studyo.jpg\"},{\"@type\":\"BreadcrumbList\",\"@id\":\"https:\\\/\\\/filmeks.com.tr\\\/studyomuz\\\/#breadcrumb\",\"itemListElement\":[{\"@type\":\"ListItem\",\"position\":1,\"name\":\"Home\",\"item\":\"https:\\\/\\\/filmeks.com.tr\\\/\"},{\"@type\":\"ListItem\",\"position\":2,\"name\":\"St\u00fcdyomuz\"}]},{\"@type\":\"WebSite\",\"@id\":\"https:\\\/\\\/filmeks.com.tr\\\/#website\",\"url\":\"https:\\\/\\\/filmeks.com.tr\\\/\",\"name\":\"Filmeks\",\"description\":\"Kurumsal Tan\u0131t\u0131m Filmi\",\"publisher\":{\"@id\":\"https:\\\/\\\/filmeks.com.tr\\\/#organization\"},\"potentialAction\":[{\"@type\":\"SearchAction\",\"target\":{\"@type\":\"EntryPoint\",\"urlTemplate\":\"https:\\\/\\\/filmeks.com.tr\\\/?s={search_term_string}\"},\"query-input\":{\"@type\":\"PropertyValueSpecification\",\"valueRequired\":true,\"valueName\":\"search_term_string\"}}],\"inLanguage\":\"en-GB\"},{\"@type\":\"Organization\",\"@id\":\"https:\\\/\\\/filmeks.com.tr\\\/#organization\",\"name\":\"Filmeks\",\"url\":\"https:\\\/\\\/filmeks.com.tr\\\/\",\"logo\":{\"@type\":\"ImageObject\",\"inLanguage\":\"en-GB\",\"@id\":\"https:\\\/\\\/filmeks.com.tr\\\/#\\\/schema\\\/logo\\\/image\\\/\",\"url\":\"https:\\\/\\\/filmeks.com.tr\\\/wp-content\\\/uploads\\\/2020\\\/12\\\/cropped-cropped-filmeks-logo-tall-min.png\",\"contentUrl\":\"https:\\\/\\\/filmeks.com.tr\\\/wp-content\\\/uploads\\\/2020\\\/12\\\/cropped-cropped-filmeks-logo-tall-min.png\",\"width\":250,\"height\":99,\"caption\":\"Filmeks\"},\"image\":{\"@id\":\"https:\\\/\\\/filmeks.com.tr\\\/#\\\/schema\\\/logo\\\/image\\\/\"}}]}<\/script>\n<!-- \/ Yoast SEO plugin. -->","yoast_head_json":{"title":"St\u00fcdyomuz - Filmeks","robots":{"index":"index","follow":"follow","max-snippet":"max-snippet:-1","max-image-preview":"max-image-preview:large","max-video-preview":"max-video-preview:-1"},"canonical":"https:\/\/filmeks.com.tr\/en\/studyomuz\/","og_locale":"en_GB","og_type":"article","og_title":"St\u00fcdyomuz - Filmeks","og_description":"Ba\u015far\u0131l\u0131 prod\u00fcksiyonlar\u0131m\u0131z\u0131, moda \u00e7ekimlerimizi, tan\u0131t\u0131m filmlerimizi ve foto\u011fraf \u00e7ekimlerimizi tam donan\u0131ml\u0131 st\u00fcdyomuzda ger\u00e7ekle\u015ftiriyoruz. \u0130stanbul Anadolu yakas\u0131ndaki 160m2&#8217;lik iki katl\u0131 st\u00fcdyomuz haz\u0131rlad\u0131\u011f\u0131m\u0131z film ve foto\u011fraf prod\u00fcksiyonlar\u0131m\u0131z i\u00e7in geni\u015f olanak sa\u011fl\u0131yor. Projeler i\u00e7in ihtiya\u00e7 olan t\u00fcm teknik ekip ve ekipmana sahip 1 adet &#8216;green box&#8217;, 1 adet sonsuz beyaz fon ve bir adet de de\u011fi\u015ftirilebilir fon format [&hellip;]","og_url":"https:\/\/filmeks.com.tr\/en\/studyomuz\/","og_site_name":"Filmeks","article_modified_time":"2025-02-10T13:20:35+00:00","og_image":[{"url":"http:\/\/filmeks.com.tr\/wp-content\/uploads\/2020\/12\/filmeks-studyo.jpg","type":"","width":"","height":""}],"twitter_card":"summary_large_image","twitter_misc":{"Estimated reading time":"1 minute"},"schema":{"@context":"https:\/\/schema.org","@graph":[{"@type":"WebPage","@id":"https:\/\/filmeks.com.tr\/studyomuz\/","url":"https:\/\/filmeks.com.tr\/studyomuz\/","name":"St\u00fcdyomuz - Filmeks","isPartOf":{"@id":"https:\/\/filmeks.com.tr\/#website"},"primaryImageOfPage":{"@id":"https:\/\/filmeks.com.tr\/studyomuz\/#primaryimage"},"image":{"@id":"https:\/\/filmeks.com.tr\/studyomuz\/#primaryimage"},"thumbnailUrl":"http:\/\/filmeks.com.tr\/wp-content\/uploads\/2020\/12\/filmeks-studyo.jpg","datePublished":"2021-01-03T14:16:46+00:00","dateModified":"2025-02-10T13:20:35+00:00","breadcrumb":{"@id":"https:\/\/filmeks.com.tr\/studyomuz\/#breadcrumb"},"inLanguage":"en-GB","potentialAction":[{"@type":"ReadAction","target":["https:\/\/filmeks.com.tr\/studyomuz\/"]}]},{"@type":"ImageObject","inLanguage":"en-GB","@id":"https:\/\/filmeks.com.tr\/studyomuz\/#primaryimage","url":"http:\/\/filmeks.com.tr\/wp-content\/uploads\/2020\/12\/filmeks-studyo.jpg","contentUrl":"http:\/\/filmeks.com.tr\/wp-content\/uploads\/2020\/12\/filmeks-studyo.jpg"},{"@type":"BreadcrumbList","@id":"https:\/\/filmeks.com.tr\/studyomuz\/#breadcrumb","itemListElement":[{"@type":"ListItem","position":1,"name":"Home","item":"https:\/\/filmeks.com.tr\/"},{"@type":"ListItem","position":2,"name":"St\u00fcdyomuz"}]},{"@type":"WebSite","@id":"https:\/\/filmeks.com.tr\/#website","url":"https:\/\/filmeks.com.tr\/","name":"Filmeks","description":"Kurumsal Tan\u0131t\u0131m Filmi","publisher":{"@id":"https:\/\/filmeks.com.tr\/#organization"},"potentialAction":[{"@type":"SearchAction","target":{"@type":"EntryPoint","urlTemplate":"https:\/\/filmeks.com.tr\/?s={search_term_string}"},"query-input":{"@type":"PropertyValueSpecification","valueRequired":true,"valueName":"search_term_string"}}],"inLanguage":"en-GB"},{"@type":"Organization","@id":"https:\/\/filmeks.com.tr\/#organization","name":"Filmeks","url":"https:\/\/filmeks.com.tr\/","logo":{"@type":"ImageObject","inLanguage":"en-GB","@id":"https:\/\/filmeks.com.tr\/#\/schema\/logo\/image\/","url":"https:\/\/filmeks.com.tr\/wp-content\/uploads\/2020\/12\/cropped-cropped-filmeks-logo-tall-min.png","contentUrl":"https:\/\/filmeks.com.tr\/wp-content\/uploads\/2020\/12\/cropped-cropped-filmeks-logo-tall-min.png","width":250,"height":99,"caption":"Filmeks"},"image":{"@id":"https:\/\/filmeks.com.tr\/#\/schema\/logo\/image\/"}}]}},"_links":{"self":[{"href":"https:\/\/filmeks.com.tr\/en\/wp-json\/wp\/v2\/pages\/5358","targetHints":{"allow":["GET"]}}],"collection":[{"href":"https:\/\/filmeks.com.tr\/en\/wp-json\/wp\/v2\/pages"}],"about":[{"href":"https:\/\/filmeks.com.tr\/en\/wp-json\/wp\/v2\/types\/page"}],"author":[{"embeddable":true,"href":"https:\/\/filmeks.com.tr\/en\/wp-json\/wp\/v2\/users\/1"}],"replies":[{"embeddable":true,"href":"https:\/\/filmeks.com.tr\/en\/wp-json\/wp\/v2\/comments?post=5358"}],"version-history":[{"count":28,"href":"https:\/\/filmeks.com.tr\/en\/wp-json\/wp\/v2\/pages\/5358\/revisions"}],"predecessor-version":[{"id":6810,"href":"https:\/\/filmeks.com.tr\/en\/wp-json\/wp\/v2\/pages\/5358\/revisions\/6810"}],"wp:attachment":[{"href":"https:\/\/filmeks.com.tr\/en\/wp-json\/wp\/v2\/media?parent=5358"}],"curies":[{"name":"wp","href":"https:\/\/api.w.org\/{rel}","templated":true}]}}