{"id":5531,"date":"2021-01-09T21:45:41","date_gmt":"2021-01-09T18:45:41","guid":{"rendered":"https:\/\/filmeks.com.tr\/?page_id=5531"},"modified":"2021-01-17T02:08:27","modified_gmt":"2021-01-16T23:08:27","slug":"produksiyon","status":"publish","type":"page","link":"https:\/\/filmeks.com.tr\/en\/hizmetlerimiz\/produksiyon\/","title":{"rendered":"Prod\u00fcksiyon"},"content":{"rendered":"\t\t<div data-elementor-type=\"wp-page\" data-elementor-id=\"5531\" class=\"elementor elementor-5531\">\n\t\t\t\t\t\t<section class=\"elementor-section elementor-top-section elementor-element elementor-element-7c0fed28 elementor-section-boxed elementor-section-height-default elementor-section-height-default\" data-id=\"7c0fed28\" data-element_type=\"section\" data-e-type=\"section\">\n\t\t\t\t\t\t<div class=\"elementor-container elementor-column-gap-default\">\n\t\t\t\t\t<div class=\"elementor-column elementor-col-100 elementor-top-column elementor-element elementor-element-512207c8\" data-id=\"512207c8\" data-element_type=\"column\" data-e-type=\"column\">\n\t\t\t<div class=\"elementor-widget-wrap elementor-element-populated\">\n\t\t\t\t\t\t<div class=\"elementor-element elementor-element-15f2394a elementor-widget elementor-widget-text-editor\" data-id=\"15f2394a\" data-element_type=\"widget\" data-e-type=\"widget\" data-widget_type=\"text-editor.default\">\n\t\t\t\t\t\t\t\t\t<p>Prod\u00fcksiyon | Filmeks<\/p>\t\t\t\t\t\t\t\t<\/div>\n\t\t\t\t<div class=\"elementor-element elementor-element-4d1af775 elementor-widget elementor-widget-heading\" data-id=\"4d1af775\" data-element_type=\"widget\" data-e-type=\"widget\" data-widget_type=\"heading.default\">\n\t\t\t\t\t<h2 class=\"elementor-heading-title elementor-size-default\">Do\u011fru Prod\u00fcksiyon ile Ba\u015far\u0131l\u0131 Filmlere Sahip Olun!<\/h2>\t\t\t\t<\/div>\n\t\t\t\t\t<\/div>\n\t\t<\/div>\n\t\t\t\t\t<\/div>\n\t\t<\/section>\n\t\t\t\t<section class=\"elementor-section elementor-top-section elementor-element elementor-element-3cdaea6a elementor-section-boxed elementor-section-height-default elementor-section-height-default\" data-id=\"3cdaea6a\" data-element_type=\"section\" data-e-type=\"section\">\n\t\t\t\t\t\t<div class=\"elementor-container elementor-column-gap-default\">\n\t\t\t\t\t<div class=\"elementor-column elementor-col-50 elementor-top-column elementor-element elementor-element-1eecfcd7\" data-id=\"1eecfcd7\" data-element_type=\"column\" data-e-type=\"column\">\n\t\t\t<div class=\"elementor-widget-wrap elementor-element-populated\">\n\t\t\t\t\t\t<div class=\"elementor-element elementor-element-470e8f0e elementor-widget elementor-widget-image\" data-id=\"470e8f0e\" data-element_type=\"widget\" data-e-type=\"widget\" data-widget_type=\"image.default\">\n\t\t\t\t\t\t\t\t\t\t\t\t\t\t\t<img fetchpriority=\"high\" decoding=\"async\" width=\"540\" height=\"663\" src=\"https:\/\/filmeks.com.tr\/wp-content\/uploads\/2021\/01\/produksiyon.jpg\" class=\"attachment-large size-large wp-image-5533\" alt=\"\" srcset=\"https:\/\/filmeks.com.tr\/wp-content\/uploads\/2021\/01\/produksiyon.jpg 540w, https:\/\/filmeks.com.tr\/wp-content\/uploads\/2021\/01\/produksiyon-244x300.jpg 244w, https:\/\/filmeks.com.tr\/wp-content\/uploads\/2021\/01\/produksiyon-10x12.jpg 10w\" sizes=\"(max-width: 540px) 100vw, 540px\" \/>\t\t\t\t\t\t\t\t\t\t\t\t\t\t\t<\/div>\n\t\t\t\t<section class=\"elementor-section elementor-inner-section elementor-element elementor-element-4d795c40 elementor-section-boxed elementor-section-height-default elementor-section-height-default\" data-id=\"4d795c40\" data-element_type=\"section\" data-e-type=\"section\">\n\t\t\t\t\t\t<div class=\"elementor-container elementor-column-gap-default\">\n\t\t\t\t\t<div class=\"elementor-column elementor-col-100 elementor-inner-column elementor-element elementor-element-659d2eb7\" data-id=\"659d2eb7\" data-element_type=\"column\" data-e-type=\"column\">\n\t\t\t<div class=\"elementor-widget-wrap elementor-element-populated\">\n\t\t\t\t\t\t<div class=\"elementor-element elementor-element-5438d16d elementor-widget-divider--view-line elementor-widget elementor-widget-divider\" data-id=\"5438d16d\" data-element_type=\"widget\" data-e-type=\"widget\" data-widget_type=\"divider.default\">\n\t\t\t\t\t\t\t<div class=\"elementor-divider\">\n\t\t\t<span class=\"elementor-divider-separator\">\n\t\t\t\t\t\t<\/span>\n\t\t<\/div>\n\t\t\t\t\t\t<\/div>\n\t\t\t\t<div class=\"elementor-element elementor-element-4984ed4b elementor-widget elementor-widget-text-editor\" data-id=\"4984ed4b\" data-element_type=\"widget\" data-e-type=\"widget\" data-widget_type=\"text-editor.default\">\n\t\t\t\t\t\t\t\t\t<p>Projelerinizi ve fikirlerinizi dinliyor onlar i\u00e7in t\u00fcm altyap\u0131 deste\u011fini sa\u011fl\u0131yor, film ve foto\u011fraf prod\u00fcksiyon projelerinizi planlay\u0131p y\u00fcksek teknolojiye sahip kamera ve ekipmanlar ve ba\u015far\u0131l\u0131 bir prod\u00fcksiyon ekibi ile hayata ge\u00e7iriyoruz.<\/p><p>Filmeks, \u00f6d\u00fcll\u00fc belgesel filmleri, k\u0131sa ve uzun metrajl\u0131 filmleri, moda \u00e7ekimleri, canl\u0131 yay\u0131n prod\u00fcksiyonlar\u0131, tan\u0131t\u0131m filmleri ile prod\u00fcksiyon ihtiya\u00e7lar\u0131n\u0131z\u0131 kar\u015f\u0131l\u0131yor. Etkili film ve foto\u011fraf servisi ile mutlu m\u00fc\u015fterilerine her g\u00fcn yenilerini ekliyor.<\/p>\t\t\t\t\t\t\t\t<\/div>\n\t\t\t\t\t<\/div>\n\t\t<\/div>\n\t\t\t\t\t<\/div>\n\t\t<\/section>\n\t\t\t\t\t<\/div>\n\t\t<\/div>\n\t\t\t\t<div class=\"elementor-column elementor-col-50 elementor-top-column elementor-element elementor-element-3240e9c7\" data-id=\"3240e9c7\" data-element_type=\"column\" data-e-type=\"column\">\n\t\t\t<div class=\"elementor-widget-wrap elementor-element-populated\">\n\t\t\t\t\t\t<section class=\"elementor-section elementor-inner-section elementor-element elementor-element-4952017e elementor-section-boxed elementor-section-height-default elementor-section-height-default\" data-id=\"4952017e\" data-element_type=\"section\" data-e-type=\"section\">\n\t\t\t\t\t\t<div class=\"elementor-container elementor-column-gap-default\">\n\t\t\t\t\t<div class=\"elementor-column elementor-col-100 elementor-inner-column elementor-element elementor-element-16348fbe\" data-id=\"16348fbe\" data-element_type=\"column\" data-e-type=\"column\">\n\t\t\t<div class=\"elementor-widget-wrap elementor-element-populated\">\n\t\t\t\t\t\t<div class=\"elementor-element elementor-element-281fa9fc elementor-widget-divider--view-line elementor-widget elementor-widget-divider\" data-id=\"281fa9fc\" data-element_type=\"widget\" data-e-type=\"widget\" data-widget_type=\"divider.default\">\n\t\t\t\t\t\t\t<div class=\"elementor-divider\">\n\t\t\t<span class=\"elementor-divider-separator\">\n\t\t\t\t\t\t<\/span>\n\t\t<\/div>\n\t\t\t\t\t\t<\/div>\n\t\t\t\t<div class=\"elementor-element elementor-element-5efa49cb elementor-widget elementor-widget-text-editor\" data-id=\"5efa49cb\" data-element_type=\"widget\" data-e-type=\"widget\" data-widget_type=\"text-editor.default\">\n\t\t\t\t\t\t\t\t\t<p>Filmeks Film ekibi olarak yarat\u0131c\u0131 hikayelerimizi zengin prod\u00fcksiyonlarla bulu\u015fturuyor, \u00e7evremizi, kitlemizi ve sevenlerimizi sinemadan belgesele, tan\u0131t\u0131m filmlerinden, reklam filmlerine, moda foto\u011fraf \u00e7ekimlerinden i\u015f g\u00fcvenli\u011fi filmlerine kadar sekt\u00f6r\u00fcm\u00fcz\u00fcn her alan\u0131nda ba\u015far\u0131l\u0131 prod\u00fcksiyonlar \u00fcretmeye devam ediyoruz.<\/p>\t\t\t\t\t\t\t\t<\/div>\n\t\t\t\t\t<\/div>\n\t\t<\/div>\n\t\t\t\t\t<\/div>\n\t\t<\/section>\n\t\t\t\t<div class=\"elementor-element elementor-element-511ee211 elementor-widget elementor-widget-image\" data-id=\"511ee211\" data-element_type=\"widget\" data-e-type=\"widget\" data-widget_type=\"image.default\">\n\t\t\t\t\t\t\t\t\t\t\t\t\t\t\t<img decoding=\"async\" width=\"540\" height=\"663\" src=\"https:\/\/filmeks.com.tr\/wp-content\/uploads\/2021\/01\/produksiyon-2.jpg\" class=\"attachment-large size-large wp-image-5534\" alt=\"\" srcset=\"https:\/\/filmeks.com.tr\/wp-content\/uploads\/2021\/01\/produksiyon-2.jpg 540w, https:\/\/filmeks.com.tr\/wp-content\/uploads\/2021\/01\/produksiyon-2-244x300.jpg 244w, https:\/\/filmeks.com.tr\/wp-content\/uploads\/2021\/01\/produksiyon-2-10x12.jpg 10w\" sizes=\"(max-width: 540px) 100vw, 540px\" \/>\t\t\t\t\t\t\t\t\t\t\t\t\t\t\t<\/div>\n\t\t\t\t\t<\/div>\n\t\t<\/div>\n\t\t\t\t\t<\/div>\n\t\t<\/section>\n\t\t\t\t<section class=\"elementor-section elementor-inner-section elementor-element elementor-element-f288234 elementor-section-boxed elementor-section-height-default elementor-section-height-default\" data-id=\"f288234\" data-element_type=\"section\" data-e-type=\"section\">\n\t\t\t\t\t\t<div class=\"elementor-container elementor-column-gap-default\">\n\t\t\t\t\t<div class=\"elementor-column elementor-col-100 elementor-inner-column elementor-element elementor-element-7e0df872\" data-id=\"7e0df872\" data-element_type=\"column\" data-e-type=\"column\">\n\t\t\t<div class=\"elementor-widget-wrap elementor-element-populated\">\n\t\t\t\t\t\t<div class=\"elementor-element elementor-element-76e5c356 elementor-align-center elementor-button-success elementor-widget elementor-widget-button\" data-id=\"76e5c356\" data-element_type=\"widget\" data-e-type=\"widget\" data-widget_type=\"button.default\">\n\t\t\t\t\t\t\t\t\t\t<a class=\"elementor-button elementor-button-link elementor-size-xs elementor-animation-push\" href=\"http:\/\/filmeks.com.tr\/projelerimiz\/belgesel-film\/\">\n\t\t\t\t\t\t<span class=\"elementor-button-content-wrapper\">\n\t\t\t\t\t\t<span class=\"elementor-button-icon\">\n\t\t\t\t<svg aria-hidden=\"true\" class=\"e-font-icon-svg e-far-arrow-alt-circle-right\" viewBox=\"0 0 512 512\" xmlns=\"http:\/\/www.w3.org\/2000\/svg\"><path d=\"M504 256C504 119 393 8 256 8S8 119 8 256s111 248 248 248 248-111 248-248zm-448 0c0-110.5 89.5-200 200-200s200 89.5 200 200-89.5 200-200 200S56 366.5 56 256zm72 20v-40c0-6.6 5.4-12 12-12h116v-67c0-10.7 12.9-16 20.5-8.5l99 99c4.7 4.7 4.7 12.3 0 17l-99 99c-7.6 7.6-20.5 2.2-20.5-8.5v-67H140c-6.6 0-12-5.4-12-12z\"><\/path><\/svg>\t\t\t<\/span>\n\t\t\t\t\t\t\t\t\t<span class=\"elementor-button-text\">Projelerimize G\u00f6z At\u0131n<\/span>\n\t\t\t\t\t<\/span>\n\t\t\t\t\t<\/a>\n\t\t\t\t\t\t\t\t<\/div>\n\t\t\t\t\t<\/div>\n\t\t<\/div>\n\t\t\t\t\t<\/div>\n\t\t<\/section>\n\t\t\t\t<section class=\"elementor-section elementor-top-section elementor-element elementor-element-6ea09ad8 elementor-section-boxed elementor-section-height-default elementor-section-height-default\" data-id=\"6ea09ad8\" data-element_type=\"section\" data-e-type=\"section\">\n\t\t\t\t\t\t<div class=\"elementor-container elementor-column-gap-default\">\n\t\t\t\t\t<div class=\"elementor-column elementor-col-100 elementor-top-column elementor-element elementor-element-74064c88\" data-id=\"74064c88\" data-element_type=\"column\" data-e-type=\"column\">\n\t\t\t<div class=\"elementor-widget-wrap elementor-element-populated\">\n\t\t\t\t\t\t<div class=\"elementor-element elementor-element-bd6e163 elementor-widget elementor-widget-heading\" data-id=\"bd6e163\" data-element_type=\"widget\" data-e-type=\"widget\" data-widget_type=\"heading.default\">\n\t\t\t\t\t<h2 class=\"elementor-heading-title elementor-size-default\">Hemen Teklif Al<\/h2>\t\t\t\t<\/div>\n\t\t\t\t<div class=\"elementor-element elementor-element-611c3451 elementor-widget elementor-widget-shortcode\" data-id=\"611c3451\" data-element_type=\"widget\" data-e-type=\"widget\" data-widget_type=\"shortcode.default\">\n\t\t\t\t\t\t\t<div class=\"elementor-shortcode\">[contact-form-7 id=\"4\" title=\"Contact Form\"]<\/div>\n\t\t\t\t\t\t<\/div>\n\t\t\t\t\t<\/div>\n\t\t<\/div>\n\t\t\t\t\t<\/div>\n\t\t<\/section>\n\t\t\t\t<\/div>\n\t\t","protected":false},"excerpt":{"rendered":"<p>Prod\u00fcksiyon | Filmeks Do\u011fru Prod\u00fcksiyon ile Ba\u015far\u0131l\u0131 Filmlere Sahip Olun! Projelerinizi ve fikirlerinizi dinliyor onlar i\u00e7in t\u00fcm altyap\u0131 deste\u011fini sa\u011fl\u0131yor, film ve foto\u011fraf prod\u00fcksiyon projelerinizi planlay\u0131p y\u00fcksek teknolojiye sahip kamera ve ekipmanlar ve ba\u015far\u0131l\u0131 bir prod\u00fcksiyon ekibi ile hayata ge\u00e7iriyoruz. Filmeks, \u00f6d\u00fcll\u00fc belgesel filmleri, k\u0131sa ve uzun metrajl\u0131 filmleri, moda \u00e7ekimleri, canl\u0131 yay\u0131n prod\u00fcksiyonlar\u0131, tan\u0131t\u0131m [&hellip;]<\/p>\n","protected":false},"author":1,"featured_media":0,"parent":5600,"menu_order":2,"comment_status":"closed","ping_status":"closed","template":"","meta":{"footnotes":""},"class_list":["post-5531","page","type-page","status-publish","hentry"],"yoast_head":"<!-- This site is optimized with the Yoast SEO plugin v27.4 - https:\/\/yoast.com\/product\/yoast-seo-wordpress\/ -->\n<title>Prod\u00fcksiyon - Filmeks<\/title>\n<meta name=\"robots\" content=\"index, follow, max-snippet:-1, max-image-preview:large, max-video-preview:-1\" \/>\n<link rel=\"canonical\" href=\"https:\/\/filmeks.com.tr\/en\/hizmetlerimiz\/produksiyon\/\" \/>\n<meta property=\"og:locale\" content=\"en_GB\" \/>\n<meta property=\"og:type\" content=\"article\" \/>\n<meta property=\"og:title\" content=\"Prod\u00fcksiyon - Filmeks\" \/>\n<meta property=\"og:description\" content=\"Prod\u00fcksiyon | Filmeks Do\u011fru Prod\u00fcksiyon ile Ba\u015far\u0131l\u0131 Filmlere Sahip Olun! Projelerinizi ve fikirlerinizi dinliyor onlar i\u00e7in t\u00fcm altyap\u0131 deste\u011fini sa\u011fl\u0131yor, film ve foto\u011fraf prod\u00fcksiyon projelerinizi planlay\u0131p y\u00fcksek teknolojiye sahip kamera ve ekipmanlar ve ba\u015far\u0131l\u0131 bir prod\u00fcksiyon ekibi ile hayata ge\u00e7iriyoruz. Filmeks, \u00f6d\u00fcll\u00fc belgesel filmleri, k\u0131sa ve uzun metrajl\u0131 filmleri, moda \u00e7ekimleri, canl\u0131 yay\u0131n prod\u00fcksiyonlar\u0131, tan\u0131t\u0131m [&hellip;]\" \/>\n<meta property=\"og:url\" content=\"https:\/\/filmeks.com.tr\/en\/hizmetlerimiz\/produksiyon\/\" \/>\n<meta property=\"og:site_name\" content=\"Filmeks\" \/>\n<meta property=\"article:modified_time\" content=\"2021-01-16T23:08:27+00:00\" \/>\n<meta property=\"og:image\" content=\"http:\/\/filmeks.com.tr\/wp-content\/uploads\/2021\/01\/produksiyon.jpg\" \/>\n<meta name=\"twitter:card\" content=\"summary_large_image\" \/>\n<meta name=\"twitter:label1\" content=\"Estimated reading time\" \/>\n\t<meta name=\"twitter:data1\" content=\"1 minute\" \/>\n<script type=\"application\/ld+json\" class=\"yoast-schema-graph\">{\"@context\":\"https:\\\/\\\/schema.org\",\"@graph\":[{\"@type\":\"WebPage\",\"@id\":\"https:\\\/\\\/filmeks.com.tr\\\/hizmetlerimiz\\\/produksiyon\\\/\",\"url\":\"https:\\\/\\\/filmeks.com.tr\\\/hizmetlerimiz\\\/produksiyon\\\/\",\"name\":\"Prod\u00fcksiyon - Filmeks\",\"isPartOf\":{\"@id\":\"https:\\\/\\\/filmeks.com.tr\\\/#website\"},\"primaryImageOfPage\":{\"@id\":\"https:\\\/\\\/filmeks.com.tr\\\/hizmetlerimiz\\\/produksiyon\\\/#primaryimage\"},\"image\":{\"@id\":\"https:\\\/\\\/filmeks.com.tr\\\/hizmetlerimiz\\\/produksiyon\\\/#primaryimage\"},\"thumbnailUrl\":\"http:\\\/\\\/filmeks.com.tr\\\/wp-content\\\/uploads\\\/2021\\\/01\\\/produksiyon.jpg\",\"datePublished\":\"2021-01-09T18:45:41+00:00\",\"dateModified\":\"2021-01-16T23:08:27+00:00\",\"breadcrumb\":{\"@id\":\"https:\\\/\\\/filmeks.com.tr\\\/hizmetlerimiz\\\/produksiyon\\\/#breadcrumb\"},\"inLanguage\":\"en-GB\",\"potentialAction\":[{\"@type\":\"ReadAction\",\"target\":[\"https:\\\/\\\/filmeks.com.tr\\\/hizmetlerimiz\\\/produksiyon\\\/\"]}]},{\"@type\":\"ImageObject\",\"inLanguage\":\"en-GB\",\"@id\":\"https:\\\/\\\/filmeks.com.tr\\\/hizmetlerimiz\\\/produksiyon\\\/#primaryimage\",\"url\":\"http:\\\/\\\/filmeks.com.tr\\\/wp-content\\\/uploads\\\/2021\\\/01\\\/produksiyon.jpg\",\"contentUrl\":\"http:\\\/\\\/filmeks.com.tr\\\/wp-content\\\/uploads\\\/2021\\\/01\\\/produksiyon.jpg\"},{\"@type\":\"BreadcrumbList\",\"@id\":\"https:\\\/\\\/filmeks.com.tr\\\/hizmetlerimiz\\\/produksiyon\\\/#breadcrumb\",\"itemListElement\":[{\"@type\":\"ListItem\",\"position\":1,\"name\":\"Home\",\"item\":\"https:\\\/\\\/filmeks.com.tr\\\/\"},{\"@type\":\"ListItem\",\"position\":2,\"name\":\"Hizmetlerimiz\",\"item\":\"https:\\\/\\\/filmeks.com.tr\\\/hizmetlerimiz\\\/\"},{\"@type\":\"ListItem\",\"position\":3,\"name\":\"Prod\u00fcksiyon\"}]},{\"@type\":\"WebSite\",\"@id\":\"https:\\\/\\\/filmeks.com.tr\\\/#website\",\"url\":\"https:\\\/\\\/filmeks.com.tr\\\/\",\"name\":\"Filmeks\",\"description\":\"Kurumsal Tan\u0131t\u0131m Filmi\",\"publisher\":{\"@id\":\"https:\\\/\\\/filmeks.com.tr\\\/#organization\"},\"potentialAction\":[{\"@type\":\"SearchAction\",\"target\":{\"@type\":\"EntryPoint\",\"urlTemplate\":\"https:\\\/\\\/filmeks.com.tr\\\/?s={search_term_string}\"},\"query-input\":{\"@type\":\"PropertyValueSpecification\",\"valueRequired\":true,\"valueName\":\"search_term_string\"}}],\"inLanguage\":\"en-GB\"},{\"@type\":\"Organization\",\"@id\":\"https:\\\/\\\/filmeks.com.tr\\\/#organization\",\"name\":\"Filmeks\",\"url\":\"https:\\\/\\\/filmeks.com.tr\\\/\",\"logo\":{\"@type\":\"ImageObject\",\"inLanguage\":\"en-GB\",\"@id\":\"https:\\\/\\\/filmeks.com.tr\\\/#\\\/schema\\\/logo\\\/image\\\/\",\"url\":\"https:\\\/\\\/filmeks.com.tr\\\/wp-content\\\/uploads\\\/2020\\\/12\\\/cropped-cropped-filmeks-logo-tall-min.png\",\"contentUrl\":\"https:\\\/\\\/filmeks.com.tr\\\/wp-content\\\/uploads\\\/2020\\\/12\\\/cropped-cropped-filmeks-logo-tall-min.png\",\"width\":250,\"height\":99,\"caption\":\"Filmeks\"},\"image\":{\"@id\":\"https:\\\/\\\/filmeks.com.tr\\\/#\\\/schema\\\/logo\\\/image\\\/\"}}]}<\/script>\n<!-- \/ Yoast SEO plugin. -->","yoast_head_json":{"title":"Prod\u00fcksiyon - Filmeks","robots":{"index":"index","follow":"follow","max-snippet":"max-snippet:-1","max-image-preview":"max-image-preview:large","max-video-preview":"max-video-preview:-1"},"canonical":"https:\/\/filmeks.com.tr\/en\/hizmetlerimiz\/produksiyon\/","og_locale":"en_GB","og_type":"article","og_title":"Prod\u00fcksiyon - Filmeks","og_description":"Prod\u00fcksiyon | Filmeks Do\u011fru Prod\u00fcksiyon ile Ba\u015far\u0131l\u0131 Filmlere Sahip Olun! Projelerinizi ve fikirlerinizi dinliyor onlar i\u00e7in t\u00fcm altyap\u0131 deste\u011fini sa\u011fl\u0131yor, film ve foto\u011fraf prod\u00fcksiyon projelerinizi planlay\u0131p y\u00fcksek teknolojiye sahip kamera ve ekipmanlar ve ba\u015far\u0131l\u0131 bir prod\u00fcksiyon ekibi ile hayata ge\u00e7iriyoruz. Filmeks, \u00f6d\u00fcll\u00fc belgesel filmleri, k\u0131sa ve uzun metrajl\u0131 filmleri, moda \u00e7ekimleri, canl\u0131 yay\u0131n prod\u00fcksiyonlar\u0131, tan\u0131t\u0131m [&hellip;]","og_url":"https:\/\/filmeks.com.tr\/en\/hizmetlerimiz\/produksiyon\/","og_site_name":"Filmeks","article_modified_time":"2021-01-16T23:08:27+00:00","og_image":[{"url":"http:\/\/filmeks.com.tr\/wp-content\/uploads\/2021\/01\/produksiyon.jpg","type":"","width":"","height":""}],"twitter_card":"summary_large_image","twitter_misc":{"Estimated reading time":"1 minute"},"schema":{"@context":"https:\/\/schema.org","@graph":[{"@type":"WebPage","@id":"https:\/\/filmeks.com.tr\/hizmetlerimiz\/produksiyon\/","url":"https:\/\/filmeks.com.tr\/hizmetlerimiz\/produksiyon\/","name":"Prod\u00fcksiyon - Filmeks","isPartOf":{"@id":"https:\/\/filmeks.com.tr\/#website"},"primaryImageOfPage":{"@id":"https:\/\/filmeks.com.tr\/hizmetlerimiz\/produksiyon\/#primaryimage"},"image":{"@id":"https:\/\/filmeks.com.tr\/hizmetlerimiz\/produksiyon\/#primaryimage"},"thumbnailUrl":"http:\/\/filmeks.com.tr\/wp-content\/uploads\/2021\/01\/produksiyon.jpg","datePublished":"2021-01-09T18:45:41+00:00","dateModified":"2021-01-16T23:08:27+00:00","breadcrumb":{"@id":"https:\/\/filmeks.com.tr\/hizmetlerimiz\/produksiyon\/#breadcrumb"},"inLanguage":"en-GB","potentialAction":[{"@type":"ReadAction","target":["https:\/\/filmeks.com.tr\/hizmetlerimiz\/produksiyon\/"]}]},{"@type":"ImageObject","inLanguage":"en-GB","@id":"https:\/\/filmeks.com.tr\/hizmetlerimiz\/produksiyon\/#primaryimage","url":"http:\/\/filmeks.com.tr\/wp-content\/uploads\/2021\/01\/produksiyon.jpg","contentUrl":"http:\/\/filmeks.com.tr\/wp-content\/uploads\/2021\/01\/produksiyon.jpg"},{"@type":"BreadcrumbList","@id":"https:\/\/filmeks.com.tr\/hizmetlerimiz\/produksiyon\/#breadcrumb","itemListElement":[{"@type":"ListItem","position":1,"name":"Home","item":"https:\/\/filmeks.com.tr\/"},{"@type":"ListItem","position":2,"name":"Hizmetlerimiz","item":"https:\/\/filmeks.com.tr\/hizmetlerimiz\/"},{"@type":"ListItem","position":3,"name":"Prod\u00fcksiyon"}]},{"@type":"WebSite","@id":"https:\/\/filmeks.com.tr\/#website","url":"https:\/\/filmeks.com.tr\/","name":"Filmeks","description":"Kurumsal Tan\u0131t\u0131m Filmi","publisher":{"@id":"https:\/\/filmeks.com.tr\/#organization"},"potentialAction":[{"@type":"SearchAction","target":{"@type":"EntryPoint","urlTemplate":"https:\/\/filmeks.com.tr\/?s={search_term_string}"},"query-input":{"@type":"PropertyValueSpecification","valueRequired":true,"valueName":"search_term_string"}}],"inLanguage":"en-GB"},{"@type":"Organization","@id":"https:\/\/filmeks.com.tr\/#organization","name":"Filmeks","url":"https:\/\/filmeks.com.tr\/","logo":{"@type":"ImageObject","inLanguage":"en-GB","@id":"https:\/\/filmeks.com.tr\/#\/schema\/logo\/image\/","url":"https:\/\/filmeks.com.tr\/wp-content\/uploads\/2020\/12\/cropped-cropped-filmeks-logo-tall-min.png","contentUrl":"https:\/\/filmeks.com.tr\/wp-content\/uploads\/2020\/12\/cropped-cropped-filmeks-logo-tall-min.png","width":250,"height":99,"caption":"Filmeks"},"image":{"@id":"https:\/\/filmeks.com.tr\/#\/schema\/logo\/image\/"}}]}},"_links":{"self":[{"href":"https:\/\/filmeks.com.tr\/en\/wp-json\/wp\/v2\/pages\/5531","targetHints":{"allow":["GET"]}}],"collection":[{"href":"https:\/\/filmeks.com.tr\/en\/wp-json\/wp\/v2\/pages"}],"about":[{"href":"https:\/\/filmeks.com.tr\/en\/wp-json\/wp\/v2\/types\/page"}],"author":[{"embeddable":true,"href":"https:\/\/filmeks.com.tr\/en\/wp-json\/wp\/v2\/users\/1"}],"replies":[{"embeddable":true,"href":"https:\/\/filmeks.com.tr\/en\/wp-json\/wp\/v2\/comments?post=5531"}],"version-history":[{"count":16,"href":"https:\/\/filmeks.com.tr\/en\/wp-json\/wp\/v2\/pages\/5531\/revisions"}],"predecessor-version":[{"id":5930,"href":"https:\/\/filmeks.com.tr\/en\/wp-json\/wp\/v2\/pages\/5531\/revisions\/5930"}],"up":[{"embeddable":true,"href":"https:\/\/filmeks.com.tr\/en\/wp-json\/wp\/v2\/pages\/5600"}],"wp:attachment":[{"href":"https:\/\/filmeks.com.tr\/en\/wp-json\/wp\/v2\/media?parent=5531"}],"curies":[{"name":"wp","href":"https:\/\/api.w.org\/{rel}","templated":true}]}}