{"id":5542,"date":"2021-01-09T21:51:52","date_gmt":"2021-01-09T18:51:52","guid":{"rendered":"https:\/\/filmeks.com.tr\/?page_id=5542"},"modified":"2021-01-17T02:18:04","modified_gmt":"2021-01-16T23:18:04","slug":"canli-yayin","status":"publish","type":"page","link":"https:\/\/filmeks.com.tr\/en\/hizmetlerimiz\/canli-yayin\/","title":{"rendered":"Canl\u0131 Yay\u0131n"},"content":{"rendered":"\t\t<div data-elementor-type=\"wp-page\" data-elementor-id=\"5542\" class=\"elementor elementor-5542\">\n\t\t\t\t\t\t<section class=\"elementor-section elementor-top-section elementor-element elementor-element-753f1f57 elementor-section-boxed elementor-section-height-default elementor-section-height-default\" data-id=\"753f1f57\" data-element_type=\"section\" data-e-type=\"section\">\n\t\t\t\t\t\t<div class=\"elementor-container elementor-column-gap-default\">\n\t\t\t\t\t<div class=\"elementor-column elementor-col-100 elementor-top-column elementor-element elementor-element-368ee7b2\" data-id=\"368ee7b2\" data-element_type=\"column\" data-e-type=\"column\">\n\t\t\t<div class=\"elementor-widget-wrap elementor-element-populated\">\n\t\t\t\t\t\t<div class=\"elementor-element elementor-element-4fc47a6c elementor-widget elementor-widget-text-editor\" data-id=\"4fc47a6c\" data-element_type=\"widget\" data-e-type=\"widget\" data-widget_type=\"text-editor.default\">\n\t\t\t\t\t\t\t\t\t<p>Canl\u0131 Yay\u0131n | Filmeks<\/p>\t\t\t\t\t\t\t\t<\/div>\n\t\t\t\t<div class=\"elementor-element elementor-element-3767b5e5 elementor-widget elementor-widget-heading\" data-id=\"3767b5e5\" data-element_type=\"widget\" data-e-type=\"widget\" data-widget_type=\"heading.default\">\n\t\t\t\t\t<h2 class=\"elementor-heading-title elementor-size-default\">Canl\u0131 Yay\u0131n Prod\u00fcksiyon Hizmetleri \u0130\u00e7in Do\u011fru Yerdesiniz!<\/h2>\t\t\t\t<\/div>\n\t\t\t\t\t<\/div>\n\t\t<\/div>\n\t\t\t\t\t<\/div>\n\t\t<\/section>\n\t\t\t\t<section class=\"elementor-section elementor-top-section elementor-element elementor-element-3d110ab8 elementor-section-boxed elementor-section-height-default elementor-section-height-default\" data-id=\"3d110ab8\" data-element_type=\"section\" data-e-type=\"section\">\n\t\t\t\t\t\t<div class=\"elementor-container elementor-column-gap-default\">\n\t\t\t\t\t<div class=\"elementor-column elementor-col-50 elementor-top-column elementor-element elementor-element-1748a122\" data-id=\"1748a122\" data-element_type=\"column\" data-e-type=\"column\">\n\t\t\t<div class=\"elementor-widget-wrap elementor-element-populated\">\n\t\t\t\t\t\t<div class=\"elementor-element elementor-element-7b12d99d elementor-widget elementor-widget-image\" data-id=\"7b12d99d\" data-element_type=\"widget\" data-e-type=\"widget\" data-widget_type=\"image.default\">\n\t\t\t\t\t\t\t\t\t\t\t\t\t\t\t<img fetchpriority=\"high\" decoding=\"async\" width=\"540\" height=\"663\" src=\"https:\/\/filmeks.com.tr\/wp-content\/uploads\/2021\/01\/canli-yayin.jpg\" class=\"attachment-large size-large wp-image-5548\" alt=\"\" srcset=\"https:\/\/filmeks.com.tr\/wp-content\/uploads\/2021\/01\/canli-yayin.jpg 540w, https:\/\/filmeks.com.tr\/wp-content\/uploads\/2021\/01\/canli-yayin-244x300.jpg 244w, https:\/\/filmeks.com.tr\/wp-content\/uploads\/2021\/01\/canli-yayin-10x12.jpg 10w\" sizes=\"(max-width: 540px) 100vw, 540px\" \/>\t\t\t\t\t\t\t\t\t\t\t\t\t\t\t<\/div>\n\t\t\t\t<section class=\"elementor-section elementor-inner-section elementor-element elementor-element-623bb48d elementor-section-boxed elementor-section-height-default elementor-section-height-default\" data-id=\"623bb48d\" data-element_type=\"section\" data-e-type=\"section\">\n\t\t\t\t\t\t<div class=\"elementor-container elementor-column-gap-default\">\n\t\t\t\t\t<div class=\"elementor-column elementor-col-100 elementor-inner-column elementor-element elementor-element-798d9fe4\" data-id=\"798d9fe4\" data-element_type=\"column\" data-e-type=\"column\">\n\t\t\t<div class=\"elementor-widget-wrap elementor-element-populated\">\n\t\t\t\t\t\t<div class=\"elementor-element elementor-element-7cd626c0 elementor-widget-divider--view-line elementor-widget elementor-widget-divider\" data-id=\"7cd626c0\" data-element_type=\"widget\" data-e-type=\"widget\" data-widget_type=\"divider.default\">\n\t\t\t\t\t\t\t<div class=\"elementor-divider\">\n\t\t\t<span class=\"elementor-divider-separator\">\n\t\t\t\t\t\t<\/span>\n\t\t<\/div>\n\t\t\t\t\t\t<\/div>\n\t\t\t\t<div class=\"elementor-element elementor-element-46d60df1 elementor-widget elementor-widget-text-editor\" data-id=\"46d60df1\" data-element_type=\"widget\" data-e-type=\"widget\" data-widget_type=\"text-editor.default\">\n\t\t\t\t\t\t\t\t\t<p>Dijital d\u00fcnyada kitlelerin birbirleri ile daha h\u0131zl\u0131 ileti\u015fim kurmas\u0131n\u0131 sa\u011flayarak kamera \u0131\u015f\u0131k, reji, ses ve canl\u0131 yay\u0131n arac\u0131 gibi t\u00fcm ihtiya\u00e7lar\u0131n\u0131za tam servis hizmeti sa\u011fl\u0131yoruz.<\/p><p>Canl\u0131 yay\u0131n hizmetlerimizi m\u00fc\u015fterilerimizin ihtiya\u00e7lar\u0131na ve b\u00fct\u00e7elerine uygun \u015fekilde planl\u0131yor, internet canl\u0131 yay\u0131n ve uydu\/uplink canl\u0131 yay\u0131n \u015feklinde iki farkl\u0131 hizmet \u00e7e\u015fitlili\u011fiyle sunuyoruz.<\/p><p>Biliyoruz ki canl\u0131 yay\u0131ndaki aksakl\u0131klar\u0131 do\u011fru ekip ve ekipmanlarla \u00e7\u00f6zebilirsiniz. Filmeks canl\u0131 yay\u0131n servisi ile projelerinizde yan\u0131n\u0131zda.<\/p>\t\t\t\t\t\t\t\t<\/div>\n\t\t\t\t\t<\/div>\n\t\t<\/div>\n\t\t\t\t\t<\/div>\n\t\t<\/section>\n\t\t\t\t\t<\/div>\n\t\t<\/div>\n\t\t\t\t<div class=\"elementor-column elementor-col-50 elementor-top-column elementor-element elementor-element-4371f6b5\" data-id=\"4371f6b5\" data-element_type=\"column\" data-e-type=\"column\">\n\t\t\t<div class=\"elementor-widget-wrap elementor-element-populated\">\n\t\t\t\t\t\t<section class=\"elementor-section elementor-inner-section elementor-element elementor-element-70d9785f elementor-section-boxed elementor-section-height-default elementor-section-height-default\" data-id=\"70d9785f\" data-element_type=\"section\" data-e-type=\"section\">\n\t\t\t\t\t\t<div class=\"elementor-container elementor-column-gap-default\">\n\t\t\t\t\t<div class=\"elementor-column elementor-col-100 elementor-inner-column elementor-element elementor-element-7e9edcfd\" data-id=\"7e9edcfd\" data-element_type=\"column\" data-e-type=\"column\">\n\t\t\t<div class=\"elementor-widget-wrap elementor-element-populated\">\n\t\t\t\t\t\t<div class=\"elementor-element elementor-element-699b3dc8 elementor-widget-divider--view-line elementor-widget elementor-widget-divider\" data-id=\"699b3dc8\" data-element_type=\"widget\" data-e-type=\"widget\" data-widget_type=\"divider.default\">\n\t\t\t\t\t\t\t<div class=\"elementor-divider\">\n\t\t\t<span class=\"elementor-divider-separator\">\n\t\t\t\t\t\t<\/span>\n\t\t<\/div>\n\t\t\t\t\t\t<\/div>\n\t\t\t\t<div class=\"elementor-element elementor-element-fa78382 elementor-widget elementor-widget-text-editor\" data-id=\"fa78382\" data-element_type=\"widget\" data-e-type=\"widget\" data-widget_type=\"text-editor.default\">\n\t\t\t\t\t\t\t\t\t<p>Filmeks, canl\u0131 yay\u0131n ekip ve ekipmanlar\u0131 ile kurumsal \u015firket i\u00e7i \u00e7ekimler ve a\u00e7\u0131k alanlardaki konser, a\u00e7\u0131l\u0131\u015f ve seramoni gibi t\u00fcm organizasyonlar\u0131n\u0131zda yan\u0131n\u0131zda&#8230;<br \/><br \/>Etkinlik projelerinizde profesyonel bir canl\u0131 yay\u0131n deste\u011fi alman\u0131z i\u00e7in gerekli t\u00fcm servis ve ekipman\u0131 elimizde bulunduruyoruz. <\/p>\t\t\t\t\t\t\t\t<\/div>\n\t\t\t\t\t<\/div>\n\t\t<\/div>\n\t\t\t\t\t<\/div>\n\t\t<\/section>\n\t\t\t\t<div class=\"elementor-element elementor-element-73e3b9da elementor-widget elementor-widget-image\" data-id=\"73e3b9da\" data-element_type=\"widget\" data-e-type=\"widget\" data-widget_type=\"image.default\">\n\t\t\t\t\t\t\t\t\t\t\t\t\t\t\t<img decoding=\"async\" width=\"540\" height=\"663\" src=\"https:\/\/filmeks.com.tr\/wp-content\/uploads\/2021\/01\/canli-yayin-2.jpg\" class=\"attachment-large size-large wp-image-5549\" alt=\"\" srcset=\"https:\/\/filmeks.com.tr\/wp-content\/uploads\/2021\/01\/canli-yayin-2.jpg 540w, https:\/\/filmeks.com.tr\/wp-content\/uploads\/2021\/01\/canli-yayin-2-244x300.jpg 244w, https:\/\/filmeks.com.tr\/wp-content\/uploads\/2021\/01\/canli-yayin-2-10x12.jpg 10w\" sizes=\"(max-width: 540px) 100vw, 540px\" \/>\t\t\t\t\t\t\t\t\t\t\t\t\t\t\t<\/div>\n\t\t\t\t\t<\/div>\n\t\t<\/div>\n\t\t\t\t\t<\/div>\n\t\t<\/section>\n\t\t\t\t<section class=\"elementor-section elementor-inner-section elementor-element elementor-element-22ba4ded elementor-section-boxed elementor-section-height-default elementor-section-height-default\" data-id=\"22ba4ded\" data-element_type=\"section\" data-e-type=\"section\">\n\t\t\t\t\t\t<div class=\"elementor-container elementor-column-gap-default\">\n\t\t\t\t\t<div class=\"elementor-column elementor-col-100 elementor-inner-column elementor-element elementor-element-4bb307d9\" data-id=\"4bb307d9\" data-element_type=\"column\" data-e-type=\"column\">\n\t\t\t<div class=\"elementor-widget-wrap elementor-element-populated\">\n\t\t\t\t\t\t<div class=\"elementor-element elementor-element-76081866 elementor-align-center elementor-button-success elementor-widget elementor-widget-button\" data-id=\"76081866\" data-element_type=\"widget\" data-e-type=\"widget\" data-widget_type=\"button.default\">\n\t\t\t\t\t\t\t\t\t\t<a class=\"elementor-button elementor-button-link elementor-size-xs elementor-animation-push\" href=\"http:\/\/filmeks.com.tr\/projelerimiz\/etkinlik-filmi\/\">\n\t\t\t\t\t\t<span class=\"elementor-button-content-wrapper\">\n\t\t\t\t\t\t<span class=\"elementor-button-icon\">\n\t\t\t\t<svg aria-hidden=\"true\" class=\"e-font-icon-svg e-far-arrow-alt-circle-right\" viewBox=\"0 0 512 512\" xmlns=\"http:\/\/www.w3.org\/2000\/svg\"><path d=\"M504 256C504 119 393 8 256 8S8 119 8 256s111 248 248 248 248-111 248-248zm-448 0c0-110.5 89.5-200 200-200s200 89.5 200 200-89.5 200-200 200S56 366.5 56 256zm72 20v-40c0-6.6 5.4-12 12-12h116v-67c0-10.7 12.9-16 20.5-8.5l99 99c4.7 4.7 4.7 12.3 0 17l-99 99c-7.6 7.6-20.5 2.2-20.5-8.5v-67H140c-6.6 0-12-5.4-12-12z\"><\/path><\/svg>\t\t\t<\/span>\n\t\t\t\t\t\t\t\t\t<span class=\"elementor-button-text\">Projelerimize G\u00f6z At\u0131n<\/span>\n\t\t\t\t\t<\/span>\n\t\t\t\t\t<\/a>\n\t\t\t\t\t\t\t\t<\/div>\n\t\t\t\t\t<\/div>\n\t\t<\/div>\n\t\t\t\t\t<\/div>\n\t\t<\/section>\n\t\t\t\t<section class=\"elementor-section elementor-top-section elementor-element elementor-element-5cfffab9 elementor-section-boxed elementor-section-height-default elementor-section-height-default\" data-id=\"5cfffab9\" data-element_type=\"section\" data-e-type=\"section\">\n\t\t\t\t\t\t<div class=\"elementor-container elementor-column-gap-default\">\n\t\t\t\t\t<div class=\"elementor-column elementor-col-100 elementor-top-column elementor-element elementor-element-5574ed4a\" data-id=\"5574ed4a\" data-element_type=\"column\" data-e-type=\"column\">\n\t\t\t<div class=\"elementor-widget-wrap elementor-element-populated\">\n\t\t\t\t\t\t<div class=\"elementor-element elementor-element-29f4a359 elementor-widget elementor-widget-heading\" data-id=\"29f4a359\" data-element_type=\"widget\" data-e-type=\"widget\" data-widget_type=\"heading.default\">\n\t\t\t\t\t<h2 class=\"elementor-heading-title elementor-size-default\">Hemen Teklif Al<\/h2>\t\t\t\t<\/div>\n\t\t\t\t<div class=\"elementor-element elementor-element-222629ef elementor-widget elementor-widget-shortcode\" data-id=\"222629ef\" data-element_type=\"widget\" data-e-type=\"widget\" data-widget_type=\"shortcode.default\">\n\t\t\t\t\t\t\t<div class=\"elementor-shortcode\">[contact-form-7 id=\"4\" title=\"Contact Form\"]<\/div>\n\t\t\t\t\t\t<\/div>\n\t\t\t\t\t<\/div>\n\t\t<\/div>\n\t\t\t\t\t<\/div>\n\t\t<\/section>\n\t\t\t\t<\/div>\n\t\t","protected":false},"excerpt":{"rendered":"<p>Canl\u0131 Yay\u0131n | Filmeks Canl\u0131 Yay\u0131n Prod\u00fcksiyon Hizmetleri \u0130\u00e7in Do\u011fru Yerdesiniz! Dijital d\u00fcnyada kitlelerin birbirleri ile daha h\u0131zl\u0131 ileti\u015fim kurmas\u0131n\u0131 sa\u011flayarak kamera \u0131\u015f\u0131k, reji, ses ve canl\u0131 yay\u0131n arac\u0131 gibi t\u00fcm ihtiya\u00e7lar\u0131n\u0131za tam servis hizmeti sa\u011fl\u0131yoruz. Canl\u0131 yay\u0131n hizmetlerimizi m\u00fc\u015fterilerimizin ihtiya\u00e7lar\u0131na ve b\u00fct\u00e7elerine uygun \u015fekilde planl\u0131yor, internet canl\u0131 yay\u0131n ve uydu\/uplink canl\u0131 yay\u0131n \u015feklinde iki [&hellip;]<\/p>\n","protected":false},"author":1,"featured_media":0,"parent":5600,"menu_order":3,"comment_status":"closed","ping_status":"closed","template":"","meta":{"footnotes":""},"class_list":["post-5542","page","type-page","status-publish","hentry"],"yoast_head":"<!-- This site is optimized with the Yoast SEO plugin v27.4 - https:\/\/yoast.com\/product\/yoast-seo-wordpress\/ -->\n<title>Canl\u0131 Yay\u0131n - Filmeks<\/title>\n<meta name=\"robots\" content=\"index, follow, max-snippet:-1, max-image-preview:large, max-video-preview:-1\" \/>\n<link rel=\"canonical\" href=\"https:\/\/filmeks.com.tr\/en\/hizmetlerimiz\/canli-yayin\/\" \/>\n<meta property=\"og:locale\" content=\"en_GB\" \/>\n<meta property=\"og:type\" content=\"article\" \/>\n<meta property=\"og:title\" content=\"Canl\u0131 Yay\u0131n - Filmeks\" \/>\n<meta property=\"og:description\" content=\"Canl\u0131 Yay\u0131n | Filmeks Canl\u0131 Yay\u0131n Prod\u00fcksiyon Hizmetleri \u0130\u00e7in Do\u011fru Yerdesiniz! Dijital d\u00fcnyada kitlelerin birbirleri ile daha h\u0131zl\u0131 ileti\u015fim kurmas\u0131n\u0131 sa\u011flayarak kamera \u0131\u015f\u0131k, reji, ses ve canl\u0131 yay\u0131n arac\u0131 gibi t\u00fcm ihtiya\u00e7lar\u0131n\u0131za tam servis hizmeti sa\u011fl\u0131yoruz. Canl\u0131 yay\u0131n hizmetlerimizi m\u00fc\u015fterilerimizin ihtiya\u00e7lar\u0131na ve b\u00fct\u00e7elerine uygun \u015fekilde planl\u0131yor, internet canl\u0131 yay\u0131n ve uydu\/uplink canl\u0131 yay\u0131n \u015feklinde iki [&hellip;]\" \/>\n<meta property=\"og:url\" content=\"https:\/\/filmeks.com.tr\/en\/hizmetlerimiz\/canli-yayin\/\" \/>\n<meta property=\"og:site_name\" content=\"Filmeks\" \/>\n<meta property=\"article:modified_time\" content=\"2021-01-16T23:18:04+00:00\" \/>\n<meta property=\"og:image\" content=\"http:\/\/filmeks.com.tr\/wp-content\/uploads\/2021\/01\/canli-yayin.jpg\" \/>\n<meta name=\"twitter:card\" content=\"summary_large_image\" \/>\n<meta name=\"twitter:label1\" content=\"Estimated reading time\" \/>\n\t<meta name=\"twitter:data1\" content=\"1 minute\" \/>\n<script type=\"application\/ld+json\" class=\"yoast-schema-graph\">{\"@context\":\"https:\\\/\\\/schema.org\",\"@graph\":[{\"@type\":\"WebPage\",\"@id\":\"https:\\\/\\\/filmeks.com.tr\\\/hizmetlerimiz\\\/canli-yayin\\\/\",\"url\":\"https:\\\/\\\/filmeks.com.tr\\\/hizmetlerimiz\\\/canli-yayin\\\/\",\"name\":\"Canl\u0131 Yay\u0131n - Filmeks\",\"isPartOf\":{\"@id\":\"https:\\\/\\\/filmeks.com.tr\\\/#website\"},\"primaryImageOfPage\":{\"@id\":\"https:\\\/\\\/filmeks.com.tr\\\/hizmetlerimiz\\\/canli-yayin\\\/#primaryimage\"},\"image\":{\"@id\":\"https:\\\/\\\/filmeks.com.tr\\\/hizmetlerimiz\\\/canli-yayin\\\/#primaryimage\"},\"thumbnailUrl\":\"http:\\\/\\\/filmeks.com.tr\\\/wp-content\\\/uploads\\\/2021\\\/01\\\/canli-yayin.jpg\",\"datePublished\":\"2021-01-09T18:51:52+00:00\",\"dateModified\":\"2021-01-16T23:18:04+00:00\",\"breadcrumb\":{\"@id\":\"https:\\\/\\\/filmeks.com.tr\\\/hizmetlerimiz\\\/canli-yayin\\\/#breadcrumb\"},\"inLanguage\":\"en-GB\",\"potentialAction\":[{\"@type\":\"ReadAction\",\"target\":[\"https:\\\/\\\/filmeks.com.tr\\\/hizmetlerimiz\\\/canli-yayin\\\/\"]}]},{\"@type\":\"ImageObject\",\"inLanguage\":\"en-GB\",\"@id\":\"https:\\\/\\\/filmeks.com.tr\\\/hizmetlerimiz\\\/canli-yayin\\\/#primaryimage\",\"url\":\"http:\\\/\\\/filmeks.com.tr\\\/wp-content\\\/uploads\\\/2021\\\/01\\\/canli-yayin.jpg\",\"contentUrl\":\"http:\\\/\\\/filmeks.com.tr\\\/wp-content\\\/uploads\\\/2021\\\/01\\\/canli-yayin.jpg\"},{\"@type\":\"BreadcrumbList\",\"@id\":\"https:\\\/\\\/filmeks.com.tr\\\/hizmetlerimiz\\\/canli-yayin\\\/#breadcrumb\",\"itemListElement\":[{\"@type\":\"ListItem\",\"position\":1,\"name\":\"Home\",\"item\":\"https:\\\/\\\/filmeks.com.tr\\\/\"},{\"@type\":\"ListItem\",\"position\":2,\"name\":\"Hizmetlerimiz\",\"item\":\"https:\\\/\\\/filmeks.com.tr\\\/hizmetlerimiz\\\/\"},{\"@type\":\"ListItem\",\"position\":3,\"name\":\"Canl\u0131 Yay\u0131n\"}]},{\"@type\":\"WebSite\",\"@id\":\"https:\\\/\\\/filmeks.com.tr\\\/#website\",\"url\":\"https:\\\/\\\/filmeks.com.tr\\\/\",\"name\":\"Filmeks\",\"description\":\"Kurumsal Tan\u0131t\u0131m Filmi\",\"publisher\":{\"@id\":\"https:\\\/\\\/filmeks.com.tr\\\/#organization\"},\"potentialAction\":[{\"@type\":\"SearchAction\",\"target\":{\"@type\":\"EntryPoint\",\"urlTemplate\":\"https:\\\/\\\/filmeks.com.tr\\\/?s={search_term_string}\"},\"query-input\":{\"@type\":\"PropertyValueSpecification\",\"valueRequired\":true,\"valueName\":\"search_term_string\"}}],\"inLanguage\":\"en-GB\"},{\"@type\":\"Organization\",\"@id\":\"https:\\\/\\\/filmeks.com.tr\\\/#organization\",\"name\":\"Filmeks\",\"url\":\"https:\\\/\\\/filmeks.com.tr\\\/\",\"logo\":{\"@type\":\"ImageObject\",\"inLanguage\":\"en-GB\",\"@id\":\"https:\\\/\\\/filmeks.com.tr\\\/#\\\/schema\\\/logo\\\/image\\\/\",\"url\":\"https:\\\/\\\/filmeks.com.tr\\\/wp-content\\\/uploads\\\/2020\\\/12\\\/cropped-cropped-filmeks-logo-tall-min.png\",\"contentUrl\":\"https:\\\/\\\/filmeks.com.tr\\\/wp-content\\\/uploads\\\/2020\\\/12\\\/cropped-cropped-filmeks-logo-tall-min.png\",\"width\":250,\"height\":99,\"caption\":\"Filmeks\"},\"image\":{\"@id\":\"https:\\\/\\\/filmeks.com.tr\\\/#\\\/schema\\\/logo\\\/image\\\/\"}}]}<\/script>\n<!-- \/ Yoast SEO plugin. -->","yoast_head_json":{"title":"Canl\u0131 Yay\u0131n - Filmeks","robots":{"index":"index","follow":"follow","max-snippet":"max-snippet:-1","max-image-preview":"max-image-preview:large","max-video-preview":"max-video-preview:-1"},"canonical":"https:\/\/filmeks.com.tr\/en\/hizmetlerimiz\/canli-yayin\/","og_locale":"en_GB","og_type":"article","og_title":"Canl\u0131 Yay\u0131n - Filmeks","og_description":"Canl\u0131 Yay\u0131n | Filmeks Canl\u0131 Yay\u0131n Prod\u00fcksiyon Hizmetleri \u0130\u00e7in Do\u011fru Yerdesiniz! Dijital d\u00fcnyada kitlelerin birbirleri ile daha h\u0131zl\u0131 ileti\u015fim kurmas\u0131n\u0131 sa\u011flayarak kamera \u0131\u015f\u0131k, reji, ses ve canl\u0131 yay\u0131n arac\u0131 gibi t\u00fcm ihtiya\u00e7lar\u0131n\u0131za tam servis hizmeti sa\u011fl\u0131yoruz. Canl\u0131 yay\u0131n hizmetlerimizi m\u00fc\u015fterilerimizin ihtiya\u00e7lar\u0131na ve b\u00fct\u00e7elerine uygun \u015fekilde planl\u0131yor, internet canl\u0131 yay\u0131n ve uydu\/uplink canl\u0131 yay\u0131n \u015feklinde iki [&hellip;]","og_url":"https:\/\/filmeks.com.tr\/en\/hizmetlerimiz\/canli-yayin\/","og_site_name":"Filmeks","article_modified_time":"2021-01-16T23:18:04+00:00","og_image":[{"url":"http:\/\/filmeks.com.tr\/wp-content\/uploads\/2021\/01\/canli-yayin.jpg","type":"","width":"","height":""}],"twitter_card":"summary_large_image","twitter_misc":{"Estimated reading time":"1 minute"},"schema":{"@context":"https:\/\/schema.org","@graph":[{"@type":"WebPage","@id":"https:\/\/filmeks.com.tr\/hizmetlerimiz\/canli-yayin\/","url":"https:\/\/filmeks.com.tr\/hizmetlerimiz\/canli-yayin\/","name":"Canl\u0131 Yay\u0131n - Filmeks","isPartOf":{"@id":"https:\/\/filmeks.com.tr\/#website"},"primaryImageOfPage":{"@id":"https:\/\/filmeks.com.tr\/hizmetlerimiz\/canli-yayin\/#primaryimage"},"image":{"@id":"https:\/\/filmeks.com.tr\/hizmetlerimiz\/canli-yayin\/#primaryimage"},"thumbnailUrl":"http:\/\/filmeks.com.tr\/wp-content\/uploads\/2021\/01\/canli-yayin.jpg","datePublished":"2021-01-09T18:51:52+00:00","dateModified":"2021-01-16T23:18:04+00:00","breadcrumb":{"@id":"https:\/\/filmeks.com.tr\/hizmetlerimiz\/canli-yayin\/#breadcrumb"},"inLanguage":"en-GB","potentialAction":[{"@type":"ReadAction","target":["https:\/\/filmeks.com.tr\/hizmetlerimiz\/canli-yayin\/"]}]},{"@type":"ImageObject","inLanguage":"en-GB","@id":"https:\/\/filmeks.com.tr\/hizmetlerimiz\/canli-yayin\/#primaryimage","url":"http:\/\/filmeks.com.tr\/wp-content\/uploads\/2021\/01\/canli-yayin.jpg","contentUrl":"http:\/\/filmeks.com.tr\/wp-content\/uploads\/2021\/01\/canli-yayin.jpg"},{"@type":"BreadcrumbList","@id":"https:\/\/filmeks.com.tr\/hizmetlerimiz\/canli-yayin\/#breadcrumb","itemListElement":[{"@type":"ListItem","position":1,"name":"Home","item":"https:\/\/filmeks.com.tr\/"},{"@type":"ListItem","position":2,"name":"Hizmetlerimiz","item":"https:\/\/filmeks.com.tr\/hizmetlerimiz\/"},{"@type":"ListItem","position":3,"name":"Canl\u0131 Yay\u0131n"}]},{"@type":"WebSite","@id":"https:\/\/filmeks.com.tr\/#website","url":"https:\/\/filmeks.com.tr\/","name":"Filmeks","description":"Kurumsal Tan\u0131t\u0131m Filmi","publisher":{"@id":"https:\/\/filmeks.com.tr\/#organization"},"potentialAction":[{"@type":"SearchAction","target":{"@type":"EntryPoint","urlTemplate":"https:\/\/filmeks.com.tr\/?s={search_term_string}"},"query-input":{"@type":"PropertyValueSpecification","valueRequired":true,"valueName":"search_term_string"}}],"inLanguage":"en-GB"},{"@type":"Organization","@id":"https:\/\/filmeks.com.tr\/#organization","name":"Filmeks","url":"https:\/\/filmeks.com.tr\/","logo":{"@type":"ImageObject","inLanguage":"en-GB","@id":"https:\/\/filmeks.com.tr\/#\/schema\/logo\/image\/","url":"https:\/\/filmeks.com.tr\/wp-content\/uploads\/2020\/12\/cropped-cropped-filmeks-logo-tall-min.png","contentUrl":"https:\/\/filmeks.com.tr\/wp-content\/uploads\/2020\/12\/cropped-cropped-filmeks-logo-tall-min.png","width":250,"height":99,"caption":"Filmeks"},"image":{"@id":"https:\/\/filmeks.com.tr\/#\/schema\/logo\/image\/"}}]}},"_links":{"self":[{"href":"https:\/\/filmeks.com.tr\/en\/wp-json\/wp\/v2\/pages\/5542","targetHints":{"allow":["GET"]}}],"collection":[{"href":"https:\/\/filmeks.com.tr\/en\/wp-json\/wp\/v2\/pages"}],"about":[{"href":"https:\/\/filmeks.com.tr\/en\/wp-json\/wp\/v2\/types\/page"}],"author":[{"embeddable":true,"href":"https:\/\/filmeks.com.tr\/en\/wp-json\/wp\/v2\/users\/1"}],"replies":[{"embeddable":true,"href":"https:\/\/filmeks.com.tr\/en\/wp-json\/wp\/v2\/comments?post=5542"}],"version-history":[{"count":16,"href":"https:\/\/filmeks.com.tr\/en\/wp-json\/wp\/v2\/pages\/5542\/revisions"}],"predecessor-version":[{"id":5934,"href":"https:\/\/filmeks.com.tr\/en\/wp-json\/wp\/v2\/pages\/5542\/revisions\/5934"}],"up":[{"embeddable":true,"href":"https:\/\/filmeks.com.tr\/en\/wp-json\/wp\/v2\/pages\/5600"}],"wp:attachment":[{"href":"https:\/\/filmeks.com.tr\/en\/wp-json\/wp\/v2\/media?parent=5542"}],"curies":[{"name":"wp","href":"https:\/\/api.w.org\/{rel}","templated":true}]}}