{"id":5556,"date":"2021-01-09T21:58:05","date_gmt":"2021-01-09T18:58:05","guid":{"rendered":"https:\/\/filmeks.com.tr\/?page_id=5556"},"modified":"2021-01-17T02:39:03","modified_gmt":"2021-01-16T23:39:03","slug":"fotograf-cekimi","status":"publish","type":"page","link":"https:\/\/filmeks.com.tr\/en\/hizmetlerimiz\/fotograf-cekimi\/","title":{"rendered":"Foto\u011fraf \u00c7ekimi"},"content":{"rendered":"\t\t<div data-elementor-type=\"wp-page\" data-elementor-id=\"5556\" class=\"elementor elementor-5556\">\n\t\t\t\t\t\t<section class=\"elementor-section elementor-top-section elementor-element elementor-element-7339ed7f elementor-section-boxed elementor-section-height-default elementor-section-height-default\" data-id=\"7339ed7f\" data-element_type=\"section\" data-e-type=\"section\">\n\t\t\t\t\t\t<div class=\"elementor-container elementor-column-gap-default\">\n\t\t\t\t\t<div class=\"elementor-column elementor-col-100 elementor-top-column elementor-element elementor-element-14a2904d\" data-id=\"14a2904d\" data-element_type=\"column\" data-e-type=\"column\">\n\t\t\t<div class=\"elementor-widget-wrap elementor-element-populated\">\n\t\t\t\t\t\t<div class=\"elementor-element elementor-element-87bff91 elementor-widget elementor-widget-text-editor\" data-id=\"87bff91\" data-element_type=\"widget\" data-e-type=\"widget\" data-widget_type=\"text-editor.default\">\n\t\t\t\t\t\t\t\t\t<p>Foto\u011fraf \u00c7ekimi | Filmeks<\/p>\t\t\t\t\t\t\t\t<\/div>\n\t\t\t\t<div class=\"elementor-element elementor-element-2219044 elementor-widget elementor-widget-heading\" data-id=\"2219044\" data-element_type=\"widget\" data-e-type=\"widget\" data-widget_type=\"heading.default\">\n\t\t\t\t\t<h2 class=\"elementor-heading-title elementor-size-default\">Filmeks Profesyonel Foto\u011fraf Ekibi ile Yan\u0131n\u0131zda!<\/h2>\t\t\t\t<\/div>\n\t\t\t\t\t<\/div>\n\t\t<\/div>\n\t\t\t\t\t<\/div>\n\t\t<\/section>\n\t\t\t\t<section class=\"elementor-section elementor-top-section elementor-element elementor-element-2c5b6607 elementor-section-boxed elementor-section-height-default elementor-section-height-default\" data-id=\"2c5b6607\" data-element_type=\"section\" data-e-type=\"section\">\n\t\t\t\t\t\t<div class=\"elementor-container elementor-column-gap-default\">\n\t\t\t\t\t<div class=\"elementor-column elementor-col-50 elementor-top-column elementor-element elementor-element-5ad283ac\" data-id=\"5ad283ac\" data-element_type=\"column\" data-e-type=\"column\">\n\t\t\t<div class=\"elementor-widget-wrap elementor-element-populated\">\n\t\t\t\t\t\t<div class=\"elementor-element elementor-element-77f790a5 elementor-widget elementor-widget-image\" data-id=\"77f790a5\" data-element_type=\"widget\" data-e-type=\"widget\" data-widget_type=\"image.default\">\n\t\t\t\t\t\t\t\t\t\t\t\t\t\t\t<img fetchpriority=\"high\" decoding=\"async\" width=\"540\" height=\"663\" src=\"https:\/\/filmeks.com.tr\/wp-content\/uploads\/2021\/01\/fotograf-cekimi.jpg\" class=\"attachment-large size-large wp-image-5559\" alt=\"\" srcset=\"https:\/\/filmeks.com.tr\/wp-content\/uploads\/2021\/01\/fotograf-cekimi.jpg 540w, https:\/\/filmeks.com.tr\/wp-content\/uploads\/2021\/01\/fotograf-cekimi-244x300.jpg 244w, https:\/\/filmeks.com.tr\/wp-content\/uploads\/2021\/01\/fotograf-cekimi-10x12.jpg 10w\" sizes=\"(max-width: 540px) 100vw, 540px\" \/>\t\t\t\t\t\t\t\t\t\t\t\t\t\t\t<\/div>\n\t\t\t\t<section class=\"elementor-section elementor-inner-section elementor-element elementor-element-6f4a54aa elementor-section-boxed elementor-section-height-default elementor-section-height-default\" data-id=\"6f4a54aa\" data-element_type=\"section\" data-e-type=\"section\">\n\t\t\t\t\t\t<div class=\"elementor-container elementor-column-gap-default\">\n\t\t\t\t\t<div class=\"elementor-column elementor-col-100 elementor-inner-column elementor-element elementor-element-6f07fa35\" data-id=\"6f07fa35\" data-element_type=\"column\" data-e-type=\"column\">\n\t\t\t<div class=\"elementor-widget-wrap elementor-element-populated\">\n\t\t\t\t\t\t<div class=\"elementor-element elementor-element-3456f1f6 elementor-widget-divider--view-line elementor-widget elementor-widget-divider\" data-id=\"3456f1f6\" data-element_type=\"widget\" data-e-type=\"widget\" data-widget_type=\"divider.default\">\n\t\t\t\t\t\t\t<div class=\"elementor-divider\">\n\t\t\t<span class=\"elementor-divider-separator\">\n\t\t\t\t\t\t<\/span>\n\t\t<\/div>\n\t\t\t\t\t\t<\/div>\n\t\t\t\t<div class=\"elementor-element elementor-element-533e96a2 elementor-widget elementor-widget-text-editor\" data-id=\"533e96a2\" data-element_type=\"widget\" data-e-type=\"widget\" data-widget_type=\"text-editor.default\">\n\t\t\t\t\t\t\t\t\t<p>Do\u011fru prod\u00fcksiyon, do\u011fru \u0131\u015f\u0131k ve do\u011fru kadraj tekni\u011fi ile riske at\u0131lmayacak kadar de\u011ferli olan an\u0131lar\u0131n\u0131z\u0131, ba\u015far\u0131lar\u0131n\u0131z\u0131, \u00fcr\u00fcnlerinizi ve etkinliklerinizi kaliteli g\u00f6rseller ile kay\u0131t alt\u0131na al\u0131yoruz. Ba\u015far\u0131l\u0131 foto\u011fraf \u00e7ekimi alan\u0131nda uzman profesyonel bir foto\u011fraf ekibi ile ger\u00e7ekle\u015fir. Filmeks olarak sizlere bu profesyonel duru\u015f ile yakla\u015f\u0131yoruz. Projelerinize uygun sahne tasar\u0131m\u0131, st\u00fcdyo haz\u0131rl\u0131\u011f\u0131, model, maky\u00f6z, kuaf\u00f6r ve styling hizmeti ile foto\u011fraf \u00e7ekimlerinizi ger\u00e7ekle\u015ftiriyor. \u0130stanbul\u2019daki st\u00fcdyomuzda foto\u011fraf \u00e7ekimlerinizi tamaml\u0131yor ve do\u011fru retouch hizmeti vererek foto\u011fraf \u00e7ekimi hizmetimizi ba\u015far\u0131 ile tamaml\u0131yoruz.<\/p>\t\t\t\t\t\t\t\t<\/div>\n\t\t\t\t\t<\/div>\n\t\t<\/div>\n\t\t\t\t\t<\/div>\n\t\t<\/section>\n\t\t\t\t\t<\/div>\n\t\t<\/div>\n\t\t\t\t<div class=\"elementor-column elementor-col-50 elementor-top-column elementor-element elementor-element-417c955f\" data-id=\"417c955f\" data-element_type=\"column\" data-e-type=\"column\">\n\t\t\t<div class=\"elementor-widget-wrap elementor-element-populated\">\n\t\t\t\t\t\t<section class=\"elementor-section elementor-inner-section elementor-element elementor-element-733c35ea elementor-section-boxed elementor-section-height-default elementor-section-height-default\" data-id=\"733c35ea\" data-element_type=\"section\" data-e-type=\"section\">\n\t\t\t\t\t\t<div class=\"elementor-container elementor-column-gap-default\">\n\t\t\t\t\t<div class=\"elementor-column elementor-col-100 elementor-inner-column elementor-element elementor-element-3f6fc572\" data-id=\"3f6fc572\" data-element_type=\"column\" data-e-type=\"column\">\n\t\t\t<div class=\"elementor-widget-wrap elementor-element-populated\">\n\t\t\t\t\t\t<div class=\"elementor-element elementor-element-5adf43ae elementor-widget-divider--view-line elementor-widget elementor-widget-divider\" data-id=\"5adf43ae\" data-element_type=\"widget\" data-e-type=\"widget\" data-widget_type=\"divider.default\">\n\t\t\t\t\t\t\t<div class=\"elementor-divider\">\n\t\t\t<span class=\"elementor-divider-separator\">\n\t\t\t\t\t\t<\/span>\n\t\t<\/div>\n\t\t\t\t\t\t<\/div>\n\t\t\t\t<div class=\"elementor-element elementor-element-2008e481 elementor-widget elementor-widget-text-editor\" data-id=\"2008e481\" data-element_type=\"widget\" data-e-type=\"widget\" data-widget_type=\"text-editor.default\">\n\t\t\t\t\t\t\t\t\t<p>Foto\u011fraf \u00e7ekimlerinde ba\u015far\u0131l\u0131 prod\u00fcksiyonlara imza atan Filmeks Film Ekibi \u00f6d\u00fcll\u00fc foto\u011fraf\u00e7\u0131lar\u0131 ve akademik kadrosu ile kurumsal foto\u011fraf \u00e7ekimi , moda foto\u011fraf \u00e7ekimi, \u00fcr\u00fcn foto\u011fraf \u00e7ekimi, mimari foto\u011fraf \u00e7ekimi ve antika foto\u011fraf \u00e7ekimi gibi bir \u00e7ok alanda foto\u011fraf \u00e7ekimi hizmeti vermektedir.<\/p>\t\t\t\t\t\t\t\t<\/div>\n\t\t\t\t\t<\/div>\n\t\t<\/div>\n\t\t\t\t\t<\/div>\n\t\t<\/section>\n\t\t\t\t<div class=\"elementor-element elementor-element-63b88ba6 elementor-widget elementor-widget-image\" data-id=\"63b88ba6\" data-element_type=\"widget\" data-e-type=\"widget\" data-widget_type=\"image.default\">\n\t\t\t\t\t\t\t\t\t\t\t\t\t\t\t<img decoding=\"async\" width=\"540\" height=\"663\" src=\"https:\/\/filmeks.com.tr\/wp-content\/uploads\/2021\/01\/fotograf-cekimi-2.jpg\" class=\"attachment-large size-large wp-image-5560\" alt=\"\" srcset=\"https:\/\/filmeks.com.tr\/wp-content\/uploads\/2021\/01\/fotograf-cekimi-2.jpg 540w, https:\/\/filmeks.com.tr\/wp-content\/uploads\/2021\/01\/fotograf-cekimi-2-244x300.jpg 244w, https:\/\/filmeks.com.tr\/wp-content\/uploads\/2021\/01\/fotograf-cekimi-2-10x12.jpg 10w\" sizes=\"(max-width: 540px) 100vw, 540px\" \/>\t\t\t\t\t\t\t\t\t\t\t\t\t\t\t<\/div>\n\t\t\t\t\t<\/div>\n\t\t<\/div>\n\t\t\t\t\t<\/div>\n\t\t<\/section>\n\t\t\t\t<section class=\"elementor-section elementor-inner-section elementor-element elementor-element-4608ee10 elementor-section-boxed elementor-section-height-default elementor-section-height-default\" data-id=\"4608ee10\" data-element_type=\"section\" data-e-type=\"section\">\n\t\t\t\t\t\t<div class=\"elementor-container elementor-column-gap-default\">\n\t\t\t\t\t<div class=\"elementor-column elementor-col-100 elementor-inner-column elementor-element elementor-element-d426627\" data-id=\"d426627\" data-element_type=\"column\" data-e-type=\"column\">\n\t\t\t<div class=\"elementor-widget-wrap elementor-element-populated\">\n\t\t\t\t\t\t<div class=\"elementor-element elementor-element-4144edc8 elementor-align-center elementor-button-success elementor-widget elementor-widget-button\" data-id=\"4144edc8\" data-element_type=\"widget\" data-e-type=\"widget\" data-widget_type=\"button.default\">\n\t\t\t\t\t\t\t\t\t\t<a class=\"elementor-button elementor-button-link elementor-size-xs elementor-animation-push\" href=\"http:\/\/filmeks.com.tr\/projelerimiz\/urun-fotograf-cekimi\/\">\n\t\t\t\t\t\t<span class=\"elementor-button-content-wrapper\">\n\t\t\t\t\t\t<span class=\"elementor-button-icon\">\n\t\t\t\t<svg aria-hidden=\"true\" class=\"e-font-icon-svg e-far-arrow-alt-circle-right\" viewBox=\"0 0 512 512\" xmlns=\"http:\/\/www.w3.org\/2000\/svg\"><path d=\"M504 256C504 119 393 8 256 8S8 119 8 256s111 248 248 248 248-111 248-248zm-448 0c0-110.5 89.5-200 200-200s200 89.5 200 200-89.5 200-200 200S56 366.5 56 256zm72 20v-40c0-6.6 5.4-12 12-12h116v-67c0-10.7 12.9-16 20.5-8.5l99 99c4.7 4.7 4.7 12.3 0 17l-99 99c-7.6 7.6-20.5 2.2-20.5-8.5v-67H140c-6.6 0-12-5.4-12-12z\"><\/path><\/svg>\t\t\t<\/span>\n\t\t\t\t\t\t\t\t\t<span class=\"elementor-button-text\">Projelerimize G\u00f6z At\u0131n<\/span>\n\t\t\t\t\t<\/span>\n\t\t\t\t\t<\/a>\n\t\t\t\t\t\t\t\t<\/div>\n\t\t\t\t\t<\/div>\n\t\t<\/div>\n\t\t\t\t\t<\/div>\n\t\t<\/section>\n\t\t\t\t<section class=\"elementor-section elementor-top-section elementor-element elementor-element-5b50cda7 elementor-section-boxed elementor-section-height-default elementor-section-height-default\" data-id=\"5b50cda7\" data-element_type=\"section\" data-e-type=\"section\">\n\t\t\t\t\t\t<div class=\"elementor-container elementor-column-gap-default\">\n\t\t\t\t\t<div class=\"elementor-column elementor-col-100 elementor-top-column elementor-element elementor-element-5c52754d\" data-id=\"5c52754d\" data-element_type=\"column\" data-e-type=\"column\">\n\t\t\t<div class=\"elementor-widget-wrap elementor-element-populated\">\n\t\t\t\t\t\t<div class=\"elementor-element elementor-element-19a56c31 elementor-widget elementor-widget-heading\" data-id=\"19a56c31\" data-element_type=\"widget\" data-e-type=\"widget\" data-widget_type=\"heading.default\">\n\t\t\t\t\t<h2 class=\"elementor-heading-title elementor-size-default\">Hemen Teklif Al<\/h2>\t\t\t\t<\/div>\n\t\t\t\t<div class=\"elementor-element elementor-element-18f44aae elementor-widget elementor-widget-shortcode\" data-id=\"18f44aae\" data-element_type=\"widget\" data-e-type=\"widget\" data-widget_type=\"shortcode.default\">\n\t\t\t\t\t\t\t<div class=\"elementor-shortcode\">[contact-form-7 id=\"4\" title=\"Contact Form\"]<\/div>\n\t\t\t\t\t\t<\/div>\n\t\t\t\t\t<\/div>\n\t\t<\/div>\n\t\t\t\t\t<\/div>\n\t\t<\/section>\n\t\t\t\t<\/div>\n\t\t","protected":false},"excerpt":{"rendered":"<p>Foto\u011fraf \u00c7ekimi | Filmeks Filmeks Profesyonel Foto\u011fraf Ekibi ile Yan\u0131n\u0131zda! Do\u011fru prod\u00fcksiyon, do\u011fru \u0131\u015f\u0131k ve do\u011fru kadraj tekni\u011fi ile riske at\u0131lmayacak kadar de\u011ferli olan an\u0131lar\u0131n\u0131z\u0131, ba\u015far\u0131lar\u0131n\u0131z\u0131, \u00fcr\u00fcnlerinizi ve etkinliklerinizi kaliteli g\u00f6rseller ile kay\u0131t alt\u0131na al\u0131yoruz. Ba\u015far\u0131l\u0131 foto\u011fraf \u00e7ekimi alan\u0131nda uzman profesyonel bir foto\u011fraf ekibi ile ger\u00e7ekle\u015fir. Filmeks olarak sizlere bu profesyonel duru\u015f ile yakla\u015f\u0131yoruz. Projelerinize [&hellip;]<\/p>\n","protected":false},"author":1,"featured_media":0,"parent":5600,"menu_order":4,"comment_status":"closed","ping_status":"closed","template":"","meta":{"footnotes":""},"class_list":["post-5556","page","type-page","status-publish","hentry"],"yoast_head":"<!-- This site is optimized with the Yoast SEO plugin v27.4 - https:\/\/yoast.com\/product\/yoast-seo-wordpress\/ -->\n<title>Foto\u011fraf \u00c7ekimi - Filmeks<\/title>\n<meta name=\"robots\" content=\"index, follow, max-snippet:-1, max-image-preview:large, max-video-preview:-1\" \/>\n<link rel=\"canonical\" href=\"https:\/\/filmeks.com.tr\/en\/hizmetlerimiz\/fotograf-cekimi\/\" \/>\n<meta property=\"og:locale\" content=\"en_GB\" \/>\n<meta property=\"og:type\" content=\"article\" \/>\n<meta property=\"og:title\" content=\"Foto\u011fraf \u00c7ekimi - Filmeks\" \/>\n<meta property=\"og:description\" content=\"Foto\u011fraf \u00c7ekimi | Filmeks Filmeks Profesyonel Foto\u011fraf Ekibi ile Yan\u0131n\u0131zda! Do\u011fru prod\u00fcksiyon, do\u011fru \u0131\u015f\u0131k ve do\u011fru kadraj tekni\u011fi ile riske at\u0131lmayacak kadar de\u011ferli olan an\u0131lar\u0131n\u0131z\u0131, ba\u015far\u0131lar\u0131n\u0131z\u0131, \u00fcr\u00fcnlerinizi ve etkinliklerinizi kaliteli g\u00f6rseller ile kay\u0131t alt\u0131na al\u0131yoruz. Ba\u015far\u0131l\u0131 foto\u011fraf \u00e7ekimi alan\u0131nda uzman profesyonel bir foto\u011fraf ekibi ile ger\u00e7ekle\u015fir. Filmeks olarak sizlere bu profesyonel duru\u015f ile yakla\u015f\u0131yoruz. Projelerinize [&hellip;]\" \/>\n<meta property=\"og:url\" content=\"https:\/\/filmeks.com.tr\/en\/hizmetlerimiz\/fotograf-cekimi\/\" \/>\n<meta property=\"og:site_name\" content=\"Filmeks\" \/>\n<meta property=\"article:modified_time\" content=\"2021-01-16T23:39:03+00:00\" \/>\n<meta property=\"og:image\" content=\"http:\/\/filmeks.com.tr\/wp-content\/uploads\/2021\/01\/fotograf-cekimi.jpg\" \/>\n<meta name=\"twitter:card\" content=\"summary_large_image\" \/>\n<meta name=\"twitter:label1\" content=\"Estimated reading time\" \/>\n\t<meta name=\"twitter:data1\" content=\"1 minute\" \/>\n<script type=\"application\/ld+json\" class=\"yoast-schema-graph\">{\"@context\":\"https:\\\/\\\/schema.org\",\"@graph\":[{\"@type\":\"WebPage\",\"@id\":\"https:\\\/\\\/filmeks.com.tr\\\/hizmetlerimiz\\\/fotograf-cekimi\\\/\",\"url\":\"https:\\\/\\\/filmeks.com.tr\\\/hizmetlerimiz\\\/fotograf-cekimi\\\/\",\"name\":\"Foto\u011fraf \u00c7ekimi - Filmeks\",\"isPartOf\":{\"@id\":\"https:\\\/\\\/filmeks.com.tr\\\/#website\"},\"primaryImageOfPage\":{\"@id\":\"https:\\\/\\\/filmeks.com.tr\\\/hizmetlerimiz\\\/fotograf-cekimi\\\/#primaryimage\"},\"image\":{\"@id\":\"https:\\\/\\\/filmeks.com.tr\\\/hizmetlerimiz\\\/fotograf-cekimi\\\/#primaryimage\"},\"thumbnailUrl\":\"http:\\\/\\\/filmeks.com.tr\\\/wp-content\\\/uploads\\\/2021\\\/01\\\/fotograf-cekimi.jpg\",\"datePublished\":\"2021-01-09T18:58:05+00:00\",\"dateModified\":\"2021-01-16T23:39:03+00:00\",\"breadcrumb\":{\"@id\":\"https:\\\/\\\/filmeks.com.tr\\\/hizmetlerimiz\\\/fotograf-cekimi\\\/#breadcrumb\"},\"inLanguage\":\"en-GB\",\"potentialAction\":[{\"@type\":\"ReadAction\",\"target\":[\"https:\\\/\\\/filmeks.com.tr\\\/hizmetlerimiz\\\/fotograf-cekimi\\\/\"]}]},{\"@type\":\"ImageObject\",\"inLanguage\":\"en-GB\",\"@id\":\"https:\\\/\\\/filmeks.com.tr\\\/hizmetlerimiz\\\/fotograf-cekimi\\\/#primaryimage\",\"url\":\"http:\\\/\\\/filmeks.com.tr\\\/wp-content\\\/uploads\\\/2021\\\/01\\\/fotograf-cekimi.jpg\",\"contentUrl\":\"http:\\\/\\\/filmeks.com.tr\\\/wp-content\\\/uploads\\\/2021\\\/01\\\/fotograf-cekimi.jpg\"},{\"@type\":\"BreadcrumbList\",\"@id\":\"https:\\\/\\\/filmeks.com.tr\\\/hizmetlerimiz\\\/fotograf-cekimi\\\/#breadcrumb\",\"itemListElement\":[{\"@type\":\"ListItem\",\"position\":1,\"name\":\"Home\",\"item\":\"https:\\\/\\\/filmeks.com.tr\\\/\"},{\"@type\":\"ListItem\",\"position\":2,\"name\":\"Hizmetlerimiz\",\"item\":\"https:\\\/\\\/filmeks.com.tr\\\/hizmetlerimiz\\\/\"},{\"@type\":\"ListItem\",\"position\":3,\"name\":\"Foto\u011fraf \u00c7ekimi\"}]},{\"@type\":\"WebSite\",\"@id\":\"https:\\\/\\\/filmeks.com.tr\\\/#website\",\"url\":\"https:\\\/\\\/filmeks.com.tr\\\/\",\"name\":\"Filmeks\",\"description\":\"Kurumsal Tan\u0131t\u0131m Filmi\",\"publisher\":{\"@id\":\"https:\\\/\\\/filmeks.com.tr\\\/#organization\"},\"potentialAction\":[{\"@type\":\"SearchAction\",\"target\":{\"@type\":\"EntryPoint\",\"urlTemplate\":\"https:\\\/\\\/filmeks.com.tr\\\/?s={search_term_string}\"},\"query-input\":{\"@type\":\"PropertyValueSpecification\",\"valueRequired\":true,\"valueName\":\"search_term_string\"}}],\"inLanguage\":\"en-GB\"},{\"@type\":\"Organization\",\"@id\":\"https:\\\/\\\/filmeks.com.tr\\\/#organization\",\"name\":\"Filmeks\",\"url\":\"https:\\\/\\\/filmeks.com.tr\\\/\",\"logo\":{\"@type\":\"ImageObject\",\"inLanguage\":\"en-GB\",\"@id\":\"https:\\\/\\\/filmeks.com.tr\\\/#\\\/schema\\\/logo\\\/image\\\/\",\"url\":\"https:\\\/\\\/filmeks.com.tr\\\/wp-content\\\/uploads\\\/2020\\\/12\\\/cropped-cropped-filmeks-logo-tall-min.png\",\"contentUrl\":\"https:\\\/\\\/filmeks.com.tr\\\/wp-content\\\/uploads\\\/2020\\\/12\\\/cropped-cropped-filmeks-logo-tall-min.png\",\"width\":250,\"height\":99,\"caption\":\"Filmeks\"},\"image\":{\"@id\":\"https:\\\/\\\/filmeks.com.tr\\\/#\\\/schema\\\/logo\\\/image\\\/\"}}]}<\/script>\n<!-- \/ Yoast SEO plugin. -->","yoast_head_json":{"title":"Foto\u011fraf \u00c7ekimi - Filmeks","robots":{"index":"index","follow":"follow","max-snippet":"max-snippet:-1","max-image-preview":"max-image-preview:large","max-video-preview":"max-video-preview:-1"},"canonical":"https:\/\/filmeks.com.tr\/en\/hizmetlerimiz\/fotograf-cekimi\/","og_locale":"en_GB","og_type":"article","og_title":"Foto\u011fraf \u00c7ekimi - Filmeks","og_description":"Foto\u011fraf \u00c7ekimi | Filmeks Filmeks Profesyonel Foto\u011fraf Ekibi ile Yan\u0131n\u0131zda! Do\u011fru prod\u00fcksiyon, do\u011fru \u0131\u015f\u0131k ve do\u011fru kadraj tekni\u011fi ile riske at\u0131lmayacak kadar de\u011ferli olan an\u0131lar\u0131n\u0131z\u0131, ba\u015far\u0131lar\u0131n\u0131z\u0131, \u00fcr\u00fcnlerinizi ve etkinliklerinizi kaliteli g\u00f6rseller ile kay\u0131t alt\u0131na al\u0131yoruz. Ba\u015far\u0131l\u0131 foto\u011fraf \u00e7ekimi alan\u0131nda uzman profesyonel bir foto\u011fraf ekibi ile ger\u00e7ekle\u015fir. Filmeks olarak sizlere bu profesyonel duru\u015f ile yakla\u015f\u0131yoruz. Projelerinize [&hellip;]","og_url":"https:\/\/filmeks.com.tr\/en\/hizmetlerimiz\/fotograf-cekimi\/","og_site_name":"Filmeks","article_modified_time":"2021-01-16T23:39:03+00:00","og_image":[{"url":"http:\/\/filmeks.com.tr\/wp-content\/uploads\/2021\/01\/fotograf-cekimi.jpg","type":"","width":"","height":""}],"twitter_card":"summary_large_image","twitter_misc":{"Estimated reading time":"1 minute"},"schema":{"@context":"https:\/\/schema.org","@graph":[{"@type":"WebPage","@id":"https:\/\/filmeks.com.tr\/hizmetlerimiz\/fotograf-cekimi\/","url":"https:\/\/filmeks.com.tr\/hizmetlerimiz\/fotograf-cekimi\/","name":"Foto\u011fraf \u00c7ekimi - Filmeks","isPartOf":{"@id":"https:\/\/filmeks.com.tr\/#website"},"primaryImageOfPage":{"@id":"https:\/\/filmeks.com.tr\/hizmetlerimiz\/fotograf-cekimi\/#primaryimage"},"image":{"@id":"https:\/\/filmeks.com.tr\/hizmetlerimiz\/fotograf-cekimi\/#primaryimage"},"thumbnailUrl":"http:\/\/filmeks.com.tr\/wp-content\/uploads\/2021\/01\/fotograf-cekimi.jpg","datePublished":"2021-01-09T18:58:05+00:00","dateModified":"2021-01-16T23:39:03+00:00","breadcrumb":{"@id":"https:\/\/filmeks.com.tr\/hizmetlerimiz\/fotograf-cekimi\/#breadcrumb"},"inLanguage":"en-GB","potentialAction":[{"@type":"ReadAction","target":["https:\/\/filmeks.com.tr\/hizmetlerimiz\/fotograf-cekimi\/"]}]},{"@type":"ImageObject","inLanguage":"en-GB","@id":"https:\/\/filmeks.com.tr\/hizmetlerimiz\/fotograf-cekimi\/#primaryimage","url":"http:\/\/filmeks.com.tr\/wp-content\/uploads\/2021\/01\/fotograf-cekimi.jpg","contentUrl":"http:\/\/filmeks.com.tr\/wp-content\/uploads\/2021\/01\/fotograf-cekimi.jpg"},{"@type":"BreadcrumbList","@id":"https:\/\/filmeks.com.tr\/hizmetlerimiz\/fotograf-cekimi\/#breadcrumb","itemListElement":[{"@type":"ListItem","position":1,"name":"Home","item":"https:\/\/filmeks.com.tr\/"},{"@type":"ListItem","position":2,"name":"Hizmetlerimiz","item":"https:\/\/filmeks.com.tr\/hizmetlerimiz\/"},{"@type":"ListItem","position":3,"name":"Foto\u011fraf \u00c7ekimi"}]},{"@type":"WebSite","@id":"https:\/\/filmeks.com.tr\/#website","url":"https:\/\/filmeks.com.tr\/","name":"Filmeks","description":"Kurumsal Tan\u0131t\u0131m Filmi","publisher":{"@id":"https:\/\/filmeks.com.tr\/#organization"},"potentialAction":[{"@type":"SearchAction","target":{"@type":"EntryPoint","urlTemplate":"https:\/\/filmeks.com.tr\/?s={search_term_string}"},"query-input":{"@type":"PropertyValueSpecification","valueRequired":true,"valueName":"search_term_string"}}],"inLanguage":"en-GB"},{"@type":"Organization","@id":"https:\/\/filmeks.com.tr\/#organization","name":"Filmeks","url":"https:\/\/filmeks.com.tr\/","logo":{"@type":"ImageObject","inLanguage":"en-GB","@id":"https:\/\/filmeks.com.tr\/#\/schema\/logo\/image\/","url":"https:\/\/filmeks.com.tr\/wp-content\/uploads\/2020\/12\/cropped-cropped-filmeks-logo-tall-min.png","contentUrl":"https:\/\/filmeks.com.tr\/wp-content\/uploads\/2020\/12\/cropped-cropped-filmeks-logo-tall-min.png","width":250,"height":99,"caption":"Filmeks"},"image":{"@id":"https:\/\/filmeks.com.tr\/#\/schema\/logo\/image\/"}}]}},"_links":{"self":[{"href":"https:\/\/filmeks.com.tr\/en\/wp-json\/wp\/v2\/pages\/5556","targetHints":{"allow":["GET"]}}],"collection":[{"href":"https:\/\/filmeks.com.tr\/en\/wp-json\/wp\/v2\/pages"}],"about":[{"href":"https:\/\/filmeks.com.tr\/en\/wp-json\/wp\/v2\/types\/page"}],"author":[{"embeddable":true,"href":"https:\/\/filmeks.com.tr\/en\/wp-json\/wp\/v2\/users\/1"}],"replies":[{"embeddable":true,"href":"https:\/\/filmeks.com.tr\/en\/wp-json\/wp\/v2\/comments?post=5556"}],"version-history":[{"count":13,"href":"https:\/\/filmeks.com.tr\/en\/wp-json\/wp\/v2\/pages\/5556\/revisions"}],"predecessor-version":[{"id":5938,"href":"https:\/\/filmeks.com.tr\/en\/wp-json\/wp\/v2\/pages\/5556\/revisions\/5938"}],"up":[{"embeddable":true,"href":"https:\/\/filmeks.com.tr\/en\/wp-json\/wp\/v2\/pages\/5600"}],"wp:attachment":[{"href":"https:\/\/filmeks.com.tr\/en\/wp-json\/wp\/v2\/media?parent=5556"}],"curies":[{"name":"wp","href":"https:\/\/api.w.org\/{rel}","templated":true}]}}