{"id":5564,"date":"2021-01-09T22:09:19","date_gmt":"2021-01-09T19:09:19","guid":{"rendered":"https:\/\/filmeks.com.tr\/?page_id=5564"},"modified":"2021-01-17T02:58:10","modified_gmt":"2021-01-16T23:58:10","slug":"sosyal-medya-icerikleri","status":"publish","type":"page","link":"https:\/\/filmeks.com.tr\/en\/hizmetlerimiz\/sosyal-medya-icerikleri\/","title":{"rendered":"Sosyal Medya \u0130\u00e7erikleri"},"content":{"rendered":"\t\t<div data-elementor-type=\"wp-page\" data-elementor-id=\"5564\" class=\"elementor elementor-5564\">\n\t\t\t\t\t\t<section class=\"elementor-section elementor-top-section elementor-element elementor-element-79b2c654 elementor-section-boxed elementor-section-height-default elementor-section-height-default\" data-id=\"79b2c654\" data-element_type=\"section\" data-e-type=\"section\">\n\t\t\t\t\t\t<div class=\"elementor-container elementor-column-gap-default\">\n\t\t\t\t\t<div class=\"elementor-column elementor-col-100 elementor-top-column elementor-element elementor-element-2b5f6c04\" data-id=\"2b5f6c04\" data-element_type=\"column\" data-e-type=\"column\">\n\t\t\t<div class=\"elementor-widget-wrap elementor-element-populated\">\n\t\t\t\t\t\t<div class=\"elementor-element elementor-element-31e539f2 elementor-widget elementor-widget-text-editor\" data-id=\"31e539f2\" data-element_type=\"widget\" data-e-type=\"widget\" data-widget_type=\"text-editor.default\">\n\t\t\t\t\t\t\t\t\t<p>Sosyal Medya \u0130\u00e7erikleri | Filmeks<\/p>\t\t\t\t\t\t\t\t<\/div>\n\t\t\t\t<div class=\"elementor-element elementor-element-8000f9f elementor-widget elementor-widget-heading\" data-id=\"8000f9f\" data-element_type=\"widget\" data-e-type=\"widget\" data-widget_type=\"heading.default\">\n\t\t\t\t\t<h2 class=\"elementor-heading-title elementor-size-default\">Dijital \u00c7a\u011f\u0131n T\u00fcm Prod\u00fcksiyon \u0130htiya\u00e7lar\u0131 Tek Bir \u00c7at\u0131 Alt\u0131nda!<\/h2>\t\t\t\t<\/div>\n\t\t\t\t\t<\/div>\n\t\t<\/div>\n\t\t\t\t\t<\/div>\n\t\t<\/section>\n\t\t\t\t<section class=\"elementor-section elementor-top-section elementor-element elementor-element-6a729619 elementor-section-boxed elementor-section-height-default elementor-section-height-default\" data-id=\"6a729619\" data-element_type=\"section\" data-e-type=\"section\">\n\t\t\t\t\t\t<div class=\"elementor-container elementor-column-gap-default\">\n\t\t\t\t\t<div class=\"elementor-column elementor-col-50 elementor-top-column elementor-element elementor-element-4cdbece3\" data-id=\"4cdbece3\" data-element_type=\"column\" data-e-type=\"column\">\n\t\t\t<div class=\"elementor-widget-wrap elementor-element-populated\">\n\t\t\t\t\t\t<div class=\"elementor-element elementor-element-1d7f995c elementor-widget elementor-widget-image\" data-id=\"1d7f995c\" data-element_type=\"widget\" data-e-type=\"widget\" data-widget_type=\"image.default\">\n\t\t\t\t\t\t\t\t\t\t\t\t\t\t\t<img fetchpriority=\"high\" decoding=\"async\" width=\"540\" height=\"663\" src=\"https:\/\/filmeks.com.tr\/wp-content\/uploads\/2021\/01\/sosyal-medya-icerikleri.jpg\" class=\"attachment-large size-large wp-image-5577\" alt=\"\" srcset=\"https:\/\/filmeks.com.tr\/wp-content\/uploads\/2021\/01\/sosyal-medya-icerikleri.jpg 540w, https:\/\/filmeks.com.tr\/wp-content\/uploads\/2021\/01\/sosyal-medya-icerikleri-244x300.jpg 244w, https:\/\/filmeks.com.tr\/wp-content\/uploads\/2021\/01\/sosyal-medya-icerikleri-10x12.jpg 10w\" sizes=\"(max-width: 540px) 100vw, 540px\" \/>\t\t\t\t\t\t\t\t\t\t\t\t\t\t\t<\/div>\n\t\t\t\t<section class=\"elementor-section elementor-inner-section elementor-element elementor-element-3108f991 elementor-section-boxed elementor-section-height-default elementor-section-height-default\" data-id=\"3108f991\" data-element_type=\"section\" data-e-type=\"section\">\n\t\t\t\t\t\t<div class=\"elementor-container elementor-column-gap-default\">\n\t\t\t\t\t<div class=\"elementor-column elementor-col-100 elementor-inner-column elementor-element elementor-element-105c52e4\" data-id=\"105c52e4\" data-element_type=\"column\" data-e-type=\"column\">\n\t\t\t<div class=\"elementor-widget-wrap elementor-element-populated\">\n\t\t\t\t\t\t<div class=\"elementor-element elementor-element-52855046 elementor-widget-divider--view-line elementor-widget elementor-widget-divider\" data-id=\"52855046\" data-element_type=\"widget\" data-e-type=\"widget\" data-widget_type=\"divider.default\">\n\t\t\t\t\t\t\t<div class=\"elementor-divider\">\n\t\t\t<span class=\"elementor-divider-separator\">\n\t\t\t\t\t\t<\/span>\n\t\t<\/div>\n\t\t\t\t\t\t<\/div>\n\t\t\t\t<div class=\"elementor-element elementor-element-25edaa7a elementor-widget elementor-widget-text-editor\" data-id=\"25edaa7a\" data-element_type=\"widget\" data-e-type=\"widget\" data-widget_type=\"text-editor.default\">\n\t\t\t\t\t\t\t\t\t<p>Filmeks sosyal medya hesaplar\u0131n\u0131 g\u00fc\u00e7lendirecek ba\u015far\u0131l\u0131 film ve foto\u011fraf prod\u00fcksiyonlar\u0131n\u0131 sizler i\u00e7in \u00fcretiyor. Kaliteli foto\u011fraf \u00e7ekimleri, ba\u015far\u0131l\u0131 filmler ve hedef kitle analizlerinizi yaparak sosyal medya filmleri ve sosyal medya i\u00e7erik foto\u011fraf \u00e7ekimlerinizi ger\u00e7ekle\u015ftiriyor. Sosyal medya hesaplar\u0131n\u0131n en g\u00fc\u00e7l\u00fc silahlar\u0131 olan film ve foto\u011fraf projelerinizde Filmeks Film Ekibinin profesyonel kadrosu ile \u00e7al\u0131\u015fabilir, y\u00fcksek kaliteli prod\u00fcksiyonlara ula\u015fabilirsiniz. Filmeks sosyal medya filmi ve sosyal medya foto\u011fraf \u00e7ekimi projelerinizde yan\u0131n\u0131zda&#8230;<\/p>\t\t\t\t\t\t\t\t<\/div>\n\t\t\t\t\t<\/div>\n\t\t<\/div>\n\t\t\t\t\t<\/div>\n\t\t<\/section>\n\t\t\t\t\t<\/div>\n\t\t<\/div>\n\t\t\t\t<div class=\"elementor-column elementor-col-50 elementor-top-column elementor-element elementor-element-54b27e0a\" data-id=\"54b27e0a\" data-element_type=\"column\" data-e-type=\"column\">\n\t\t\t<div class=\"elementor-widget-wrap elementor-element-populated\">\n\t\t\t\t\t\t<section class=\"elementor-section elementor-inner-section elementor-element elementor-element-6c81ac92 elementor-section-boxed elementor-section-height-default elementor-section-height-default\" data-id=\"6c81ac92\" data-element_type=\"section\" data-e-type=\"section\">\n\t\t\t\t\t\t<div class=\"elementor-container elementor-column-gap-default\">\n\t\t\t\t\t<div class=\"elementor-column elementor-col-100 elementor-inner-column elementor-element elementor-element-49593cb8\" data-id=\"49593cb8\" data-element_type=\"column\" data-e-type=\"column\">\n\t\t\t<div class=\"elementor-widget-wrap elementor-element-populated\">\n\t\t\t\t\t\t<div class=\"elementor-element elementor-element-24852f44 elementor-widget-divider--view-line elementor-widget elementor-widget-divider\" data-id=\"24852f44\" data-element_type=\"widget\" data-e-type=\"widget\" data-widget_type=\"divider.default\">\n\t\t\t\t\t\t\t<div class=\"elementor-divider\">\n\t\t\t<span class=\"elementor-divider-separator\">\n\t\t\t\t\t\t<\/span>\n\t\t<\/div>\n\t\t\t\t\t\t<\/div>\n\t\t\t\t<div class=\"elementor-element elementor-element-3adf6ed7 elementor-widget elementor-widget-text-editor\" data-id=\"3adf6ed7\" data-element_type=\"widget\" data-e-type=\"widget\" data-widget_type=\"text-editor.default\">\n\t\t\t\t\t\t\t\t\t<p>Dijital \u00e7a\u011f\u0131n en b\u00fcy\u00fck icad\u0131 olan sosyal medya hesaplar\u0131 ve bu hesaplar\u0131n kurumsal ba\u015far\u0131lar\u0131. Bug\u00fcn d\u00fcnyaya a\u00e7\u0131lman\u0131n en h\u0131zl\u0131 yolu olan sosyal medya hesaplar\u0131 film ve foto\u011fraflarla destekleniyor.<\/p>\t\t\t\t\t\t\t\t<\/div>\n\t\t\t\t\t<\/div>\n\t\t<\/div>\n\t\t\t\t\t<\/div>\n\t\t<\/section>\n\t\t\t\t<div class=\"elementor-element elementor-element-347adce elementor-widget elementor-widget-image\" data-id=\"347adce\" data-element_type=\"widget\" data-e-type=\"widget\" data-widget_type=\"image.default\">\n\t\t\t\t\t\t\t\t\t\t\t\t\t\t\t<img decoding=\"async\" width=\"540\" height=\"663\" src=\"https:\/\/filmeks.com.tr\/wp-content\/uploads\/2021\/01\/sosyal-medya-icerikleri-2.jpg\" class=\"attachment-large size-large wp-image-5578\" alt=\"\" srcset=\"https:\/\/filmeks.com.tr\/wp-content\/uploads\/2021\/01\/sosyal-medya-icerikleri-2.jpg 540w, https:\/\/filmeks.com.tr\/wp-content\/uploads\/2021\/01\/sosyal-medya-icerikleri-2-244x300.jpg 244w, https:\/\/filmeks.com.tr\/wp-content\/uploads\/2021\/01\/sosyal-medya-icerikleri-2-10x12.jpg 10w\" sizes=\"(max-width: 540px) 100vw, 540px\" \/>\t\t\t\t\t\t\t\t\t\t\t\t\t\t\t<\/div>\n\t\t\t\t\t<\/div>\n\t\t<\/div>\n\t\t\t\t\t<\/div>\n\t\t<\/section>\n\t\t\t\t<section class=\"elementor-section elementor-inner-section elementor-element elementor-element-1effff92 elementor-section-boxed elementor-section-height-default elementor-section-height-default\" data-id=\"1effff92\" data-element_type=\"section\" data-e-type=\"section\">\n\t\t\t\t\t\t<div class=\"elementor-container elementor-column-gap-default\">\n\t\t\t\t\t<div class=\"elementor-column elementor-col-100 elementor-inner-column elementor-element elementor-element-2333efd5\" data-id=\"2333efd5\" data-element_type=\"column\" data-e-type=\"column\">\n\t\t\t<div class=\"elementor-widget-wrap elementor-element-populated\">\n\t\t\t\t\t\t<div class=\"elementor-element elementor-element-28df716b elementor-align-center elementor-button-success elementor-widget elementor-widget-button\" data-id=\"28df716b\" data-element_type=\"widget\" data-e-type=\"widget\" data-widget_type=\"button.default\">\n\t\t\t\t\t\t\t\t\t\t<a class=\"elementor-button elementor-button-link elementor-size-xs elementor-animation-push\" href=\"http:\/\/filmeks.com.tr\/projelerimiz\/sosyal-medya-filmi\/\">\n\t\t\t\t\t\t<span class=\"elementor-button-content-wrapper\">\n\t\t\t\t\t\t<span class=\"elementor-button-icon\">\n\t\t\t\t<svg aria-hidden=\"true\" class=\"e-font-icon-svg e-far-arrow-alt-circle-right\" viewBox=\"0 0 512 512\" xmlns=\"http:\/\/www.w3.org\/2000\/svg\"><path d=\"M504 256C504 119 393 8 256 8S8 119 8 256s111 248 248 248 248-111 248-248zm-448 0c0-110.5 89.5-200 200-200s200 89.5 200 200-89.5 200-200 200S56 366.5 56 256zm72 20v-40c0-6.6 5.4-12 12-12h116v-67c0-10.7 12.9-16 20.5-8.5l99 99c4.7 4.7 4.7 12.3 0 17l-99 99c-7.6 7.6-20.5 2.2-20.5-8.5v-67H140c-6.6 0-12-5.4-12-12z\"><\/path><\/svg>\t\t\t<\/span>\n\t\t\t\t\t\t\t\t\t<span class=\"elementor-button-text\">Projelerimize G\u00f6z At\u0131n<\/span>\n\t\t\t\t\t<\/span>\n\t\t\t\t\t<\/a>\n\t\t\t\t\t\t\t\t<\/div>\n\t\t\t\t\t<\/div>\n\t\t<\/div>\n\t\t\t\t\t<\/div>\n\t\t<\/section>\n\t\t\t\t<section class=\"elementor-section elementor-top-section elementor-element elementor-element-3d57f180 elementor-section-boxed elementor-section-height-default elementor-section-height-default\" data-id=\"3d57f180\" data-element_type=\"section\" data-e-type=\"section\">\n\t\t\t\t\t\t<div class=\"elementor-container elementor-column-gap-default\">\n\t\t\t\t\t<div class=\"elementor-column elementor-col-100 elementor-top-column elementor-element elementor-element-47101eb\" data-id=\"47101eb\" data-element_type=\"column\" data-e-type=\"column\">\n\t\t\t<div class=\"elementor-widget-wrap elementor-element-populated\">\n\t\t\t\t\t\t<div class=\"elementor-element elementor-element-5453bf3b elementor-widget elementor-widget-heading\" data-id=\"5453bf3b\" data-element_type=\"widget\" data-e-type=\"widget\" data-widget_type=\"heading.default\">\n\t\t\t\t\t<h2 class=\"elementor-heading-title elementor-size-default\">Hemen Teklif Al<\/h2>\t\t\t\t<\/div>\n\t\t\t\t<div class=\"elementor-element elementor-element-27d13898 elementor-widget elementor-widget-shortcode\" data-id=\"27d13898\" data-element_type=\"widget\" data-e-type=\"widget\" data-widget_type=\"shortcode.default\">\n\t\t\t\t\t\t\t<div class=\"elementor-shortcode\">[contact-form-7 id=\"4\" title=\"Contact Form\"]<\/div>\n\t\t\t\t\t\t<\/div>\n\t\t\t\t\t<\/div>\n\t\t<\/div>\n\t\t\t\t\t<\/div>\n\t\t<\/section>\n\t\t\t\t<\/div>\n\t\t","protected":false},"excerpt":{"rendered":"<p>Sosyal Medya \u0130\u00e7erikleri | Filmeks Dijital \u00c7a\u011f\u0131n T\u00fcm Prod\u00fcksiyon \u0130htiya\u00e7lar\u0131 Tek Bir \u00c7at\u0131 Alt\u0131nda! Filmeks sosyal medya hesaplar\u0131n\u0131 g\u00fc\u00e7lendirecek ba\u015far\u0131l\u0131 film ve foto\u011fraf prod\u00fcksiyonlar\u0131n\u0131 sizler i\u00e7in \u00fcretiyor. Kaliteli foto\u011fraf \u00e7ekimleri, ba\u015far\u0131l\u0131 filmler ve hedef kitle analizlerinizi yaparak sosyal medya filmleri ve sosyal medya i\u00e7erik foto\u011fraf \u00e7ekimlerinizi ger\u00e7ekle\u015ftiriyor. Sosyal medya hesaplar\u0131n\u0131n en g\u00fc\u00e7l\u00fc silahlar\u0131 olan film [&hellip;]<\/p>\n","protected":false},"author":1,"featured_media":0,"parent":5600,"menu_order":5,"comment_status":"closed","ping_status":"closed","template":"","meta":{"footnotes":""},"class_list":["post-5564","page","type-page","status-publish","hentry"],"yoast_head":"<!-- This site is optimized with the Yoast SEO plugin v27.4 - https:\/\/yoast.com\/product\/yoast-seo-wordpress\/ -->\n<title>Sosyal Medya \u0130\u00e7erikleri - Filmeks<\/title>\n<meta name=\"robots\" content=\"index, follow, max-snippet:-1, max-image-preview:large, max-video-preview:-1\" \/>\n<link rel=\"canonical\" href=\"https:\/\/filmeks.com.tr\/en\/hizmetlerimiz\/sosyal-medya-icerikleri\/\" \/>\n<meta property=\"og:locale\" content=\"en_GB\" \/>\n<meta property=\"og:type\" content=\"article\" \/>\n<meta property=\"og:title\" content=\"Sosyal Medya \u0130\u00e7erikleri - Filmeks\" \/>\n<meta property=\"og:description\" content=\"Sosyal Medya \u0130\u00e7erikleri | Filmeks Dijital \u00c7a\u011f\u0131n T\u00fcm Prod\u00fcksiyon \u0130htiya\u00e7lar\u0131 Tek Bir \u00c7at\u0131 Alt\u0131nda! Filmeks sosyal medya hesaplar\u0131n\u0131 g\u00fc\u00e7lendirecek ba\u015far\u0131l\u0131 film ve foto\u011fraf prod\u00fcksiyonlar\u0131n\u0131 sizler i\u00e7in \u00fcretiyor. Kaliteli foto\u011fraf \u00e7ekimleri, ba\u015far\u0131l\u0131 filmler ve hedef kitle analizlerinizi yaparak sosyal medya filmleri ve sosyal medya i\u00e7erik foto\u011fraf \u00e7ekimlerinizi ger\u00e7ekle\u015ftiriyor. Sosyal medya hesaplar\u0131n\u0131n en g\u00fc\u00e7l\u00fc silahlar\u0131 olan film [&hellip;]\" \/>\n<meta property=\"og:url\" content=\"https:\/\/filmeks.com.tr\/en\/hizmetlerimiz\/sosyal-medya-icerikleri\/\" \/>\n<meta property=\"og:site_name\" content=\"Filmeks\" \/>\n<meta property=\"article:modified_time\" content=\"2021-01-16T23:58:10+00:00\" \/>\n<meta property=\"og:image\" content=\"http:\/\/filmeks.com.tr\/wp-content\/uploads\/2021\/01\/sosyal-medya-icerikleri.jpg\" \/>\n<meta name=\"twitter:card\" content=\"summary_large_image\" \/>\n<meta name=\"twitter:label1\" content=\"Estimated reading time\" \/>\n\t<meta name=\"twitter:data1\" content=\"1 minute\" \/>\n<script type=\"application\/ld+json\" class=\"yoast-schema-graph\">{\"@context\":\"https:\\\/\\\/schema.org\",\"@graph\":[{\"@type\":\"WebPage\",\"@id\":\"https:\\\/\\\/filmeks.com.tr\\\/hizmetlerimiz\\\/sosyal-medya-icerikleri\\\/\",\"url\":\"https:\\\/\\\/filmeks.com.tr\\\/hizmetlerimiz\\\/sosyal-medya-icerikleri\\\/\",\"name\":\"Sosyal Medya \u0130\u00e7erikleri - Filmeks\",\"isPartOf\":{\"@id\":\"https:\\\/\\\/filmeks.com.tr\\\/#website\"},\"primaryImageOfPage\":{\"@id\":\"https:\\\/\\\/filmeks.com.tr\\\/hizmetlerimiz\\\/sosyal-medya-icerikleri\\\/#primaryimage\"},\"image\":{\"@id\":\"https:\\\/\\\/filmeks.com.tr\\\/hizmetlerimiz\\\/sosyal-medya-icerikleri\\\/#primaryimage\"},\"thumbnailUrl\":\"http:\\\/\\\/filmeks.com.tr\\\/wp-content\\\/uploads\\\/2021\\\/01\\\/sosyal-medya-icerikleri.jpg\",\"datePublished\":\"2021-01-09T19:09:19+00:00\",\"dateModified\":\"2021-01-16T23:58:10+00:00\",\"breadcrumb\":{\"@id\":\"https:\\\/\\\/filmeks.com.tr\\\/hizmetlerimiz\\\/sosyal-medya-icerikleri\\\/#breadcrumb\"},\"inLanguage\":\"en-GB\",\"potentialAction\":[{\"@type\":\"ReadAction\",\"target\":[\"https:\\\/\\\/filmeks.com.tr\\\/hizmetlerimiz\\\/sosyal-medya-icerikleri\\\/\"]}]},{\"@type\":\"ImageObject\",\"inLanguage\":\"en-GB\",\"@id\":\"https:\\\/\\\/filmeks.com.tr\\\/hizmetlerimiz\\\/sosyal-medya-icerikleri\\\/#primaryimage\",\"url\":\"http:\\\/\\\/filmeks.com.tr\\\/wp-content\\\/uploads\\\/2021\\\/01\\\/sosyal-medya-icerikleri.jpg\",\"contentUrl\":\"http:\\\/\\\/filmeks.com.tr\\\/wp-content\\\/uploads\\\/2021\\\/01\\\/sosyal-medya-icerikleri.jpg\"},{\"@type\":\"BreadcrumbList\",\"@id\":\"https:\\\/\\\/filmeks.com.tr\\\/hizmetlerimiz\\\/sosyal-medya-icerikleri\\\/#breadcrumb\",\"itemListElement\":[{\"@type\":\"ListItem\",\"position\":1,\"name\":\"Home\",\"item\":\"https:\\\/\\\/filmeks.com.tr\\\/\"},{\"@type\":\"ListItem\",\"position\":2,\"name\":\"Hizmetlerimiz\",\"item\":\"https:\\\/\\\/filmeks.com.tr\\\/hizmetlerimiz\\\/\"},{\"@type\":\"ListItem\",\"position\":3,\"name\":\"Sosyal Medya \u0130\u00e7erikleri\"}]},{\"@type\":\"WebSite\",\"@id\":\"https:\\\/\\\/filmeks.com.tr\\\/#website\",\"url\":\"https:\\\/\\\/filmeks.com.tr\\\/\",\"name\":\"Filmeks\",\"description\":\"Kurumsal Tan\u0131t\u0131m Filmi\",\"publisher\":{\"@id\":\"https:\\\/\\\/filmeks.com.tr\\\/#organization\"},\"potentialAction\":[{\"@type\":\"SearchAction\",\"target\":{\"@type\":\"EntryPoint\",\"urlTemplate\":\"https:\\\/\\\/filmeks.com.tr\\\/?s={search_term_string}\"},\"query-input\":{\"@type\":\"PropertyValueSpecification\",\"valueRequired\":true,\"valueName\":\"search_term_string\"}}],\"inLanguage\":\"en-GB\"},{\"@type\":\"Organization\",\"@id\":\"https:\\\/\\\/filmeks.com.tr\\\/#organization\",\"name\":\"Filmeks\",\"url\":\"https:\\\/\\\/filmeks.com.tr\\\/\",\"logo\":{\"@type\":\"ImageObject\",\"inLanguage\":\"en-GB\",\"@id\":\"https:\\\/\\\/filmeks.com.tr\\\/#\\\/schema\\\/logo\\\/image\\\/\",\"url\":\"https:\\\/\\\/filmeks.com.tr\\\/wp-content\\\/uploads\\\/2020\\\/12\\\/cropped-cropped-filmeks-logo-tall-min.png\",\"contentUrl\":\"https:\\\/\\\/filmeks.com.tr\\\/wp-content\\\/uploads\\\/2020\\\/12\\\/cropped-cropped-filmeks-logo-tall-min.png\",\"width\":250,\"height\":99,\"caption\":\"Filmeks\"},\"image\":{\"@id\":\"https:\\\/\\\/filmeks.com.tr\\\/#\\\/schema\\\/logo\\\/image\\\/\"}}]}<\/script>\n<!-- \/ Yoast SEO plugin. -->","yoast_head_json":{"title":"Sosyal Medya \u0130\u00e7erikleri - Filmeks","robots":{"index":"index","follow":"follow","max-snippet":"max-snippet:-1","max-image-preview":"max-image-preview:large","max-video-preview":"max-video-preview:-1"},"canonical":"https:\/\/filmeks.com.tr\/en\/hizmetlerimiz\/sosyal-medya-icerikleri\/","og_locale":"en_GB","og_type":"article","og_title":"Sosyal Medya \u0130\u00e7erikleri - Filmeks","og_description":"Sosyal Medya \u0130\u00e7erikleri | Filmeks Dijital \u00c7a\u011f\u0131n T\u00fcm Prod\u00fcksiyon \u0130htiya\u00e7lar\u0131 Tek Bir \u00c7at\u0131 Alt\u0131nda! Filmeks sosyal medya hesaplar\u0131n\u0131 g\u00fc\u00e7lendirecek ba\u015far\u0131l\u0131 film ve foto\u011fraf prod\u00fcksiyonlar\u0131n\u0131 sizler i\u00e7in \u00fcretiyor. Kaliteli foto\u011fraf \u00e7ekimleri, ba\u015far\u0131l\u0131 filmler ve hedef kitle analizlerinizi yaparak sosyal medya filmleri ve sosyal medya i\u00e7erik foto\u011fraf \u00e7ekimlerinizi ger\u00e7ekle\u015ftiriyor. Sosyal medya hesaplar\u0131n\u0131n en g\u00fc\u00e7l\u00fc silahlar\u0131 olan film [&hellip;]","og_url":"https:\/\/filmeks.com.tr\/en\/hizmetlerimiz\/sosyal-medya-icerikleri\/","og_site_name":"Filmeks","article_modified_time":"2021-01-16T23:58:10+00:00","og_image":[{"url":"http:\/\/filmeks.com.tr\/wp-content\/uploads\/2021\/01\/sosyal-medya-icerikleri.jpg","type":"","width":"","height":""}],"twitter_card":"summary_large_image","twitter_misc":{"Estimated reading time":"1 minute"},"schema":{"@context":"https:\/\/schema.org","@graph":[{"@type":"WebPage","@id":"https:\/\/filmeks.com.tr\/hizmetlerimiz\/sosyal-medya-icerikleri\/","url":"https:\/\/filmeks.com.tr\/hizmetlerimiz\/sosyal-medya-icerikleri\/","name":"Sosyal Medya \u0130\u00e7erikleri - Filmeks","isPartOf":{"@id":"https:\/\/filmeks.com.tr\/#website"},"primaryImageOfPage":{"@id":"https:\/\/filmeks.com.tr\/hizmetlerimiz\/sosyal-medya-icerikleri\/#primaryimage"},"image":{"@id":"https:\/\/filmeks.com.tr\/hizmetlerimiz\/sosyal-medya-icerikleri\/#primaryimage"},"thumbnailUrl":"http:\/\/filmeks.com.tr\/wp-content\/uploads\/2021\/01\/sosyal-medya-icerikleri.jpg","datePublished":"2021-01-09T19:09:19+00:00","dateModified":"2021-01-16T23:58:10+00:00","breadcrumb":{"@id":"https:\/\/filmeks.com.tr\/hizmetlerimiz\/sosyal-medya-icerikleri\/#breadcrumb"},"inLanguage":"en-GB","potentialAction":[{"@type":"ReadAction","target":["https:\/\/filmeks.com.tr\/hizmetlerimiz\/sosyal-medya-icerikleri\/"]}]},{"@type":"ImageObject","inLanguage":"en-GB","@id":"https:\/\/filmeks.com.tr\/hizmetlerimiz\/sosyal-medya-icerikleri\/#primaryimage","url":"http:\/\/filmeks.com.tr\/wp-content\/uploads\/2021\/01\/sosyal-medya-icerikleri.jpg","contentUrl":"http:\/\/filmeks.com.tr\/wp-content\/uploads\/2021\/01\/sosyal-medya-icerikleri.jpg"},{"@type":"BreadcrumbList","@id":"https:\/\/filmeks.com.tr\/hizmetlerimiz\/sosyal-medya-icerikleri\/#breadcrumb","itemListElement":[{"@type":"ListItem","position":1,"name":"Home","item":"https:\/\/filmeks.com.tr\/"},{"@type":"ListItem","position":2,"name":"Hizmetlerimiz","item":"https:\/\/filmeks.com.tr\/hizmetlerimiz\/"},{"@type":"ListItem","position":3,"name":"Sosyal Medya \u0130\u00e7erikleri"}]},{"@type":"WebSite","@id":"https:\/\/filmeks.com.tr\/#website","url":"https:\/\/filmeks.com.tr\/","name":"Filmeks","description":"Kurumsal Tan\u0131t\u0131m Filmi","publisher":{"@id":"https:\/\/filmeks.com.tr\/#organization"},"potentialAction":[{"@type":"SearchAction","target":{"@type":"EntryPoint","urlTemplate":"https:\/\/filmeks.com.tr\/?s={search_term_string}"},"query-input":{"@type":"PropertyValueSpecification","valueRequired":true,"valueName":"search_term_string"}}],"inLanguage":"en-GB"},{"@type":"Organization","@id":"https:\/\/filmeks.com.tr\/#organization","name":"Filmeks","url":"https:\/\/filmeks.com.tr\/","logo":{"@type":"ImageObject","inLanguage":"en-GB","@id":"https:\/\/filmeks.com.tr\/#\/schema\/logo\/image\/","url":"https:\/\/filmeks.com.tr\/wp-content\/uploads\/2020\/12\/cropped-cropped-filmeks-logo-tall-min.png","contentUrl":"https:\/\/filmeks.com.tr\/wp-content\/uploads\/2020\/12\/cropped-cropped-filmeks-logo-tall-min.png","width":250,"height":99,"caption":"Filmeks"},"image":{"@id":"https:\/\/filmeks.com.tr\/#\/schema\/logo\/image\/"}}]}},"_links":{"self":[{"href":"https:\/\/filmeks.com.tr\/en\/wp-json\/wp\/v2\/pages\/5564","targetHints":{"allow":["GET"]}}],"collection":[{"href":"https:\/\/filmeks.com.tr\/en\/wp-json\/wp\/v2\/pages"}],"about":[{"href":"https:\/\/filmeks.com.tr\/en\/wp-json\/wp\/v2\/types\/page"}],"author":[{"embeddable":true,"href":"https:\/\/filmeks.com.tr\/en\/wp-json\/wp\/v2\/users\/1"}],"replies":[{"embeddable":true,"href":"https:\/\/filmeks.com.tr\/en\/wp-json\/wp\/v2\/comments?post=5564"}],"version-history":[{"count":13,"href":"https:\/\/filmeks.com.tr\/en\/wp-json\/wp\/v2\/pages\/5564\/revisions"}],"predecessor-version":[{"id":5942,"href":"https:\/\/filmeks.com.tr\/en\/wp-json\/wp\/v2\/pages\/5564\/revisions\/5942"}],"up":[{"embeddable":true,"href":"https:\/\/filmeks.com.tr\/en\/wp-json\/wp\/v2\/pages\/5600"}],"wp:attachment":[{"href":"https:\/\/filmeks.com.tr\/en\/wp-json\/wp\/v2\/media?parent=5564"}],"curies":[{"name":"wp","href":"https:\/\/api.w.org\/{rel}","templated":true}]}}