{"id":6416,"date":"2021-10-26T07:34:26","date_gmt":"2021-10-26T04:34:26","guid":{"rendered":"https:\/\/filmeks.com.tr\/?page_id=6416"},"modified":"2021-10-26T09:26:39","modified_gmt":"2021-10-26T06:26:39","slug":"basinda-biz","status":"publish","type":"page","link":"https:\/\/filmeks.com.tr\/en\/basinda-biz\/","title":{"rendered":"Bas\u0131nda Biz"},"content":{"rendered":"<div data-elementor-type=\"wp-page\" data-elementor-id=\"6416\" class=\"elementor elementor-6416\">\n\t\t\t\t\t\t<section class=\"elementor-section elementor-top-section elementor-element elementor-element-c94084e elementor-section-boxed elementor-section-height-default elementor-section-height-default\" data-id=\"c94084e\" data-element_type=\"section\" data-e-type=\"section\">\n\t\t\t\t\t\t<div class=\"elementor-container elementor-column-gap-default\">\n\t\t\t\t\t<div class=\"elementor-column elementor-col-33 elementor-top-column elementor-element elementor-element-8fe0bd2\" data-id=\"8fe0bd2\" data-element_type=\"column\" data-e-type=\"column\">\n\t\t\t<div class=\"elementor-widget-wrap elementor-element-populated\">\n\t\t\t\t\t\t<div class=\"elementor-element elementor-element-f68d015 elementor-position-top elementor-widget elementor-widget-image-box\" data-id=\"f68d015\" data-element_type=\"widget\" data-e-type=\"widget\" data-widget_type=\"image-box.default\">\n\t\t\t\t\t<div class=\"elementor-image-box-wrapper\"><figure class=\"elementor-image-box-img\"><a href=\"http:\/\/www.gazetekadikoy.com.tr\/kultur-sanat\/semtin-cevreci-genclerinden-2-0-belgeseli-h17750.html\" tabindex=\"-1\"><img fetchpriority=\"high\" decoding=\"async\" width=\"500\" height=\"281\" src=\"https:\/\/filmeks.com.tr\/wp-content\/uploads\/2021\/10\/basinda-biz-1.jpg\" class=\"elementor-animation-grow attachment-full size-full wp-image-6419\" alt=\"\" srcset=\"https:\/\/filmeks.com.tr\/wp-content\/uploads\/2021\/10\/basinda-biz-1.jpg 500w, https:\/\/filmeks.com.tr\/wp-content\/uploads\/2021\/10\/basinda-biz-1-300x169.jpg 300w, https:\/\/filmeks.com.tr\/wp-content\/uploads\/2021\/10\/basinda-biz-1-18x10.jpg 18w\" sizes=\"(max-width: 500px) 100vw, 500px\" \/><\/a><\/figure><div class=\"elementor-image-box-content\"><h2 class=\"elementor-image-box-title\"><a href=\"http:\/\/www.gazetekadikoy.com.tr\/kultur-sanat\/semtin-cevreci-genclerinden-2-0-belgeseli-h17750.html\">gazetekadikoy.com.tr<\/a><\/h2><p class=\"elementor-image-box-description\">Semtin \u00c7evreci Gen\u00e7lerinden \"2-0\" Belgeseli<\/p><\/div><\/div>\t\t\t\t<\/div>\n\t\t\t\t\t<\/div>\n\t\t<\/div>\n\t\t\t\t<div class=\"elementor-column elementor-col-33 elementor-top-column elementor-element elementor-element-af00cb2\" data-id=\"af00cb2\" data-element_type=\"column\" data-e-type=\"column\">\n\t\t\t<div class=\"elementor-widget-wrap elementor-element-populated\">\n\t\t\t\t\t\t<div class=\"elementor-element elementor-element-568ef55 elementor-position-top elementor-widget elementor-widget-image-box\" data-id=\"568ef55\" data-element_type=\"widget\" data-e-type=\"widget\" data-widget_type=\"image-box.default\">\n\t\t\t\t\t<div class=\"elementor-image-box-wrapper\"><figure class=\"elementor-image-box-img\"><a href=\"https:\/\/m.bianet.org\/bianet\/yasam\/245095-kadikoy-un-patronsuz-kurye-leri-2-0-da\" tabindex=\"-1\"><img decoding=\"async\" width=\"500\" height=\"281\" src=\"https:\/\/filmeks.com.tr\/wp-content\/uploads\/2021\/10\/basinda-biz-2.jpg\" class=\"elementor-animation-grow attachment-full size-full wp-image-6424\" alt=\"\" srcset=\"https:\/\/filmeks.com.tr\/wp-content\/uploads\/2021\/10\/basinda-biz-2.jpg 500w, https:\/\/filmeks.com.tr\/wp-content\/uploads\/2021\/10\/basinda-biz-2-300x169.jpg 300w, https:\/\/filmeks.com.tr\/wp-content\/uploads\/2021\/10\/basinda-biz-2-18x10.jpg 18w\" sizes=\"(max-width: 500px) 100vw, 500px\" \/><\/a><\/figure><div class=\"elementor-image-box-content\"><h2 class=\"elementor-image-box-title\"><a href=\"https:\/\/m.bianet.org\/bianet\/yasam\/245095-kadikoy-un-patronsuz-kurye-leri-2-0-da\">bianet.org<\/a><\/h2><p class=\"elementor-image-box-description\">Kad\u0131k\u00f6y\u2019\u00fcn \"Patronsuz Kurye\"leri \"2-0\"da<\/p><\/div><\/div>\t\t\t\t<\/div>\n\t\t\t\t\t<\/div>\n\t\t<\/div>\n\t\t\t\t<div class=\"elementor-column elementor-col-33 elementor-top-column elementor-element elementor-element-cfc3d23\" data-id=\"cfc3d23\" data-element_type=\"column\" data-e-type=\"column\">\n\t\t\t<div class=\"elementor-widget-wrap elementor-element-populated\">\n\t\t\t\t\t\t<div class=\"elementor-element elementor-element-209a47b elementor-position-top elementor-widget elementor-widget-image-box\" data-id=\"209a47b\" data-element_type=\"widget\" data-e-type=\"widget\" data-widget_type=\"image-box.default\">\n\t\t\t\t\t<div class=\"elementor-image-box-wrapper\"><figure class=\"elementor-image-box-img\"><a href=\"http:\/\/www.gazetekadikoy.com.tr\/kultur-sanat\/semtin-cevreci-genclerinden-2-0-belgeseli-h17750.html\" tabindex=\"-1\"><img decoding=\"async\" width=\"500\" height=\"281\" src=\"https:\/\/filmeks.com.tr\/wp-content\/uploads\/2021\/10\/basinda-biz-4.jpg\" class=\"elementor-animation-grow attachment-full size-full wp-image-6426\" alt=\"\" srcset=\"https:\/\/filmeks.com.tr\/wp-content\/uploads\/2021\/10\/basinda-biz-4.jpg 500w, https:\/\/filmeks.com.tr\/wp-content\/uploads\/2021\/10\/basinda-biz-4-300x169.jpg 300w, https:\/\/filmeks.com.tr\/wp-content\/uploads\/2021\/10\/basinda-biz-4-18x10.jpg 18w\" sizes=\"(max-width: 500px) 100vw, 500px\" \/><\/a><\/figure><div class=\"elementor-image-box-content\"><h2 class=\"elementor-image-box-title\"><a href=\"http:\/\/www.gazetekadikoy.com.tr\/kultur-sanat\/semtin-cevreci-genclerinden-2-0-belgeseli-h17750.html\">kutahya.gov.tr<\/a><\/h2><p class=\"elementor-image-box-description\">T\u00fcrkiye\u2019nin ilk antik kent k\u0131sa film festivali ba\u015flad\u0131!<\/p><\/div><\/div>\t\t\t\t<\/div>\n\t\t\t\t\t<\/div>\n\t\t<\/div>\n\t\t\t\t\t<\/div>\n\t\t<\/section>\n\t\t\t\t<section class=\"elementor-section elementor-top-section elementor-element elementor-element-dae4629 elementor-section-boxed elementor-section-height-default elementor-section-height-default\" data-id=\"dae4629\" data-element_type=\"section\" data-e-type=\"section\">\n\t\t\t\t\t\t<div class=\"elementor-container elementor-column-gap-default\">\n\t\t\t\t\t<div class=\"elementor-column elementor-col-33 elementor-top-column elementor-element elementor-element-d11cbdd\" data-id=\"d11cbdd\" data-element_type=\"column\" data-e-type=\"column\">\n\t\t\t<div class=\"elementor-widget-wrap elementor-element-populated\">\n\t\t\t\t\t\t<div class=\"elementor-element elementor-element-3ab457b elementor-position-top elementor-widget elementor-widget-image-box\" data-id=\"3ab457b\" data-element_type=\"widget\" data-e-type=\"widget\" data-widget_type=\"image-box.default\">\n\t\t\t\t\t<div class=\"elementor-image-box-wrapper\"><figure class=\"elementor-image-box-img\"><a href=\"https:\/\/www.amerikaninsesi.com\/a\/abdde-turk-film-festivali-sanal-ortamda-basladi\/5658723.html\" tabindex=\"-1\"><img loading=\"lazy\" decoding=\"async\" width=\"500\" height=\"281\" src=\"https:\/\/filmeks.com.tr\/wp-content\/uploads\/2021\/10\/basinda-biz-6.jpg\" class=\"elementor-animation-grow attachment-full size-full wp-image-6432\" alt=\"\" srcset=\"https:\/\/filmeks.com.tr\/wp-content\/uploads\/2021\/10\/basinda-biz-6.jpg 500w, https:\/\/filmeks.com.tr\/wp-content\/uploads\/2021\/10\/basinda-biz-6-300x169.jpg 300w, https:\/\/filmeks.com.tr\/wp-content\/uploads\/2021\/10\/basinda-biz-6-18x10.jpg 18w\" sizes=\"(max-width: 500px) 100vw, 500px\" \/><\/a><\/figure><div class=\"elementor-image-box-content\"><h2 class=\"elementor-image-box-title\"><a href=\"https:\/\/www.amerikaninsesi.com\/a\/abdde-turk-film-festivali-sanal-ortamda-basladi\/5658723.html\">amerikaninsesi.com<\/a><\/h2><p class=\"elementor-image-box-description\">ABD'de T\u00fcrk Film Festivali Sanal Ortamda Ba\u015flad\u0131<\/p><\/div><\/div>\t\t\t\t<\/div>\n\t\t\t\t\t<\/div>\n\t\t<\/div>\n\t\t\t\t<div class=\"elementor-column elementor-col-33 elementor-top-column elementor-element elementor-element-0e01f41\" data-id=\"0e01f41\" data-element_type=\"column\" data-e-type=\"column\">\n\t\t\t<div class=\"elementor-widget-wrap elementor-element-populated\">\n\t\t\t\t\t\t<div class=\"elementor-element elementor-element-3109c83 elementor-position-top elementor-widget elementor-widget-image-box\" data-id=\"3109c83\" data-element_type=\"widget\" data-e-type=\"widget\" data-widget_type=\"image-box.default\">\n\t\t\t\t\t<div class=\"elementor-image-box-wrapper\"><figure class=\"elementor-image-box-img\"><a href=\"https:\/\/www.beyazperde.com\/haberler\/filmler\/haberler-95705\/\" tabindex=\"-1\"><img loading=\"lazy\" decoding=\"async\" width=\"500\" height=\"281\" src=\"https:\/\/filmeks.com.tr\/wp-content\/uploads\/2021\/10\/basinda-biz-5.jpg\" class=\"elementor-animation-grow attachment-full size-full wp-image-6427\" alt=\"\" srcset=\"https:\/\/filmeks.com.tr\/wp-content\/uploads\/2021\/10\/basinda-biz-5.jpg 500w, https:\/\/filmeks.com.tr\/wp-content\/uploads\/2021\/10\/basinda-biz-5-300x169.jpg 300w, https:\/\/filmeks.com.tr\/wp-content\/uploads\/2021\/10\/basinda-biz-5-18x10.jpg 18w\" sizes=\"(max-width: 500px) 100vw, 500px\" \/><\/a><\/figure><div class=\"elementor-image-box-content\"><h2 class=\"elementor-image-box-title\"><a href=\"https:\/\/www.beyazperde.com\/haberler\/filmler\/haberler-95705\/\">beyazperde.com<\/a><\/h2><p class=\"elementor-image-box-description\">3. Uluslararas\u0131 Dostluk K\u0131sa Film Festivali Program\u0131<\/p><\/div><\/div>\t\t\t\t<\/div>\n\t\t\t\t\t<\/div>\n\t\t<\/div>\n\t\t\t\t<div class=\"elementor-column elementor-col-33 elementor-top-column elementor-element elementor-element-27e952d\" data-id=\"27e952d\" data-element_type=\"column\" data-e-type=\"column\">\n\t\t\t<div class=\"elementor-widget-wrap elementor-element-populated\">\n\t\t\t\t\t\t<div class=\"elementor-element elementor-element-3450b07 elementor-position-top elementor-widget elementor-widget-image-box\" data-id=\"3450b07\" data-element_type=\"widget\" data-e-type=\"widget\" data-widget_type=\"image-box.default\">\n\t\t\t\t\t<div class=\"elementor-image-box-wrapper\"><figure class=\"elementor-image-box-img\"><a href=\"https:\/\/www.bthaber.com\/degerli-ogretmenim-programi-git-gide-buyuyor\/\" tabindex=\"-1\"><img loading=\"lazy\" decoding=\"async\" width=\"500\" height=\"281\" src=\"https:\/\/filmeks.com.tr\/wp-content\/uploads\/2021\/10\/basinda-biz-3.jpg\" class=\"elementor-animation-grow attachment-full size-full wp-image-6425\" alt=\"\" srcset=\"https:\/\/filmeks.com.tr\/wp-content\/uploads\/2021\/10\/basinda-biz-3.jpg 500w, https:\/\/filmeks.com.tr\/wp-content\/uploads\/2021\/10\/basinda-biz-3-300x169.jpg 300w, https:\/\/filmeks.com.tr\/wp-content\/uploads\/2021\/10\/basinda-biz-3-18x10.jpg 18w\" sizes=\"(max-width: 500px) 100vw, 500px\" \/><\/a><\/figure><div class=\"elementor-image-box-content\"><h2 class=\"elementor-image-box-title\"><a href=\"https:\/\/www.bthaber.com\/degerli-ogretmenim-programi-git-gide-buyuyor\/\">bthaber.com<\/a><\/h2><p class=\"elementor-image-box-description\">\u2018De\u011ferli \u00d6\u011fretmenim Program\u0131\u2019 git gide b\u00fcy\u00fcyor<\/p><\/div><\/div>\t\t\t\t<\/div>\n\t\t\t\t\t<\/div>\n\t\t<\/div>\n\t\t\t\t\t<\/div>\n\t\t<\/section>\n\t\t\t\t<\/div>","protected":false},"excerpt":{"rendered":"<p>gazetekadikoy.com.tr Semtin \u00c7evreci Gen\u00e7lerinden &#8220;2-0&#8221; Belgeseli bianet.org Kad\u0131k\u00f6y\u2019\u00fcn &#8220;Patronsuz Kurye&#8221;leri &#8220;2-0&#8243;da kutahya.gov.tr T\u00fcrkiye\u2019nin ilk antik kent k\u0131sa film festivali ba\u015flad\u0131! amerikaninsesi.com ABD&#8217;de T\u00fcrk Film Festivali Sanal Ortamda Ba\u015flad\u0131 beyazperde.com 3. Uluslararas\u0131 Dostluk K\u0131sa Film Festivali Program\u0131 bthaber.com \u2018De\u011ferli \u00d6\u011fretmenim Program\u0131\u2019 git gide b\u00fcy\u00fcyor<\/p>","protected":false},"author":1,"featured_media":0,"parent":0,"menu_order":0,"comment_status":"closed","ping_status":"closed","template":"","meta":{"footnotes":""},"class_list":["post-6416","page","type-page","status-publish","hentry"],"yoast_head":"<!-- This site is optimized with the Yoast SEO plugin v27.4 - https:\/\/yoast.com\/product\/yoast-seo-wordpress\/ -->\n<title>Bas\u0131nda Biz - Filmeks<\/title>\n<meta name=\"robots\" content=\"index, follow, max-snippet:-1, max-image-preview:large, max-video-preview:-1\" \/>\n<link rel=\"canonical\" href=\"https:\/\/filmeks.com.tr\/en\/basinda-biz\/\" \/>\n<meta property=\"og:locale\" content=\"en_GB\" \/>\n<meta property=\"og:type\" content=\"article\" \/>\n<meta property=\"og:title\" content=\"Bas\u0131nda Biz - Filmeks\" \/>\n<meta property=\"og:description\" content=\"gazetekadikoy.com.tr Semtin \u00c7evreci Gen\u00e7lerinden &#8220;2-0&#8221; Belgeseli bianet.org Kad\u0131k\u00f6y\u2019\u00fcn &#8220;Patronsuz Kurye&#8221;leri &#8220;2-0&#8243;da kutahya.gov.tr T\u00fcrkiye\u2019nin ilk antik kent k\u0131sa film festivali ba\u015flad\u0131! amerikaninsesi.com ABD&#8217;de T\u00fcrk Film Festivali Sanal Ortamda Ba\u015flad\u0131 beyazperde.com 3. Uluslararas\u0131 Dostluk K\u0131sa Film Festivali Program\u0131 bthaber.com \u2018De\u011ferli \u00d6\u011fretmenim Program\u0131\u2019 git gide b\u00fcy\u00fcyor\" \/>\n<meta property=\"og:url\" content=\"https:\/\/filmeks.com.tr\/en\/basinda-biz\/\" \/>\n<meta property=\"og:site_name\" content=\"Filmeks\" \/>\n<meta property=\"article:modified_time\" content=\"2021-10-26T06:26:39+00:00\" \/>\n<meta property=\"og:image\" content=\"http:\/\/filmeks.com.tr\/wp-content\/uploads\/2021\/10\/basinda-biz-1.jpg\" \/>\n<meta name=\"twitter:card\" content=\"summary_large_image\" \/>\n<script type=\"application\/ld+json\" class=\"yoast-schema-graph\">{\"@context\":\"https:\\\/\\\/schema.org\",\"@graph\":[{\"@type\":\"WebPage\",\"@id\":\"https:\\\/\\\/filmeks.com.tr\\\/basinda-biz\\\/\",\"url\":\"https:\\\/\\\/filmeks.com.tr\\\/basinda-biz\\\/\",\"name\":\"Bas\u0131nda Biz - Filmeks\",\"isPartOf\":{\"@id\":\"https:\\\/\\\/filmeks.com.tr\\\/#website\"},\"primaryImageOfPage\":{\"@id\":\"https:\\\/\\\/filmeks.com.tr\\\/basinda-biz\\\/#primaryimage\"},\"image\":{\"@id\":\"https:\\\/\\\/filmeks.com.tr\\\/basinda-biz\\\/#primaryimage\"},\"thumbnailUrl\":\"http:\\\/\\\/filmeks.com.tr\\\/wp-content\\\/uploads\\\/2021\\\/10\\\/basinda-biz-1.jpg\",\"datePublished\":\"2021-10-26T04:34:26+00:00\",\"dateModified\":\"2021-10-26T06:26:39+00:00\",\"breadcrumb\":{\"@id\":\"https:\\\/\\\/filmeks.com.tr\\\/basinda-biz\\\/#breadcrumb\"},\"inLanguage\":\"en-GB\",\"potentialAction\":[{\"@type\":\"ReadAction\",\"target\":[\"https:\\\/\\\/filmeks.com.tr\\\/basinda-biz\\\/\"]}]},{\"@type\":\"ImageObject\",\"inLanguage\":\"en-GB\",\"@id\":\"https:\\\/\\\/filmeks.com.tr\\\/basinda-biz\\\/#primaryimage\",\"url\":\"http:\\\/\\\/filmeks.com.tr\\\/wp-content\\\/uploads\\\/2021\\\/10\\\/basinda-biz-1.jpg\",\"contentUrl\":\"http:\\\/\\\/filmeks.com.tr\\\/wp-content\\\/uploads\\\/2021\\\/10\\\/basinda-biz-1.jpg\"},{\"@type\":\"BreadcrumbList\",\"@id\":\"https:\\\/\\\/filmeks.com.tr\\\/basinda-biz\\\/#breadcrumb\",\"itemListElement\":[{\"@type\":\"ListItem\",\"position\":1,\"name\":\"Home\",\"item\":\"https:\\\/\\\/filmeks.com.tr\\\/\"},{\"@type\":\"ListItem\",\"position\":2,\"name\":\"Bas\u0131nda Biz\"}]},{\"@type\":\"WebSite\",\"@id\":\"https:\\\/\\\/filmeks.com.tr\\\/#website\",\"url\":\"https:\\\/\\\/filmeks.com.tr\\\/\",\"name\":\"Filmeks\",\"description\":\"Kurumsal Tan\u0131t\u0131m Filmi\",\"publisher\":{\"@id\":\"https:\\\/\\\/filmeks.com.tr\\\/#organization\"},\"potentialAction\":[{\"@type\":\"SearchAction\",\"target\":{\"@type\":\"EntryPoint\",\"urlTemplate\":\"https:\\\/\\\/filmeks.com.tr\\\/?s={search_term_string}\"},\"query-input\":{\"@type\":\"PropertyValueSpecification\",\"valueRequired\":true,\"valueName\":\"search_term_string\"}}],\"inLanguage\":\"en-GB\"},{\"@type\":\"Organization\",\"@id\":\"https:\\\/\\\/filmeks.com.tr\\\/#organization\",\"name\":\"Filmeks\",\"url\":\"https:\\\/\\\/filmeks.com.tr\\\/\",\"logo\":{\"@type\":\"ImageObject\",\"inLanguage\":\"en-GB\",\"@id\":\"https:\\\/\\\/filmeks.com.tr\\\/#\\\/schema\\\/logo\\\/image\\\/\",\"url\":\"https:\\\/\\\/filmeks.com.tr\\\/wp-content\\\/uploads\\\/2020\\\/12\\\/cropped-cropped-filmeks-logo-tall-min.png\",\"contentUrl\":\"https:\\\/\\\/filmeks.com.tr\\\/wp-content\\\/uploads\\\/2020\\\/12\\\/cropped-cropped-filmeks-logo-tall-min.png\",\"width\":250,\"height\":99,\"caption\":\"Filmeks\"},\"image\":{\"@id\":\"https:\\\/\\\/filmeks.com.tr\\\/#\\\/schema\\\/logo\\\/image\\\/\"}}]}<\/script>\n<!-- \/ Yoast SEO plugin. -->","yoast_head_json":{"title":"Bas\u0131nda Biz - Filmeks","robots":{"index":"index","follow":"follow","max-snippet":"max-snippet:-1","max-image-preview":"max-image-preview:large","max-video-preview":"max-video-preview:-1"},"canonical":"https:\/\/filmeks.com.tr\/en\/basinda-biz\/","og_locale":"en_GB","og_type":"article","og_title":"Bas\u0131nda Biz - Filmeks","og_description":"gazetekadikoy.com.tr Semtin \u00c7evreci Gen\u00e7lerinden &#8220;2-0&#8221; Belgeseli bianet.org Kad\u0131k\u00f6y\u2019\u00fcn &#8220;Patronsuz Kurye&#8221;leri &#8220;2-0&#8243;da kutahya.gov.tr T\u00fcrkiye\u2019nin ilk antik kent k\u0131sa film festivali ba\u015flad\u0131! amerikaninsesi.com ABD&#8217;de T\u00fcrk Film Festivali Sanal Ortamda Ba\u015flad\u0131 beyazperde.com 3. Uluslararas\u0131 Dostluk K\u0131sa Film Festivali Program\u0131 bthaber.com \u2018De\u011ferli \u00d6\u011fretmenim Program\u0131\u2019 git gide b\u00fcy\u00fcyor","og_url":"https:\/\/filmeks.com.tr\/en\/basinda-biz\/","og_site_name":"Filmeks","article_modified_time":"2021-10-26T06:26:39+00:00","og_image":[{"url":"http:\/\/filmeks.com.tr\/wp-content\/uploads\/2021\/10\/basinda-biz-1.jpg","type":"","width":"","height":""}],"twitter_card":"summary_large_image","schema":{"@context":"https:\/\/schema.org","@graph":[{"@type":"WebPage","@id":"https:\/\/filmeks.com.tr\/basinda-biz\/","url":"https:\/\/filmeks.com.tr\/basinda-biz\/","name":"Bas\u0131nda Biz - Filmeks","isPartOf":{"@id":"https:\/\/filmeks.com.tr\/#website"},"primaryImageOfPage":{"@id":"https:\/\/filmeks.com.tr\/basinda-biz\/#primaryimage"},"image":{"@id":"https:\/\/filmeks.com.tr\/basinda-biz\/#primaryimage"},"thumbnailUrl":"http:\/\/filmeks.com.tr\/wp-content\/uploads\/2021\/10\/basinda-biz-1.jpg","datePublished":"2021-10-26T04:34:26+00:00","dateModified":"2021-10-26T06:26:39+00:00","breadcrumb":{"@id":"https:\/\/filmeks.com.tr\/basinda-biz\/#breadcrumb"},"inLanguage":"en-GB","potentialAction":[{"@type":"ReadAction","target":["https:\/\/filmeks.com.tr\/basinda-biz\/"]}]},{"@type":"ImageObject","inLanguage":"en-GB","@id":"https:\/\/filmeks.com.tr\/basinda-biz\/#primaryimage","url":"http:\/\/filmeks.com.tr\/wp-content\/uploads\/2021\/10\/basinda-biz-1.jpg","contentUrl":"http:\/\/filmeks.com.tr\/wp-content\/uploads\/2021\/10\/basinda-biz-1.jpg"},{"@type":"BreadcrumbList","@id":"https:\/\/filmeks.com.tr\/basinda-biz\/#breadcrumb","itemListElement":[{"@type":"ListItem","position":1,"name":"Home","item":"https:\/\/filmeks.com.tr\/"},{"@type":"ListItem","position":2,"name":"Bas\u0131nda Biz"}]},{"@type":"WebSite","@id":"https:\/\/filmeks.com.tr\/#website","url":"https:\/\/filmeks.com.tr\/","name":"Filmeks","description":"Kurumsal Tan\u0131t\u0131m Filmi","publisher":{"@id":"https:\/\/filmeks.com.tr\/#organization"},"potentialAction":[{"@type":"SearchAction","target":{"@type":"EntryPoint","urlTemplate":"https:\/\/filmeks.com.tr\/?s={search_term_string}"},"query-input":{"@type":"PropertyValueSpecification","valueRequired":true,"valueName":"search_term_string"}}],"inLanguage":"en-GB"},{"@type":"Organization","@id":"https:\/\/filmeks.com.tr\/#organization","name":"Filmeks","url":"https:\/\/filmeks.com.tr\/","logo":{"@type":"ImageObject","inLanguage":"en-GB","@id":"https:\/\/filmeks.com.tr\/#\/schema\/logo\/image\/","url":"https:\/\/filmeks.com.tr\/wp-content\/uploads\/2020\/12\/cropped-cropped-filmeks-logo-tall-min.png","contentUrl":"https:\/\/filmeks.com.tr\/wp-content\/uploads\/2020\/12\/cropped-cropped-filmeks-logo-tall-min.png","width":250,"height":99,"caption":"Filmeks"},"image":{"@id":"https:\/\/filmeks.com.tr\/#\/schema\/logo\/image\/"}}]}},"_links":{"self":[{"href":"https:\/\/filmeks.com.tr\/en\/wp-json\/wp\/v2\/pages\/6416","targetHints":{"allow":["GET"]}}],"collection":[{"href":"https:\/\/filmeks.com.tr\/en\/wp-json\/wp\/v2\/pages"}],"about":[{"href":"https:\/\/filmeks.com.tr\/en\/wp-json\/wp\/v2\/types\/page"}],"author":[{"embeddable":true,"href":"https:\/\/filmeks.com.tr\/en\/wp-json\/wp\/v2\/users\/1"}],"replies":[{"embeddable":true,"href":"https:\/\/filmeks.com.tr\/en\/wp-json\/wp\/v2\/comments?post=6416"}],"version-history":[{"count":10,"href":"https:\/\/filmeks.com.tr\/en\/wp-json\/wp\/v2\/pages\/6416\/revisions"}],"predecessor-version":[{"id":6435,"href":"https:\/\/filmeks.com.tr\/en\/wp-json\/wp\/v2\/pages\/6416\/revisions\/6435"}],"wp:attachment":[{"href":"https:\/\/filmeks.com.tr\/en\/wp-json\/wp\/v2\/media?parent=6416"}],"curies":[{"name":"wp","href":"https:\/\/api.w.org\/{rel}","templated":true}]}}